{"id":787,"date":"2021-02-28T12:23:46","date_gmt":"2021-02-28T11:23:46","guid":{"rendered":"http:\/\/www.cerpeg.fr\/bcpmcv\/?page_id=787"},"modified":"2021-06-22T16:36:33","modified_gmt":"2021-06-22T14:36:33","slug":"epreuves-dexamen","status":"publish","type":"page","link":"https:\/\/www.cerpeg.fr\/bcpaccueil\/epreuves-dexamen\/","title":{"rendered":"\u00c9preuves d&rsquo;examen (statut scolaire)"},"content":{"rendered":"\n<p><em>Candidats sous statut scolaire dans un \u00e9tablissement public ou priv\u00e9 sous contrat<\/em><\/p>\n\n\n<figure class=\"wp-block-table\">\n<table style=\"width: 98.1046%; height: 814px;\">\n<tbody>\n<tr style=\"height: 37px;\">\n<td style=\"width: 66.6666%; height: 53px; text-align: center; background-color: #72c3f2;\"><span style=\"color: #ffffff; font-size: 24px;\"><strong>\u00c9preuves<\/strong><\/span><\/td>\n<td style=\"width: 10.8169%; height: 53px; text-align: center; background-color: #72c3f2;\"><span style=\"color: #ffffff; font-size: 24px;\"><strong>Coef.<\/strong><\/span><\/td>\n<td style=\"width: 9.07513%; height: 53px; text-align: center; background-color: #72c3f2;\"><span style=\"color: #ffffff; font-size: 24px;\"><strong>Mode<\/strong><\/span><\/td>\n<td style=\"width: 11.2077%; height: 53px; text-align: center; background-color: #72c3f2;\"><span style=\"color: #ffffff; font-size: 24px;\"><strong>Dur\u00e9e<\/strong><\/span><\/td>\n<\/tr>\n<tr style=\"height: 37px;\">\n<td style=\"width: 66.6666%; height: 37px;\"><strong>E1 \u00c9preuve scientifique et technique<\/strong><\/td>\n<td style=\"width: 10.8169%; height: 37px; text-align: center;\"><strong>2<\/strong><\/td>\n<td style=\"width: 9.07513%; height: 37px; text-align: center;\">\u00a0<\/td>\n<td style=\"width: 11.2077%; height: 37px; text-align: center;\">\u00a0<\/td>\n<\/tr>\n<tr style=\"height: 37px;\">\n<td style=\"width: 66.6666%; height: 37px; padding-left: 40px;\">E11 : \u00c9conomie-droit**<\/td>\n<td style=\"width: 10.8169%; height: 37px; text-align: center;\">1<\/td>\n<td style=\"width: 9.07513%; height: 37px; text-align: center;\">Ponctuel<br \/>\u00e9crit<\/td>\n<td style=\"width: 11.2077%; height: 37px; text-align: center;\">2 h<\/td>\n<\/tr>\n<tr style=\"height: 37px;\">\n<td style=\"width: 66.6666%; height: 37px; padding-left: 40px;\">E12 : Math\u00e9matiques<\/td>\n<td style=\"width: 10.8169%; height: 37px; text-align: center;\">1<\/td>\n<td style=\"width: 9.07513%; height: 37px; text-align: center;\">CCF<\/td>\n<td style=\"width: 11.2077%; height: 37px; text-align: center;\">\u00a0<\/td>\n<\/tr>\n<tr style=\"height: 37px;\">\n<td style=\"width: 66.6666%; height: 37px;\"><strong>E2 Analyse de situations professionnelles li\u00e9es \u00e0 la relation commerciale<br \/><\/strong><\/td>\n<td style=\"width: 10.8169%; height: 37px; text-align: center;\">4<\/td>\n<td style=\"width: 9.07513%; height: 37px; text-align: center;\">Ponctuel \u00e9crit<\/td>\n<td style=\"width: 11.2077%; height: 37px; text-align: center;\">3 h<\/td>\n<\/tr>\n<tr style=\"height: 37px;\">\n<td style=\"width: 66.6666%; height: 37px;\"><strong>E3 Pratiques professionnelles li\u00e9es \u00e0 l\u2019accueil<br \/><\/strong><\/td>\n<td style=\"width: 10.8169%; text-align: center; height: 37px;\"><strong>9<\/strong><\/td>\n<td style=\"width: 9.07513%; text-align: center; height: 37px;\">\u00a0<\/td>\n<td style=\"width: 11.2077%; text-align: center; height: 37px;\">\u00a0<\/td>\n<\/tr>\n<tr style=\"height: 37px;\">\n<td style=\"width: 66.6666%; height: 37px; padding-left: 40px;\">E31 : Gestion de l\u2019accueil multicanal<\/td>\n<td style=\"width: 10.8169%; height: 37px; text-align: center;\">4<\/td>\n<td style=\"width: 9.07513%; height: 37px; text-align: center;\">CCF<\/td>\n<td style=\"width: 11.2077%; height: 37px; text-align: center;\">\u00a0<\/td>\n<\/tr>\n<tr style=\"height: 37px;\">\n<td style=\"width: 66.6666%; height: 37px; padding-left: 40px;\">E32 : Gestion de l\u2019information et des prestations<\/td>\n<td style=\"width: 10.8169%; height: 37px; text-align: center;\">4<\/td>\n<td style=\"width: 9.07513%; height: 37px; text-align: center;\">CCF<\/td>\n<td style=\"width: 11.2077%; height: 37px; text-align: center;\">\u00a0<\/td>\n<\/tr>\n<tr style=\"height: 37px;\">\n<td style=\"width: 66.6666%; height: 37px; padding-left: 40px;\">E33 : Pr\u00e9vention sant\u00e9 environnement<\/td>\n<td style=\"width: 10.8169%; height: 37px; text-align: center;\">1<\/td>\n<td style=\"width: 9.07513%; height: 37px; text-align: center;\">Ponctuel \u00e9crit<\/td>\n<td style=\"width: 11.2077%; height: 37px; text-align: center;\">2 h<\/td>\n<\/tr>\n<tr style=\"height: 37px;\">\n<td style=\"width: 66.6666%; height: 37px;\"><strong>E4 \u00c9preuves de langue vivante<\/strong><\/td>\n<td style=\"width: 10.8169%; height: 37px; text-align: center;\"><strong>4<\/strong><\/td>\n<td style=\"width: 9.07513%; height: 37px; text-align: center;\">\u00a0<\/td>\n<td style=\"width: 11.2077%; height: 37px; text-align: center;\">\u00a0<\/td>\n<\/tr>\n<tr style=\"height: 37px;\">\n<td style=\"width: 66.6666%; padding-left: 40px; height: 37px;\">E41 Langue vivante 1<\/td>\n<td style=\"width: 10.8169%; height: 37px; text-align: center;\">2<\/td>\n<td style=\"width: 9.07513%; height: 37px; text-align: center;\">CCF<\/td>\n<td style=\"width: 11.2077%; height: 37px; text-align: center;\">\u00a0<\/td>\n<\/tr>\n<tr style=\"height: 37px;\">\n<td style=\"width: 66.6666%; padding-left: 40px; height: 37px;\">E42 Langue vivante 2<\/td>\n<td style=\"width: 10.8169%; height: 37px; text-align: center;\">2<\/td>\n<td style=\"width: 9.07513%; height: 37px; text-align: center;\">CCF<\/td>\n<td style=\"width: 11.2077%; height: 37px; text-align: center;\">\u00a0<\/td>\n<\/tr>\n<tr style=\"height: 58px;\">\n<td style=\"width: 66.6666%; height: 58px;\"><strong>E5 \u00c9preuve de fran\u00e7ais, histoire g\u00e9ographie et enseignement moral et civique<\/strong><\/td>\n<td style=\"width: 10.8169%; height: 58px; text-align: center;\"><strong>5<\/strong><\/td>\n<td style=\"width: 9.07513%; height: 58px; text-align: center;\">\u00a0<\/td>\n<td style=\"width: 11.2077%; height: 58px; text-align: center;\">\u00a0<\/td>\n<\/tr>\n<tr style=\"height: 37px;\">\n<td style=\"width: 66.6666%; height: 37px; padding-left: 40px;\">E51 : Fran\u00e7ais<\/td>\n<td style=\"width: 10.8169%; height: 37px; text-align: center;\">2,5<\/td>\n<td style=\"width: 9.07513%; height: 37px; text-align: center;\">Ponctuel \u00e9crit<\/td>\n<td style=\"width: 11.2077%; height: 37px; text-align: center;\">3 h<\/td>\n<\/tr>\n<tr style=\"height: 37px;\">\n<td style=\"width: 66.6666%; padding-left: 40px; height: 37px;\">E52 : Histoire g\u00e9ographie et enseignement moral et civique<\/td>\n<td style=\"width: 10.8169%; height: 37px; text-align: center;\">2,5<\/td>\n<td style=\"width: 9.07513%; height: 37px; text-align: center;\">Ponctuel \u00e9crit<\/td>\n<td style=\"width: 11.2077%; height: 37px; text-align: center;\">2 h 30<\/td>\n<\/tr>\n<tr style=\"height: 37px;\">\n<td style=\"width: 66.6666%; height: 37px;\"><strong>E6 \u00c9preuve d\u2019arts appliqu\u00e9s et cultures artistiques<\/strong><\/td>\n<td style=\"width: 10.8169%; height: 37px; text-align: center;\">1<\/td>\n<td style=\"width: 9.07513%; height: 37px; text-align: center;\">CCF<\/td>\n<td style=\"width: 11.2077%; height: 37px; text-align: center;\">\u00a0<\/td>\n<\/tr>\n<tr style=\"height: 37px;\">\n<td style=\"width: 66.6666%; height: 37px;\"><strong>E7 \u00c9preuve d\u2019\u00e9ducation physique et sportive<\/strong><\/td>\n<td style=\"width: 10.8169%; height: 37px; text-align: center;\">1<\/td>\n<td style=\"width: 9.07513%; height: 37px; text-align: center;\">CCF<\/td>\n<td style=\"width: 11.2077%; height: 37px; text-align: center;\">\u00a0<\/td>\n<\/tr>\n<tr style=\"height: 37px;\">\n<td style=\"width: 66.6666%; height: 37px;\"><strong>\u00c9preuves facultatives (3)<\/strong><\/td>\n<td style=\"width: 10.8169%; height: 37px; text-align: center;\">\u00a0<\/td>\n<td style=\"width: 9.07513%; height: 37px; text-align: center;\">Ponctuel<br \/>oral<\/td>\n<td style=\"width: 11.2077%; height: 37px; text-align: center;\">20 min<\/td>\n<\/tr>\n<\/tbody>\n<\/table>\n<\/figure>\n\n\n<p><span style=\"font-size: 14px;\">(3) <em>La langue vivante choisie au titre de l\u2019\u00e9preuve facultative est obligatoirement diff\u00e9rente de celle choisie au titre de l\u2019\u00e9preuve obligatoire. Seuls les points exc\u00e9dant 10 sont pris en compte pour le calcul de la moyenne g\u00e9n\u00e9rale en vue de l\u2019obtention du dipl\u00f4me et de l\u2019attribution d\u2019une mention<\/em><\/span><\/p>\n<p><em>(***) Modification de la dur\u00e9e \u00e0 partir de la session 2022 &#8211; Dur\u00e9e 2 h<\/em><\/p>\n","protected":false},"excerpt":{"rendered":"<p>Candidats sous statut scolaire dans un \u00e9tablissement public ou priv\u00e9 sous contrat \u00c9preuves Coef. Mode Dur\u00e9e E1 \u00c9preuve scientifique et technique 2 \u00a0 \u00a0 E11 : \u00c9conomie-droit** 1 Ponctuel\u00e9crit 2 h E12 : Math\u00e9matiques 1 CCF \u00a0 E2 Analyse de situations professionnelles li\u00e9es \u00e0 la relation commerciale 4 Ponctuel \u00e9crit 3 h E3 Pratiques professionnelles [&hellip;]<\/p>\n","protected":false},"author":1,"featured_media":0,"parent":0,"menu_order":0,"comment_status":"closed","ping_status":"closed","template":"","meta":{"footnotes":""},"_links":{"self":[{"href":"https:\/\/www.cerpeg.fr\/bcpaccueil\/wp-json\/wp\/v2\/pages\/787"}],"collection":[{"href":"https:\/\/www.cerpeg.fr\/bcpaccueil\/wp-json\/wp\/v2\/pages"}],"about":[{"href":"https:\/\/www.cerpeg.fr\/bcpaccueil\/wp-json\/wp\/v2\/types\/page"}],"author":[{"embeddable":true,"href":"https:\/\/www.cerpeg.fr\/bcpaccueil\/wp-json\/wp\/v2\/users\/1"}],"replies":[{"embeddable":true,"href":"https:\/\/www.cerpeg.fr\/bcpaccueil\/wp-json\/wp\/v2\/comments?post=787"}],"version-history":[{"count":4,"href":"https:\/\/www.cerpeg.fr\/bcpaccueil\/wp-json\/wp\/v2\/pages\/787\/revisions"}],"predecessor-version":[{"id":1062,"href":"https:\/\/www.cerpeg.fr\/bcpaccueil\/wp-json\/wp\/v2\/pages\/787\/revisions\/1062"}],"wp:attachment":[{"href":"https:\/\/www.cerpeg.fr\/bcpaccueil\/wp-json\/wp\/v2\/media?parent=787"}],"curies":[{"name":"wp","href":"https:\/\/api.w.org\/{rel}","templated":true}]}}