{"id":989,"date":"2021-05-31T15:01:54","date_gmt":"2021-05-31T13:01:54","guid":{"rendered":"http:\/\/www.cerpeg.fr\/bcpaccueil\/?page_id=989"},"modified":"2021-05-31T15:06:10","modified_gmt":"2021-05-31T13:06:10","slug":"e2-analyse-de-situations-professionnelles-liees-a-la-relation-commerciale","status":"publish","type":"page","link":"https:\/\/www.cerpeg.fr\/bcpaccueil\/e2-analyse-de-situations-professionnelles-liees-a-la-relation-commerciale\/","title":{"rendered":"E2 &#8211; Analyse de situations professionnelles li\u00e9es \u00e0 la relation commerciale"},"content":{"rendered":"\n\n\n<h4 class=\"wp-block-heading\">Coefficient : 4<\/h4>\n\n\n\n<h2 class=\"wp-block-heading\"><span style=\"color:#0693e3\" class=\"tadv-color\">Finalit\u00e9s de l&rsquo;\u00e9preuve<\/span><\/h2>\n\n\n\n<p>Cette \u00e9preuve vise \u00e0 \u00e9valuer l&rsquo;aptitude du candidat \u00e0 l\u2019analyse professionnelle relative \u00e0 la relation commerciale dans les m\u00e9tiers de l\u2019accueil et mettre en \u0153uvre ses comp\u00e9tences pour r\u00e9soudre une probl\u00e9matique professionnelle ou r\u00e9pondre \u00e0 des questions relatives \u00e0 une ou plusieurs situation(s)professionnelle(s).<\/p>\n\n\n\n<h3 class=\"wp-block-heading\">Contenu<\/h3>\n\n\n\n<p>Cette \u00e9preuve porte sur les comp\u00e9tences et savoirs associ\u00e9s du bloc de comp\u00e9tences 3.<\/p>\n\n\n\n<h3 class=\"wp-block-heading\">Crit\u00e8res d&rsquo;\u00e9valuation<\/h3>\n\n\n\n<p>L\u2019\u00e9valuation, sous forme ponctuelle ou en contr\u00f4le en cours de formation, se fonde sur les crit\u00e8res du r\u00e9f\u00e9rentiel de certification du bloc de comp\u00e9tences 3, G\u00e9rer la relation commerciale.<\/p>\n\n\n\n<h4 class=\"wp-block-heading\">Pour contribuer au d\u00e9veloppement de la relation commerciale:<\/h4>\n\n\n\n<ul><li>Les supports ad\u00e9quats sont rep\u00e9r\u00e9s.<\/li><li>Les caract\u00e9ristiques des produits et services sont rep\u00e9r\u00e9es et valoris\u00e9es.-Les \u00e9volutions technologiques, environnementales, \u00e9conomiques et sociologiques du march\u00e9 sont rep\u00e9r\u00e9es.<\/li><li>Le positionnement de l\u2019organisation sur le march\u00e9 est identifi\u00e9.<\/li><li>Le syst\u00e8me d\u2019information est enrichi<\/li><\/ul>\n\n\n\n<h4 class=\"wp-block-heading\">Pour satisfaire et fid\u00e9liser le public :<\/h4>\n\n\n\n<ul><li>Le questionnement, les \u00e9changes, les reformulations permettent d\u2019identifier clairement le besoin du client.<\/li><li>Les \u00e9changes et la coop\u00e9ration avec le client permettent de proposer une offre adapt\u00e9e.<\/li><li>La relation commerciale est concr\u00e9tis\u00e9e.-Les motifs de satisfaction et d\u2019insatisfaction sont recens\u00e9s et mis en \u00e9vidence. <\/li><li>Les actions de fid\u00e9lisation sont pertinentes et leur suivi permet la p\u00e9rennisation de la relation.<\/li><\/ul>\n\n\n\n<h4 class=\"wp-block-heading\">Pour g\u00e9rer les r\u00e9clamations :<\/h4>\n\n\n\n<ul><li>L\u2019\u00e9coute et les \u00e9changes permettent de comprendre les r\u00e9clamations.<\/li><li>Les motifs sont clairement identifi\u00e9s.<\/li><li>Une solution adapt\u00e9e clairement expliqu\u00e9e permet d\u2019apporter une r\u00e9ponse pertinente.<\/li><li>La transmission des situations rencontr\u00e9es est effectu\u00e9e<\/li><\/ul>\n\n\n\n<hr class=\"wp-block-separator\"\/>\n\n\n\n<h2 class=\"has-vivid-cyan-blue-color has-text-color wp-block-heading\">Modes d\u2019\u00e9valuation<\/h2>\n\n\n\n<h3 class=\"has-pale-cyan-blue-color has-text-color wp-block-heading\">1. \u00c9valuation par contr\u00f4le en cours de formation (CCF)<\/h3>\n\n\n\n<p>Le contr\u00f4le en cours de formation comporte deux situations d\u2019\u00e9valuation d\u2019\u00e9gale importance.<\/p>\n\n\n\n<p>Chaque situation d\u2019\u00e9valuation prend la forme d\u2019une \u00e9tude de cas portant sur une ou plusieurs situation(s) professionnelle(s) li\u00e9e(s) \u00e0 la relation commerciale caract\u00e9ristiques(s) des m\u00e9tiers de l\u2019accueil.<br>Chacune de ces deux situations donne lieu \u00e0 une production \u00e9crite du candidat. Elles s\u2019appuient sur des documents destin\u00e9s \u00e0 situer le contexte et n\u00e9cessaires au traitement des diff\u00e9rentes questions.<\/p>\n\n\n\n<p>Les documents rendant compte des situations d\u2019\u00e9valuation justifiant la note sont mis \u00e0 la disposition du jury et de l\u2019autorit\u00e9 rectorale pour la session consid\u00e9r\u00e9e et jusqu\u2019\u00e0 la session suivante. Le jury peut formuler toute remarque et observation qu\u2019il juge utile et arr\u00eate la note d\u00e9finitive<\/p>\n\n\n\n<h3 class=\"has-pale-cyan-blue-color has-text-color wp-block-heading\">2. \u00c9valuation finale ponctuelle<\/h3>\n\n\n\n<p><strong>\u00c9preuve \u00e9crite &#8211; Dur\u00e9e : 3 heures<\/strong><\/p>\n\n\n\n<p>L\u2019\u00e9preuve prend la forme d\u2019une \u00e9tude de cas con\u00e7ue \u00e0 partir d\u2019un contexte professionnel mettant en \u0153uvre une ou plusieurs situation(s) caract\u00e9ristique(s) li\u00e9e(s) aux m\u00e9tiers de l\u2019accueil dans leurs dimensions commerciales.<\/p>\n\n\n\n<p>Elle s\u2019appuie sur des documents destin\u00e9s \u00e0 situer le contexte et n\u00e9cessaires \u00e0 la r\u00e9solution d\u2019une probl\u00e9matique professionnelle et\/ou au traitement des diff\u00e9rentes questions<\/p>\n","protected":false},"excerpt":{"rendered":"<p>Coefficient : 4 Finalit\u00e9s de l&rsquo;\u00e9preuve Cette \u00e9preuve vise \u00e0 \u00e9valuer l&rsquo;aptitude du candidat \u00e0 l\u2019analyse professionnelle relative \u00e0 la relation commerciale dans les m\u00e9tiers de l\u2019accueil et mettre en \u0153uvre ses comp\u00e9tences pour r\u00e9soudre une probl\u00e9matique professionnelle ou r\u00e9pondre \u00e0 des questions relatives \u00e0 une ou plusieurs situation(s)professionnelle(s). Contenu Cette \u00e9preuve porte sur les [&hellip;]<\/p>\n","protected":false},"author":1,"featured_media":0,"parent":0,"menu_order":0,"comment_status":"closed","ping_status":"closed","template":"","meta":{"footnotes":""},"_links":{"self":[{"href":"https:\/\/www.cerpeg.fr\/bcpaccueil\/wp-json\/wp\/v2\/pages\/989"}],"collection":[{"href":"https:\/\/www.cerpeg.fr\/bcpaccueil\/wp-json\/wp\/v2\/pages"}],"about":[{"href":"https:\/\/www.cerpeg.fr\/bcpaccueil\/wp-json\/wp\/v2\/types\/page"}],"author":[{"embeddable":true,"href":"https:\/\/www.cerpeg.fr\/bcpaccueil\/wp-json\/wp\/v2\/users\/1"}],"replies":[{"embeddable":true,"href":"https:\/\/www.cerpeg.fr\/bcpaccueil\/wp-json\/wp\/v2\/comments?post=989"}],"version-history":[{"count":7,"href":"https:\/\/www.cerpeg.fr\/bcpaccueil\/wp-json\/wp\/v2\/pages\/989\/revisions"}],"predecessor-version":[{"id":1001,"href":"https:\/\/www.cerpeg.fr\/bcpaccueil\/wp-json\/wp\/v2\/pages\/989\/revisions\/1001"}],"wp:attachment":[{"href":"https:\/\/www.cerpeg.fr\/bcpaccueil\/wp-json\/wp\/v2\/media?parent=989"}],"curies":[{"name":"wp","href":"https:\/\/api.w.org\/{rel}","templated":true}]}}