{"id":139,"date":"2021-02-22T17:32:07","date_gmt":"2021-02-22T16:32:07","guid":{"rendered":"http:\/\/www.cerpeg.fr\/bcpagora\/?page_id=139"},"modified":"2021-03-07T09:28:10","modified_gmt":"2021-03-07T08:28:10","slug":"bloc-1","status":"publish","type":"page","link":"https:\/\/www.cerpeg.fr\/bcpagora\/bloc-1\/","title":{"rendered":"Bloc 1 &#8211; G\u00e9rer des relations avec les clients, les usagers et les adh\u00e9rents"},"content":{"rendered":"\n<div class=\"wp-block-group\"><div class=\"wp-block-group__inner-container is-layout-flow wp-block-group-is-layout-flow\">\n<div class=\"wp-block-columns are-vertically-aligned-center is-layout-flex wp-container-core-columns-is-layout-1 wp-block-columns-is-layout-flex\">\n<div class=\"wp-block-column is-vertically-aligned-center is-layout-flow wp-block-column-is-layout-flow\" style=\"flex-basis:100%\">\n<p><\/p>\n\n\n\n<p>Le titulaire du baccalaur\u00e9at professionnel \u00ab Assistance \u00e0 la gestion des organisations et de leurs activit\u00e9s \u00bb est en contact direct avec le \u00ab client\u00bb de l\u2019organisation dans laquelle il exerce son activit\u00e9 pour l\u2019accueillir, prendre en charge sa demande, ouvrir un dossier nominatif. Les organisations concern\u00e9es \u00e9tant diverses, comme indiqu\u00e9 dans le r\u00e9f\u00e9rentiel des activit\u00e9s professionnelles, le terme g\u00e9n\u00e9rique de \u00ab client \u00bb recouvre la notion de prospect, ou d\u2019usager (si les prestations rel\u00e8vent du service public), ou d\u2019adh\u00e9rent ou de b\u00e9n\u00e9ficiaire de prestations (si l\u2019organisation a un statut d\u2019association ou de mutuelle).<\/p>\n\n\n\n<!--more-->\n\n\n\n<p><br>Le titulaire du dipl\u00f4me assure les diff\u00e9rentes \u00e9tapes du processus administratif et de gestion li\u00e9 \u00e0 la relation \u00ab client \u00bb : instruction de dossier, devis, commandes, livraisons, facturations, encaissements, traitement des r\u00e9clamations et des litiges. Il contribue \u00e9galement aux d\u00e9marches de communication et de d\u00e9veloppement de l\u2019organisation et travaille, \u00e0 ce titre, en \u00e9troite collaboration avec l\u2019ensemble des acteurs internes charg\u00e9s de ces d\u00e9marches, notamment le service commercial quand il est pr\u00e9sent. Son r\u00f4le d\u2019interface entre les clients, les usagers ou les adh\u00e9rents et les personnels de l\u2019organisation en fait un acteur important dans la circulation et l\u2019actualisation de l\u2019information, \u00e0 la fois dans le syst\u00e8me d\u2019information interne et dans la configuration internet \u00e0 destination de l\u2019externe (site et r\u00e9seaux sociaux).<\/p>\n\n\n\n<div class=\"wp-block-group\">\n<div class=\"wp-block-group__inner-container\">&nbsp;<\/div>\n<\/div>\n<\/div>\n<\/div>\n<\/div><\/div>\n\n\n\n<div class=\"wp-block-group alignwide\"><div class=\"wp-block-group__inner-container is-layout-flow wp-block-group-is-layout-flow\">\n<div class=\"wp-block-columns alignwide is-layout-flex wp-container-core-columns-is-layout-2 wp-block-columns-is-layout-flex\">\n<div class=\"wp-block-column is-layout-flow wp-block-column-is-layout-flow\">\n<p>1.1 Pr\u00e9paration et prise en charge de la relation avec le client, l\u2019usager ou l\u2019adh\u00e9rent<\/p>\n\n\n\n<div class=\"wp-block-buttons is-layout-flex wp-block-buttons-is-layout-flex\">\n<div class=\"wp-block-button is-style-outline\"><a class=\"wp-block-button__link has-text-color\" href=\"http:\/\/www.cerpeg.fr\/bcpagora\/1-1-preparation-et-prise-en-charge-de-la-relation-avec-le-client-lusager-ou-ladherent-2\/\" style=\"border-radius:50px;color:#ba0c49\" target=\"_blank\" rel=\"noreferrer noopener\">Voir<\/a><\/div>\n<\/div>\n\n\n\n<div class=\"wp-block-buttons is-layout-flex wp-block-buttons-is-layout-flex\">\u00a0<\/div>\n<\/div>\n\n\n\n<div class=\"wp-block-column is-layout-flow wp-block-column-is-layout-flow\">\n<p>1.2. Traitement des op\u00e9rations administratives et de gestion li\u00e9es aux relations avec le client, l\u2019usager ou l\u2019adh\u00e9rent<\/p>\n\n\n\n<div class=\"wp-block-buttons is-layout-flex wp-block-buttons-is-layout-flex\">\n<div class=\"wp-block-button is-style-outline\"><a class=\"wp-block-button__link has-text-color\" href=\"http:\/\/www.cerpeg.fr\/bcpagora\/1-2-traitement-des-operations-administratives-et-de-gestion-liees-aux-relations-avec-le-client-lusager-ou-ladherent-2\/\" style=\"border-radius:50px;color:#ba0c49\" target=\"_blank\" rel=\"noreferrer noopener\">Voir<\/a><\/div>\n<\/div>\n<\/div>\n\n\n\n<div class=\"wp-block-column is-layout-flow wp-block-column-is-layout-flow\">\n<p>1.3. Actualisation du syst\u00e8me d&rsquo;information en lien avec le client, l&rsquo;usager ou l&rsquo;adh\u00e9rent<\/p>\n\n\n\n<div class=\"wp-block-buttons is-layout-flex wp-block-buttons-is-layout-flex\">\n<div class=\"wp-block-button is-style-outline\"><a class=\"wp-block-button__link has-text-color\" href=\"http:\/\/www.cerpeg.fr\/bcpagora\/1-3-actualisation-du-systeme-dinformation-en-lien-avec-le-client-lusager-ou-ladherent\/\" style=\"border-radius:50px;color:#ba0c49\" target=\"_blank\" rel=\"noreferrer noopener\">Voir<\/a><\/div>\n<\/div>\n<\/div>\n<\/div>\n\n\n\n<div class=\"wp-block-columns alignwide is-layout-flex wp-container-core-columns-is-layout-3 wp-block-columns-is-layout-flex\">\n<div class=\"wp-block-column is-layout-flow wp-block-column-is-layout-flow\">\n<p>Savoirs de gestion<\/p>\n\n\n\n<div class=\"wp-block-buttons is-layout-flex wp-block-buttons-is-layout-flex\">\n<div class=\"wp-block-button is-style-outline\"><a class=\"wp-block-button__link has-text-color\" href=\"http:\/\/www.cerpeg.fr\/bcpagora\/savoirs-de-gestion-3\/\" style=\"border-radius:50px;color:#ba0c49\" target=\"_blank\" rel=\"noreferrer noopener\">Voir<\/a><\/div>\n<\/div>\n\n\n\n<div class=\"wp-block-buttons is-layout-flex wp-block-buttons-is-layout-flex\">\u00a0<\/div>\n<\/div>\n\n\n\n<div class=\"wp-block-column is-layout-flow wp-block-column-is-layout-flow\">\n<p>Savoirs juridiques et \u00e9conomiques en lien avec le programme d&rsquo;\u00e9co-droit<\/p>\n\n\n\n<div class=\"wp-block-buttons is-layout-flex wp-block-buttons-is-layout-flex\">\n<div class=\"wp-block-button is-style-outline\"><a class=\"wp-block-button__link has-text-color\" href=\"http:\/\/www.cerpeg.fr\/bcpagora\/savoirs-juridiques-et-economiques-4\/\" style=\"border-radius:50px;color:#ba0c49\" target=\"_blank\" rel=\"noreferrer noopener\">Voir<\/a><\/div>\n<\/div>\n<\/div>\n\n\n\n<div class=\"wp-block-column is-layout-flow wp-block-column-is-layout-flow\">\n<p>Savoirs li\u00e9s \u00e0 la communication et au num\u00e9rique<\/p>\n\n\n\n<div class=\"wp-block-buttons is-layout-flex wp-block-buttons-is-layout-flex\">\n<div class=\"wp-block-button is-style-outline\"><a class=\"wp-block-button__link has-text-color\" href=\"http:\/\/www.cerpeg.fr\/bcpagora\/savoirs-lies-a-la-communication-et-au-numerique-4\/\" style=\"border-radius:50px;color:#ba0c49\" target=\"_blank\" rel=\"noreferrer noopener\">Voir<\/a><\/div>\n<\/div>\n<\/div>\n<\/div>\n<\/div><\/div>\n","protected":false},"excerpt":{"rendered":"<p>Le titulaire du baccalaur\u00e9at professionnel \u00ab Assistance \u00e0 la gestion des organisations et de leurs activit\u00e9s \u00bb est en contact direct avec le \u00ab client\u00bb de l\u2019organisation dans laquelle il exerce son activit\u00e9 pour l\u2019accueillir, prendre en charge sa demande, ouvrir un dossier nominatif. Les organisations concern\u00e9es \u00e9tant diverses, comme indiqu\u00e9 dans le r\u00e9f\u00e9rentiel des [&hellip;]<\/p>\n","protected":false},"author":1,"featured_media":194,"parent":0,"menu_order":0,"comment_status":"closed","ping_status":"closed","template":"","meta":{"footnotes":""},"_links":{"self":[{"href":"https:\/\/www.cerpeg.fr\/bcpagora\/wp-json\/wp\/v2\/pages\/139"}],"collection":[{"href":"https:\/\/www.cerpeg.fr\/bcpagora\/wp-json\/wp\/v2\/pages"}],"about":[{"href":"https:\/\/www.cerpeg.fr\/bcpagora\/wp-json\/wp\/v2\/types\/page"}],"author":[{"embeddable":true,"href":"https:\/\/www.cerpeg.fr\/bcpagora\/wp-json\/wp\/v2\/users\/1"}],"replies":[{"embeddable":true,"href":"https:\/\/www.cerpeg.fr\/bcpagora\/wp-json\/wp\/v2\/comments?post=139"}],"version-history":[{"count":12,"href":"https:\/\/www.cerpeg.fr\/bcpagora\/wp-json\/wp\/v2\/pages\/139\/revisions"}],"predecessor-version":[{"id":600,"href":"https:\/\/www.cerpeg.fr\/bcpagora\/wp-json\/wp\/v2\/pages\/139\/revisions\/600"}],"wp:featuredmedia":[{"embeddable":true,"href":"https:\/\/www.cerpeg.fr\/bcpagora\/wp-json\/"}],"wp:attachment":[{"href":"https:\/\/www.cerpeg.fr\/bcpagora\/wp-json\/wp\/v2\/media?parent=139"}],"curies":[{"name":"wp","href":"https:\/\/api.w.org\/{rel}","templated":true}]}}