{"id":383,"date":"2021-02-23T14:07:17","date_gmt":"2021-02-23T13:07:17","guid":{"rendered":"http:\/\/www.cerpeg.fr\/bcpagora\/?page_id=383"},"modified":"2021-03-07T09:28:33","modified_gmt":"2021-03-07T08:28:33","slug":"bloc-2-organiser-et-suivre-lactivite-de-production-de-biens-ou-de-services","status":"publish","type":"page","link":"https:\/\/www.cerpeg.fr\/bcpagora\/bloc-2-organiser-et-suivre-lactivite-de-production-de-biens-ou-de-services\/","title":{"rendered":"Bloc 2 \u2013 Organiser et suivre l\u2019activit\u00e9 de production (de biens ou de services)"},"content":{"rendered":"\n<div class=\"wp-block-group\"><div class=\"wp-block-group__inner-container is-layout-flow wp-block-group-is-layout-flow\">\n<div class=\"wp-block-columns are-vertically-aligned-center is-layout-flex wp-container-core-columns-is-layout-1 wp-block-columns-is-layout-flex\">\n<div class=\"wp-block-column is-vertically-aligned-center is-layout-flow wp-block-column-is-layout-flow\" style=\"flex-basis:100%\">\n<p>Le titulaire du baccalaur\u00e9at professionnel \u00ab Assistance \u00e0 la gestion des organisations et de leurs activit\u00e9s \u00bb assure le suivi des activit\u00e9s administratives et de gestion en amont de la production (approvisionnement, autorisation pr\u00e9alable, etc.) en prenant en compte les contraintes de production, aussi bien r\u00e9glementaires qu\u2019organisationnelles. En aval de l\u2019activit\u00e9 productive de l\u2019organisation, qu\u2019il s\u2019agisse de biens et\/ou de services marchands ou non marchands, il assure un suivi r\u00e9gulier des op\u00e9rations de tr\u00e9sorerie et pr\u00e9pare les \u00e9l\u00e9ments n\u00e9cessaires \u00e0 la d\u00e9claration de TVA.<\/p>\n\n\n\n<div class=\"wp-block-group\"><div class=\"wp-block-group__inner-container is-layout-flow wp-block-group-is-layout-flow\">\n<!--more-->\n<\/div><\/div>\n\n\n\n<p>Par ailleurs, il facilite le bon d\u00e9roulement des activit\u00e9s de l\u2019organisation par la mise \u00e0 disposition et le maintien en bon \u00e9tat de fonctionnement des ressources physiques et num\u00e9riques de l\u2019organisation. Il assure la logistique des r\u00e9unions et contribue \u00e0 une diffusion efficace de l\u2019information dans l\u2019ensemble de la structure. Toutes ces comp\u00e9tences doivent \u00eatre actualis\u00e9es dans un environnement num\u00e9rique prenant en compte la digitalisation des processus auxquels il participe. Ces activit\u00e9s comprennent une dimension de communication interne vis-\u00e0-vis des sup\u00e9rieurs hi\u00e9rarchiques et des personnels.<\/p>\n<\/div>\n<\/div>\n<\/div><\/div>\n\n\n\n<div class=\"wp-block-group alignwide\"><div class=\"wp-block-group__inner-container is-layout-flow wp-block-group-is-layout-flow\">\n<div class=\"wp-block-columns alignwide is-layout-flex wp-container-core-columns-is-layout-2 wp-block-columns-is-layout-flex\">\n<div class=\"wp-block-column is-layout-flow wp-block-column-is-layout-flow\">\n<p>2.1. Suivi administratif de l\u2019activit\u00e9 de production<\/p>\n\n\n\n<div class=\"wp-block-buttons is-layout-flex wp-block-buttons-is-layout-flex\">\n<div class=\"wp-block-button is-style-outline\"><a class=\"wp-block-button__link has-text-color\" href=\"http:\/\/www.cerpeg.fr\/bcpagora\/2-1-suivi-administratif-de-lactivite-de-production-2\/\" style=\"border-radius:50px;color:#ba0c49\" target=\"_blank\" rel=\"noreferrer noopener\">Voir<\/a><\/div>\n<\/div>\n\n\n\n<div class=\"wp-block-buttons is-layout-flex wp-block-buttons-is-layout-flex\"><\/div>\n<\/div>\n\n\n\n<div class=\"wp-block-column is-layout-flow wp-block-column-is-layout-flow\">\n<p>2.2. Suivi financier de l\u2019activit\u00e9 de production<\/p>\n\n\n\n<div class=\"wp-block-buttons is-layout-flex wp-block-buttons-is-layout-flex\">\n<div class=\"wp-block-button is-style-outline\"><a class=\"wp-block-button__link has-text-color\" href=\"http:\/\/www.cerpeg.fr\/bcpagora\/2-2-suivi-financier-de-lactivite-de-production-2\/\" style=\"border-radius:50px;color:#ba0c49\" target=\"_blank\" rel=\"noreferrer noopener\">Voir<\/a><\/div>\n<\/div>\n<\/div>\n\n\n\n<div class=\"wp-block-column is-layout-flow wp-block-column-is-layout-flow\">\n<p>2.3. Gestion op\u00e9rationnelle des espaces (physiques et virtuels) de travail<\/p>\n\n\n\n<div class=\"wp-block-buttons is-layout-flex wp-block-buttons-is-layout-flex\">\n<div class=\"wp-block-button is-style-outline\"><a class=\"wp-block-button__link has-text-color\" href=\"http:\/\/www.cerpeg.fr\/bcpagora\/2-3-gestion-operationnelle-des-espaces-physiques-et-virtuels-de-travail-2\/\" style=\"border-radius:50px;color:#ba0c49\" target=\"_blank\" rel=\"noreferrer noopener\">Voir<\/a><\/div>\n<\/div>\n<\/div>\n<\/div>\n\n\n\n<div class=\"wp-block-columns alignwide is-layout-flex wp-container-core-columns-is-layout-3 wp-block-columns-is-layout-flex\">\n<div class=\"wp-block-column is-layout-flow wp-block-column-is-layout-flow\">\n<p>Savoirs de gestion<\/p>\n\n\n\n<div class=\"wp-block-buttons is-layout-flex wp-block-buttons-is-layout-flex\">\n<div class=\"wp-block-button is-style-outline\"><a class=\"wp-block-button__link has-text-color\" href=\"http:\/\/www.cerpeg.fr\/bcpagora\/savoirs-de-gestion-4\/\" style=\"border-radius:50px;color:#ba0c49\" target=\"_blank\" rel=\"noreferrer noopener\">Voir<\/a><\/div>\n<\/div>\n\n\n\n<div class=\"wp-block-buttons is-layout-flex wp-block-buttons-is-layout-flex\"><\/div>\n<\/div>\n\n\n\n<div class=\"wp-block-column is-layout-flow wp-block-column-is-layout-flow\">\n<p>Savoirs juridiques et \u00e9conomiques en lien avec le programme d&rsquo;\u00e9conomie-droit<\/p>\n\n\n\n<div class=\"wp-block-buttons is-layout-flex wp-block-buttons-is-layout-flex\">\n<div class=\"wp-block-button is-style-outline\"><a class=\"wp-block-button__link has-text-color\" href=\"http:\/\/www.cerpeg.fr\/bcpagora\/savoirs-juridiques-et-economiques\/\" style=\"border-radius:50px;color:#ba0c49\" target=\"_blank\" rel=\"noreferrer noopener\">Voir<\/a><\/div>\n<\/div>\n<\/div>\n\n\n\n<div class=\"wp-block-column is-layout-flow wp-block-column-is-layout-flow\">\n<p>Savoirs li\u00e9s \u00e0 la communication et au num\u00e9rique<\/p>\n\n\n\n<div class=\"wp-block-buttons is-layout-flex wp-block-buttons-is-layout-flex\">\n<div class=\"wp-block-button is-style-outline\"><a class=\"wp-block-button__link has-text-color\" href=\"http:\/\/www.cerpeg.fr\/bcpagora\/savoirs-lies-a-la-communication-et-au-numerique\/\" style=\"border-radius:50px;color:#ba0c49\" target=\"_blank\" rel=\"noreferrer noopener\">Voir<\/a><\/div>\n<\/div>\n<\/div>\n<\/div>\n<\/div><\/div>\n","protected":false},"excerpt":{"rendered":"<p>Le titulaire du baccalaur\u00e9at professionnel \u00ab Assistance \u00e0 la gestion des organisations et de leurs activit\u00e9s \u00bb assure le suivi des activit\u00e9s administratives et de gestion en amont de la production (approvisionnement, autorisation pr\u00e9alable, etc.) en prenant en compte les contraintes de production, aussi bien r\u00e9glementaires qu\u2019organisationnelles. En aval de l\u2019activit\u00e9 productive de l\u2019organisation, qu\u2019il [&hellip;]<\/p>\n","protected":false},"author":1,"featured_media":194,"parent":0,"menu_order":0,"comment_status":"closed","ping_status":"closed","template":"","meta":{"footnotes":""},"_links":{"self":[{"href":"https:\/\/www.cerpeg.fr\/bcpagora\/wp-json\/wp\/v2\/pages\/383"}],"collection":[{"href":"https:\/\/www.cerpeg.fr\/bcpagora\/wp-json\/wp\/v2\/pages"}],"about":[{"href":"https:\/\/www.cerpeg.fr\/bcpagora\/wp-json\/wp\/v2\/types\/page"}],"author":[{"embeddable":true,"href":"https:\/\/www.cerpeg.fr\/bcpagora\/wp-json\/wp\/v2\/users\/1"}],"replies":[{"embeddable":true,"href":"https:\/\/www.cerpeg.fr\/bcpagora\/wp-json\/wp\/v2\/comments?post=383"}],"version-history":[{"count":10,"href":"https:\/\/www.cerpeg.fr\/bcpagora\/wp-json\/wp\/v2\/pages\/383\/revisions"}],"predecessor-version":[{"id":601,"href":"https:\/\/www.cerpeg.fr\/bcpagora\/wp-json\/wp\/v2\/pages\/383\/revisions\/601"}],"wp:featuredmedia":[{"embeddable":true,"href":"https:\/\/www.cerpeg.fr\/bcpagora\/wp-json\/"}],"wp:attachment":[{"href":"https:\/\/www.cerpeg.fr\/bcpagora\/wp-json\/wp\/v2\/media?parent=383"}],"curies":[{"name":"wp","href":"https:\/\/api.w.org\/{rel}","templated":true}]}}