{"id":385,"date":"2021-02-23T14:08:24","date_gmt":"2021-02-23T13:08:24","guid":{"rendered":"http:\/\/www.cerpeg.fr\/bcpagora\/?page_id=385"},"modified":"2021-03-07T09:28:55","modified_gmt":"2021-03-07T08:28:55","slug":"bloc-3-administrer-le-personnel","status":"publish","type":"page","link":"https:\/\/www.cerpeg.fr\/bcpagora\/bloc-3-administrer-le-personnel\/","title":{"rendered":"Bloc 3 \u2013 Administrer le personnel"},"content":{"rendered":"\n<p>Le titulaire du baccalaur\u00e9at professionnel \u00ab Assistance \u00e0 la gestion des organisations et de leurs activit\u00e9s \u00bb assure un lien entre les personnels de l\u2019organisation et le responsable en charge de la direction administrative du personnel. Il contribue aux op\u00e9rations de recrutement et \u00e0 l\u2019int\u00e9gration des personnels. Il assure la gestion des contrats de travail et l\u2019organisation des visites m\u00e9dicales. Il s\u2019occupe du suivi des dossiers du personnel, des documents administratifs li\u00e9s \u00e0 la paie, \u00e0 la formation et \u00e0 la gestion de carri\u00e8re. Il exerce son activit\u00e9 dans un environnement technologique, \u00e9conomique et juridique qui demande une attention particuli\u00e8re pour tenir compte des \u00e9volutions (r\u00e9formes l\u00e9gislatives, changement de la politique interne \u00e0 l\u2019organisation) et de la transformation num\u00e9rique (laquelle modifie en profondeur le rapport au travail dans le temps et dans l\u2019espace).<\/p>\n\n\n\n<!--more-->\n\n\n\n<p><br>Il est en relation directe avec les diff\u00e9rents p\u00f4les de l\u2019organisation ainsi qu\u2019avec de nombreux organismes ext\u00e9rieurs (inspection du travail, organismes sociaux, acteurs du march\u00e9 de l\u2019emploi, etc.). En raison de sa connaissance d\u2019informations confidentielles sur les personnels, il doit faire preuve de discr\u00e9tion et avoir le sens du contact et de l\u2019\u00e9coute. Le degr\u00e9 de prise en charge de l\u2019administration du personnel d\u00e9pend du secteur d\u2019activit\u00e9, de la taille de l\u2019organisation et de sa nature (entreprise, association, mutuelle, collectivit\u00e9, administration publique).<\/p>\n\n\n\n<div class=\"wp-block-group\"><div class=\"wp-block-group__inner-container is-layout-flow wp-block-group-is-layout-flow\">\n<div class=\"wp-block-columns are-vertically-aligned-center is-layout-flex wp-container-core-columns-is-layout-1 wp-block-columns-is-layout-flex\">\n<div class=\"wp-block-column is-vertically-aligned-center is-layout-flow wp-block-column-is-layout-flow\" style=\"flex-basis:100%\">\n<div class=\"wp-block-group is-layout-flow wp-block-group-is-layout-flow\"><div class=\"wp-block-group__inner-container\"><\/div><\/div>\n<\/div>\n<\/div>\n<\/div><\/div>\n\n\n\n<div class=\"wp-block-group alignwide\"><div class=\"wp-block-group__inner-container is-layout-flow wp-block-group-is-layout-flow\">\n<div class=\"wp-block-columns alignwide is-layout-flex wp-container-core-columns-is-layout-2 wp-block-columns-is-layout-flex\">\n<div class=\"wp-block-column is-layout-flow wp-block-column-is-layout-flow\">\n<p>3.1. Suivi de la carri\u00e8re du personnel<\/p>\n\n\n\n<div class=\"wp-block-buttons is-layout-flex wp-block-buttons-is-layout-flex\">\n<div class=\"wp-block-button is-style-outline\"><a class=\"wp-block-button__link has-text-color\" href=\"http:\/\/www.cerpeg.fr\/bcpagora\/3-1-suivi-de-la-carriere-du-personnel-3\/\" style=\"border-radius:50px;color:#ba0c49\" target=\"_blank\" rel=\"noreferrer noopener\">Voir<\/a><\/div>\n<\/div>\n\n\n\n<div class=\"wp-block-buttons is-layout-flex wp-block-buttons-is-layout-flex\"><\/div>\n<\/div>\n\n\n\n<div class=\"wp-block-column is-layout-flow wp-block-column-is-layout-flow\">\n<p>3.2. Suivi organisationnel et financier de l\u2019activit\u00e9 du personnel<\/p>\n\n\n\n<div class=\"wp-block-buttons is-layout-flex wp-block-buttons-is-layout-flex\">\n<div class=\"wp-block-button is-style-outline\"><a class=\"wp-block-button__link has-text-color\" href=\"http:\/\/www.cerpeg.fr\/bcpagora\/3-2-suivi-organisationnel-et-financier-de-lactivite-du-personnel-2\/\" style=\"border-radius:50px;color:#ba0c49\" target=\"_blank\" rel=\"noreferrer noopener\">Voir<\/a><\/div>\n<\/div>\n<\/div>\n\n\n\n<div class=\"wp-block-column is-layout-flow wp-block-column-is-layout-flow\">\n<p>3.3. Participation \u00e0 l\u2019activit\u00e9 sociale de l\u2019organisation<\/p>\n\n\n\n<div class=\"wp-block-buttons is-layout-flex wp-block-buttons-is-layout-flex\">\n<div class=\"wp-block-button is-style-outline\"><a class=\"wp-block-button__link has-text-color\" href=\"http:\/\/www.cerpeg.fr\/bcpagora\/3-3-participation-a-lactivite-sociale-de-lorganisation-2\/\" style=\"border-radius:50px;color:#ba0c49\" target=\"_blank\" rel=\"noreferrer noopener\">Voir<\/a><\/div>\n<\/div>\n<\/div>\n<\/div>\n\n\n\n<div class=\"wp-block-columns alignwide is-layout-flex wp-container-core-columns-is-layout-3 wp-block-columns-is-layout-flex\">\n<div class=\"wp-block-column is-layout-flow wp-block-column-is-layout-flow\">\n<p>Savoirs de gestion<\/p>\n\n\n\n<div class=\"wp-block-buttons is-layout-flex wp-block-buttons-is-layout-flex\">\n<div class=\"wp-block-button is-style-outline\"><a class=\"wp-block-button__link has-text-color\" href=\"http:\/\/www.cerpeg.fr\/bcpagora\/savoirs-de-gestion\/\" style=\"border-radius:50px;color:#ba0c49\" target=\"_blank\" rel=\"noreferrer noopener\">Voir<\/a><\/div>\n<\/div>\n\n\n\n<div class=\"wp-block-buttons is-layout-flex wp-block-buttons-is-layout-flex\"><\/div>\n<\/div>\n\n\n\n<div class=\"wp-block-column is-layout-flow wp-block-column-is-layout-flow\">\n<p>Savoirs juridiques et \u00e9conomiques en lien avec le programme d&rsquo;\u00e9conomie-droit<\/p>\n\n\n\n<div class=\"wp-block-buttons is-layout-flex wp-block-buttons-is-layout-flex\">\n<div class=\"wp-block-button is-style-outline\"><a class=\"wp-block-button__link has-text-color\" href=\"http:\/\/www.cerpeg.fr\/bcpagora\/savoirs-juridiques-et-economiques-2\/\" style=\"border-radius:50px;color:#ba0c49\" target=\"_blank\" rel=\"noreferrer noopener\">Voir<\/a><\/div>\n<\/div>\n<\/div>\n\n\n\n<div class=\"wp-block-column is-layout-flow wp-block-column-is-layout-flow\">\n<p>Savoirs li\u00e9s \u00e0 la communication et au num\u00e9rique<\/p>\n\n\n\n<div class=\"wp-block-buttons is-layout-flex wp-block-buttons-is-layout-flex\">\n<div class=\"wp-block-button is-style-outline\"><a class=\"wp-block-button__link has-text-color\" href=\"http:\/\/www.cerpeg.fr\/bcpagora\/savoirs-lies-a-la-communication-et-au-numerique-2\/\" style=\"border-radius:50px;color:#ba0c49\" target=\"_blank\" rel=\"noreferrer noopener\">Voir<\/a><\/div>\n<\/div>\n<\/div>\n<\/div>\n<\/div><\/div>\n","protected":false},"excerpt":{"rendered":"<p>Le titulaire du baccalaur\u00e9at professionnel \u00ab Assistance \u00e0 la gestion des organisations et de leurs activit\u00e9s \u00bb assure un lien entre les personnels de l\u2019organisation et le responsable en charge de la direction administrative du personnel. Il contribue aux op\u00e9rations de recrutement et \u00e0 l\u2019int\u00e9gration des personnels. Il assure la gestion des contrats de travail [&hellip;]<\/p>\n","protected":false},"author":1,"featured_media":194,"parent":0,"menu_order":0,"comment_status":"closed","ping_status":"closed","template":"","meta":{"footnotes":""},"_links":{"self":[{"href":"https:\/\/www.cerpeg.fr\/bcpagora\/wp-json\/wp\/v2\/pages\/385"}],"collection":[{"href":"https:\/\/www.cerpeg.fr\/bcpagora\/wp-json\/wp\/v2\/pages"}],"about":[{"href":"https:\/\/www.cerpeg.fr\/bcpagora\/wp-json\/wp\/v2\/types\/page"}],"author":[{"embeddable":true,"href":"https:\/\/www.cerpeg.fr\/bcpagora\/wp-json\/wp\/v2\/users\/1"}],"replies":[{"embeddable":true,"href":"https:\/\/www.cerpeg.fr\/bcpagora\/wp-json\/wp\/v2\/comments?post=385"}],"version-history":[{"count":7,"href":"https:\/\/www.cerpeg.fr\/bcpagora\/wp-json\/wp\/v2\/pages\/385\/revisions"}],"predecessor-version":[{"id":597,"href":"https:\/\/www.cerpeg.fr\/bcpagora\/wp-json\/wp\/v2\/pages\/385\/revisions\/597"}],"wp:featuredmedia":[{"embeddable":true,"href":"https:\/\/www.cerpeg.fr\/bcpagora\/wp-json\/"}],"wp:attachment":[{"href":"https:\/\/www.cerpeg.fr\/bcpagora\/wp-json\/wp\/v2\/media?parent=385"}],"curies":[{"name":"wp","href":"https:\/\/api.w.org\/{rel}","templated":true}]}}