{"id":41,"date":"2021-02-22T16:14:23","date_gmt":"2021-02-22T15:14:23","guid":{"rendered":"http:\/\/www.cerpeg.fr\/bcpagora\/?page_id=41"},"modified":"2021-02-24T08:54:53","modified_gmt":"2021-02-24T07:54:53","slug":"pole-2","status":"publish","type":"page","link":"https:\/\/www.cerpeg.fr\/bcpagora\/pole-2\/","title":{"rendered":"P\u00f4le 2 \u2013 Organisation et suivi de l\u2019activit\u00e9 de production (de biens ou de services)"},"content":{"rendered":"\n<div class=\"wp-block-buttons alignright is-layout-flex wp-block-buttons-is-layout-flex\">\n<div class=\"wp-block-button\"><a class=\"wp-block-button__link has-white-color has-vivid-cyan-blue-background-color has-text-color has-background\" href=\"http:\/\/www.cerpeg.fr\/bcpagora\/category\/bloc\/bloc-2\/\" target=\"_blank\" rel=\"noreferrer noopener\">R\u00e9f. de certification BLOC 2<\/a><\/div>\n<\/div>\n\n\n\n<div style=\"height:49px\" aria-hidden=\"true\" class=\"wp-block-spacer\"><\/div>\n\n\n\n<h4 class=\"wp-block-heading\">2.1. Suivi administratif de l\u2019activit\u00e9 de production<\/h4>\n\n\n\n<ul><li>Suivi des approvisionnements et des stocks<\/li><li>Tenue des dossiers fournisseurs, sous-traitants et prestataires de service<\/li><li>Suivi des formalit\u00e9s administratives avec les partenaires sp\u00e9cifiques au secteur d\u2019activit\u00e9<\/li><li>Suivi de la coordination d\u2019activit\u00e9s relevant d\u2019un service ou d\u2019un projet<\/li><\/ul>\n\n\n\n<div style=\"height:58px\" aria-hidden=\"true\" class=\"wp-block-spacer\"><\/div>\n\n\n\n<h4 class=\"wp-block-heading\">2.2. Suivi financier de l\u2019activit\u00e9 de production<\/h4>\n\n\n\n<ul><li>Suivi des d\u00e9caissements<\/li><li>Suivi de la tr\u00e9sorerie et des relations avec les organismes et partenaires financiers<\/li><li>Pr\u00e9paration de la d\u00e9claration de TVA<\/li><\/ul>\n\n\n\n<div style=\"height:61px\" aria-hidden=\"true\" class=\"wp-block-spacer\"><\/div>\n\n\n\n<h4 class=\"wp-block-heading\">2.3. Gestion op\u00e9rationnelle des espaces (physiques et virtuels) de travail<\/h4>\n\n\n\n<ul><li>Suivi des contrats de maintenance, abonnements, licences informatiques<\/li><li>Gestion des petites fournitures et consommables<\/li><li>Mise \u00e0 disposition des ressources physiques partag\u00e9es (suivi des entr\u00e9es-sorties de mat\u00e9riels, cl\u00e9s, etc.)<\/li><li>Organisation des r\u00e9unions en pr\u00e9sentiel ou \u00e0 distance<\/li><li>Gestion des espaces internes de partage de l\u2019information (affichage, notes internes, espaces collaboratifs, etc.)<\/li><\/ul>\n\n\n\n<div style=\"height:62px\" aria-hidden=\"true\" class=\"wp-block-spacer\"><\/div>\n\n\n\n<h4 class=\"has-white-color has-pale-cyan-blue-background-color has-text-color has-background wp-block-heading\">R\u00e9sultats attendus<\/h4>\n\n\n\n<div style=\"height:43px\" aria-hidden=\"true\" class=\"wp-block-spacer\"><\/div>\n\n\n\n<ul><li>Le suivi administratif des approvisionnements est assur\u00e9 de mani\u00e8re fiable dans le respect des d\u00e9lais et des r\u00e8gles fix\u00e9es, notamment par les services techniques<\/li><li>Le suivi administratif des relations avec les fournisseurs et les autres partenaires est assur\u00e9 en conformit\u00e9 avec les proc\u00e9dures et la politique de l\u2019organisation<\/li><li>Les \u00e9l\u00e9ments n\u00e9cessaires au traitement des obligations fiscales sont r\u00e9unis, dans la limite des responsabilit\u00e9s octroy\u00e9es, avec exactitude et dans les d\u00e9lais impartis<\/li><li>Le suivi de tr\u00e9sorerie est effectu\u00e9 de fa\u00e7on r\u00e9guli\u00e8re et fiable<\/li><li>La programmation et l\u2019organisation des activit\u00e9s r\u00e9pondent aux besoins et prennent en compte les contraintes et disponibilit\u00e9s des services<\/li><li>Les ressources mat\u00e9rielles et immat\u00e9rielles n\u00e9cessaires au bon fonctionnement de l\u2019organisation sont mises \u00e0 disposition dans les d\u00e9lais impartis<\/li><\/ul>\n","protected":false},"excerpt":{"rendered":"<p>2.1. Suivi administratif de l\u2019activit\u00e9 de production Suivi des approvisionnements et des stocks Tenue des dossiers fournisseurs, sous-traitants et prestataires de service Suivi des formalit\u00e9s administratives avec les partenaires sp\u00e9cifiques au secteur d\u2019activit\u00e9 Suivi de la coordination d\u2019activit\u00e9s relevant d\u2019un service ou d\u2019un projet 2.2. Suivi financier de l\u2019activit\u00e9 de production Suivi des d\u00e9caissements Suivi [&hellip;]<\/p>\n","protected":false},"author":1,"featured_media":0,"parent":0,"menu_order":0,"comment_status":"closed","ping_status":"closed","template":"","meta":{"footnotes":""},"_links":{"self":[{"href":"https:\/\/www.cerpeg.fr\/bcpagora\/wp-json\/wp\/v2\/pages\/41"}],"collection":[{"href":"https:\/\/www.cerpeg.fr\/bcpagora\/wp-json\/wp\/v2\/pages"}],"about":[{"href":"https:\/\/www.cerpeg.fr\/bcpagora\/wp-json\/wp\/v2\/types\/page"}],"author":[{"embeddable":true,"href":"https:\/\/www.cerpeg.fr\/bcpagora\/wp-json\/wp\/v2\/users\/1"}],"replies":[{"embeddable":true,"href":"https:\/\/www.cerpeg.fr\/bcpagora\/wp-json\/wp\/v2\/comments?post=41"}],"version-history":[{"count":2,"href":"https:\/\/www.cerpeg.fr\/bcpagora\/wp-json\/wp\/v2\/pages\/41\/revisions"}],"predecessor-version":[{"id":501,"href":"https:\/\/www.cerpeg.fr\/bcpagora\/wp-json\/wp\/v2\/pages\/41\/revisions\/501"}],"wp:attachment":[{"href":"https:\/\/www.cerpeg.fr\/bcpagora\/wp-json\/wp\/v2\/media?parent=41"}],"curies":[{"name":"wp","href":"https:\/\/api.w.org\/{rel}","templated":true}]}}