{"id":521,"date":"2021-02-25T10:01:22","date_gmt":"2021-02-25T09:01:22","guid":{"rendered":"https:\/\/c12594-1.bacagora.ac\/pcms\/wp22\/?page_id=492"},"modified":"2021-02-27T17:25:17","modified_gmt":"2021-02-27T16:25:17","slug":"activite-3-fidelisation-de-la-clientele-et-developpement-de-la-relation-client","status":"publish","type":"page","link":"https:\/\/www.cerpeg.fr\/bcpmcv\/activite-3-fidelisation-de-la-clientele-et-developpement-de-la-relation-client\/","title":{"rendered":"Activit\u00e9 3 &#8211; Fid\u00e9lisation de la client\u00e8le et d\u00e9veloppement de la relation client"},"content":{"rendered":"\n<div class=\"wp-block-buttons alignright is-layout-flex wp-block-buttons-is-layout-flex\">\n<div class=\"wp-block-button is-style-fill\"><a class=\"wp-block-button__link has-vivid-cyan-blue-background-color has-background\" href=\"https:\/\/www.cerpeg.fr\/bcpmcv\/category\/bloc\/groupe-3-fideliser\/\" style=\"border-radius:28px\" target=\"_blank\" rel=\"noreferrer noopener\">R\u00e9f. de certification GROUPE 3<\/a><\/div>\n<\/div>\n\n\n\n<div style=\"height:18px\" aria-hidden=\"true\" class=\"wp-block-spacer\"><\/div>\n\n\n\n<h3 class=\"has-white-color has-pale-cyan-blue-background-color has-text-color has-background wp-block-heading\">T\u00e2ches<\/h3>\n\n\n\n<div style=\"height:15px\" aria-hidden=\"true\" class=\"wp-block-spacer\"><\/div>\n\n\n\n<ul><li>Exploitation des donn\u00e9es clients<\/li><li>Mise en \u0153uvre des outils de fid\u00e9lisation client<\/li><li>Contribution \u00e0 la proposition et \u00e0 l\u2019organisation des op\u00e9rations de fid\u00e9lisation (visites, appels, relances personnalis\u00e9es\u2026)<\/li><li>\u00c9coute et traitement des contacts, messages et\/ou avis des clients<\/li><li>Vente(s) au rebond<\/li><li>Participation \u00e0 la mise en \u0153uvre d\u2019actions de fid\u00e9lisation et de d\u00e9veloppement<\/li><li>Exploitation des sites marchands et des r\u00e9seaux sociaux \u00e0 des fins commerciales<\/li><li>\u00c9valuation des actions de fid\u00e9lisation et de d\u00e9veloppement<\/li><\/ul>\n\n\n\n<div style=\"height:44px\" aria-hidden=\"true\" class=\"wp-block-spacer\"><\/div>\n\n\n\n<h3 class=\"has-white-color has-pale-cyan-blue-background-color has-text-color has-background wp-block-heading\">Contexte professionnel<\/h3>\n\n\n\n<div style=\"height:44px\" aria-hidden=\"true\" class=\"wp-block-spacer\"><\/div>\n\n\n\n<h4 class=\"has-vivid-cyan-blue-color has-text-color wp-block-heading\">Ressources<\/h4>\n\n\n\n<ul><li>Syst\u00e8me d\u2019information commercial (bases de donn\u00e9es clients, rapports de visites,\u2026),<\/li><li>Extraits de tableau de bord,<\/li><li>Remont\u00e9es SAV, service consommateurs, enqu\u00eates,<\/li><li>Indicateurs clients et\/ou entreprises,<\/li><li>R\u00e9unions \u00e9quipes de vente,<\/li><li>Internet, r\u00e9seaux sociaux,<\/li><li>Les conditions g\u00e9n\u00e9rales de vente (tarifs, bar\u00e8mes, modalit\u00e9s de financement),<\/li><li>Les guides d\u2019entretien t\u00e9l\u00e9phonique,<\/li><li>Les argumentaires de vente,<\/li><li>Le bon de commande,<\/li><li>La documentation technique,<\/li><li>Les \u00e9chantillons,<\/li><li>La carte de visite du point de vente,<\/li><li>La carte de visite du vendeur,<\/li><li>La carte d\u2019identification professionnelle<\/li><li>La PLV, l\u2019ILV\u2026<\/li><\/ul>\n\n\n\n<div style=\"height:30px\" aria-hidden=\"true\" class=\"wp-block-spacer\"><\/div>\n\n\n\n<h4 class=\"has-vivid-cyan-blue-color has-text-color wp-block-heading\">Relations internes<\/h4>\n\n\n\n<ul><li>Hi\u00e9rarchiques : responsable des ventes, responsable du magasin, chef de rayon, etc.<\/li><li>Fonctionnelles : \u00e9quipe de vente, service fabrication, services livraison-maintenance, SAV, commercial, comptabilit\u00e9, facturation, contentieux, etc.<\/li><\/ul>\n\n\n\n<div style=\"height:23px\" aria-hidden=\"true\" class=\"wp-block-spacer\"><\/div>\n\n\n\n<h4 class=\"has-vivid-cyan-blue-color has-text-color wp-block-heading\">Relations externes<\/h4>\n\n\n\n<ul><li>Fournisseurs,<\/li><li>Clients,<\/li><li>Prescripteurs,<\/li><li>Installateurs,<\/li><li>Sous-traitants,<\/li><li>Organisateurs de salons et foires,<\/li><\/ul>\n\n\n\n<p>Etc.<\/p>\n\n\n\n<div style=\"height:24px\" aria-hidden=\"true\" class=\"wp-block-spacer\"><\/div>\n\n\n\n<h3 class=\"has-white-color has-pale-cyan-blue-background-color has-text-color has-background wp-block-heading\">R\u00e9sultats attendus<\/h3>\n\n\n\n<div style=\"height:24px\" aria-hidden=\"true\" class=\"wp-block-spacer\"><\/div>\n\n\n\n<ul><li>Les informations utiles \u00e0 la fid\u00e9lisation sont remont\u00e9es au responsable et aux services concern\u00e9s,<\/li><li>Les donn\u00e9es clients sont exploit\u00e9es de fa\u00e7on pertinente,<\/li><li>Les outils de fid\u00e9lisation existant dans l\u2019entreprise sont propos\u00e9s et mis en \u0153uvre en fonction du profil du client,<\/li><li>Les actions de fid\u00e9lisation sont propos\u00e9es et organis\u00e9es en coh\u00e9rence avec la politique commerciale de l\u2019entreprise,<\/li><li>Les sollicitations des clients (appels, mails, commentaires sur les r\u00e9seaux sociaux\u2026) re\u00e7oivent des traitements adapt\u00e9s,<\/li><li>Des ventes au rebond sont r\u00e9alis\u00e9es,<\/li><li>Les animations et promotions mises en \u0153uvre permettent d\u2019atteindre les objectifs fix\u00e9s,<\/li><li>Les actions de fid\u00e9lisation de la client\u00e8le et de d\u00e9veloppement de la relation client sont \u00e9valu\u00e9es en vue de leur \u00e9ventuelle am\u00e9lioration,<\/li><li>La relation client est p\u00e9rennis\u00e9e dans le temps.<\/li><\/ul>\n","protected":false},"excerpt":{"rendered":"<p>T\u00e2ches Exploitation des donn\u00e9es clients Mise en \u0153uvre des outils de fid\u00e9lisation client Contribution \u00e0 la proposition et \u00e0 l\u2019organisation des op\u00e9rations de fid\u00e9lisation (visites, appels, relances personnalis\u00e9es\u2026) \u00c9coute et traitement des contacts, messages et\/ou avis des clients Vente(s) au rebond Participation \u00e0 la mise en \u0153uvre d\u2019actions de fid\u00e9lisation et de d\u00e9veloppement Exploitation des [&hellip;]<\/p>\n","protected":false},"author":1,"featured_media":0,"parent":0,"menu_order":0,"comment_status":"closed","ping_status":"closed","template":"","meta":{"footnotes":""},"_links":{"self":[{"href":"https:\/\/www.cerpeg.fr\/bcpmcv\/wp-json\/wp\/v2\/pages\/521"}],"collection":[{"href":"https:\/\/www.cerpeg.fr\/bcpmcv\/wp-json\/wp\/v2\/pages"}],"about":[{"href":"https:\/\/www.cerpeg.fr\/bcpmcv\/wp-json\/wp\/v2\/types\/page"}],"author":[{"embeddable":true,"href":"https:\/\/www.cerpeg.fr\/bcpmcv\/wp-json\/wp\/v2\/users\/1"}],"replies":[{"embeddable":true,"href":"https:\/\/www.cerpeg.fr\/bcpmcv\/wp-json\/wp\/v2\/comments?post=521"}],"version-history":[{"count":6,"href":"https:\/\/www.cerpeg.fr\/bcpmcv\/wp-json\/wp\/v2\/pages\/521\/revisions"}],"predecessor-version":[{"id":734,"href":"https:\/\/www.cerpeg.fr\/bcpmcv\/wp-json\/wp\/v2\/pages\/521\/revisions\/734"}],"wp:attachment":[{"href":"https:\/\/www.cerpeg.fr\/bcpmcv\/wp-json\/wp\/v2\/media?parent=521"}],"curies":[{"name":"wp","href":"https:\/\/api.w.org\/{rel}","templated":true}]}}