{"id":873,"date":"2021-05-30T20:45:48","date_gmt":"2021-05-30T18:45:48","guid":{"rendered":"http:\/\/www.cerpeg.fr\/bcpmcv\/?page_id=873"},"modified":"2021-05-30T20:45:58","modified_gmt":"2021-05-30T18:45:58","slug":"epreuves-dexamen-formation-continue","status":"publish","type":"page","link":"https:\/\/www.cerpeg.fr\/bcpmcv\/epreuves-dexamen-formation-continue\/","title":{"rendered":"\u00c9preuves d&rsquo;examen (formation continue)"},"content":{"rendered":"\n<p><em>Candidat de la formation professionnelle continue dans un \u00e9tablissement public habilit\u00e9<\/em><\/p>\n\n\n<figure class=\"wp-block-table\">\n<table style=\"width: 98.1046%; height: 787px;\">\n<tbody>\n<tr style=\"height: 37px;\">\n<td style=\"width: 66.6666%; height: 53px; text-align: center; background-color: #72c3f2;\"><span style=\"color: #ffffff; font-size: 24px;\"><strong>\u00c9preuves<\/strong><\/span><\/td>\n<td style=\"width: 10.8169%; height: 53px; text-align: center; background-color: #72c3f2;\"><span style=\"color: #ffffff; font-size: 24px;\"><strong>Coef.<\/strong><\/span><\/td>\n<td style=\"width: 9.07513%; height: 53px; text-align: center; background-color: #72c3f2;\"><span style=\"color: #ffffff; font-size: 24px;\"><strong>Mode<\/strong><\/span><\/td>\n<\/tr>\n<tr style=\"height: 37px;\">\n<td style=\"width: 66.6666%; height: 37px;\"><strong>E1 \u00c9preuve scientifique et technique<\/strong><\/td>\n<td style=\"width: 10.8169%; height: 37px; text-align: center;\"><strong>2<\/strong><\/td>\n<td style=\"width: 9.07513%; height: 37px; text-align: center;\">\u00a0<\/td>\n<\/tr>\n<tr style=\"height: 37px;\">\n<td style=\"width: 66.6666%; height: 37px; padding-left: 40px;\">E11 : \u00c9conomie-droit<\/td>\n<td style=\"width: 10.8169%; height: 37px; text-align: center;\">1<\/td>\n<td style=\"width: 9.07513%; height: 37px; text-align: center;\">CCF<\/td>\n<\/tr>\n<tr style=\"height: 37px;\">\n<td style=\"width: 66.6666%; height: 37px; padding-left: 40px;\">E12 : Math\u00e9matiques<\/td>\n<td style=\"width: 10.8169%; height: 37px; text-align: center;\">1<\/td>\n<td style=\"width: 9.07513%; height: 37px; text-align: center;\">CCF<\/td>\n<\/tr>\n<tr style=\"height: 37px;\">\n<td style=\"width: 66.6666%; height: 37px;\"><strong>E2 Analyse et r\u00e9solution de situations professionnelles<\/strong><\/td>\n<td style=\"width: 10.8169%; height: 37px; text-align: center;\">\u00a0<\/td>\n<td style=\"width: 9.07513%; height: 37px; text-align: center;\">\u00a0<\/td>\n<\/tr>\n<tr style=\"height: 37px;\">\n<td style=\"width: 66.6666%; height: 37px; padding-left: 40px;\">Option A Animation et gestion de l\u2019espace commercial<\/td>\n<td style=\"width: 10.8169%; height: 37px; text-align: center;\">4<\/td>\n<td style=\"width: 9.07513%; height: 37px; text-align: center;\">CCF<\/td>\n<\/tr>\n<tr style=\"height: 37px;\">\n<td style=\"width: 66.6666%; height: 37px; padding-left: 40px;\">Option B Prospection client\u00e8le et valorisation de l\u2019offre commerciale<\/td>\n<td style=\"width: 10.8169%; height: 37px; text-align: center;\">4<\/td>\n<td style=\"width: 9.07513%; height: 37px; text-align: center;\">CCF<\/td>\n<\/tr>\n<tr style=\"height: 37px;\">\n<td style=\"width: 66.6666%; height: 37px;\"><strong>E3 Pratique professionnelle<\/strong><\/td>\n<td style=\"width: 10.8169%; text-align: center; height: 37px;\"><strong>9<\/strong><\/td>\n<td style=\"width: 9.07513%; text-align: center; height: 37px;\">\u00a0<\/td>\n<\/tr>\n<tr style=\"height: 37px;\">\n<td style=\"width: 66.6666%; height: 37px; padding-left: 40px;\">E31 : Vente-conseil<\/td>\n<td style=\"width: 10.8169%; height: 37px; text-align: center;\">3<\/td>\n<td style=\"width: 9.07513%; height: 37px; text-align: center;\">CCF<\/td>\n<\/tr>\n<tr style=\"height: 37px;\">\n<td style=\"width: 66.6666%; height: 37px; padding-left: 40px;\">E32 : Suivi des ventes<\/td>\n<td style=\"width: 10.8169%; height: 37px; text-align: center;\">2<\/td>\n<td style=\"width: 9.07513%; height: 37px; text-align: center;\">CCF<\/td>\n<\/tr>\n<tr style=\"height: 37px;\">\n<td style=\"width: 66.6666%; height: 37px; padding-left: 40px;\">E33 : Fid\u00e9lisation de la client\u00e8le et d\u00e9veloppement de la relation client<\/td>\n<td style=\"width: 10.8169%; height: 37px; text-align: center;\">3<\/td>\n<td style=\"width: 9.07513%; height: 37px; text-align: center;\">CCF<\/td>\n<\/tr>\n<tr style=\"height: 37px;\">\n<td style=\"width: 66.6666%; padding-left: 40px; height: 37px;\">E34 Pr\u00e9vention sant\u00e9 environnement<\/td>\n<td style=\"width: 10.8169%; height: 37px; text-align: center;\">1<\/td>\n<td style=\"width: 9.07513%; height: 37px; text-align: center;\">CCF<\/td>\n<\/tr>\n<tr style=\"height: 37px;\">\n<td style=\"width: 66.6666%; height: 37px;\"><strong>E4 \u00c9preuves de langue vivante<\/strong><\/td>\n<td style=\"width: 10.8169%; height: 37px; text-align: center;\"><strong>4<\/strong><\/td>\n<td style=\"width: 9.07513%; height: 37px; text-align: center;\">\u00a0<\/td>\n<\/tr>\n<tr style=\"height: 37px;\">\n<td style=\"width: 66.6666%; padding-left: 40px; height: 37px;\">E41 Langue vivante 1<\/td>\n<td style=\"width: 10.8169%; height: 37px; text-align: center;\">2<\/td>\n<td style=\"width: 9.07513%; height: 37px; text-align: center;\">CCF<\/td>\n<\/tr>\n<tr style=\"height: 37px;\">\n<td style=\"width: 66.6666%; padding-left: 40px; height: 37px;\">E42 Langue vivante 2<\/td>\n<td style=\"width: 10.8169%; height: 37px; text-align: center;\">2<\/td>\n<td style=\"width: 9.07513%; height: 37px; text-align: center;\">CCF<\/td>\n<\/tr>\n<tr style=\"height: 58px;\">\n<td style=\"width: 66.6666%; height: 58px;\"><strong>E5 \u00c9preuve de fran\u00e7ais, histoire g\u00e9ographie et enseignement moral et civique<\/strong><\/td>\n<td style=\"width: 10.8169%; height: 58px; text-align: center;\"><strong>5<\/strong><\/td>\n<td style=\"width: 9.07513%; height: 58px; text-align: center;\">\u00a0<\/td>\n<\/tr>\n<tr style=\"height: 37px;\">\n<td style=\"width: 66.6666%; height: 37px; padding-left: 40px;\">E51 : Fran\u00e7ais<\/td>\n<td style=\"width: 10.8169%; height: 37px; text-align: center;\">2,5<\/td>\n<td style=\"width: 9.07513%; height: 37px; text-align: center;\">CCF<\/td>\n<\/tr>\n<tr style=\"height: 37px;\">\n<td style=\"width: 66.6666%; padding-left: 40px; height: 37px;\">E52 : Histoire g\u00e9ographie et enseignement moral et civique<\/td>\n<td style=\"width: 10.8169%; height: 37px; text-align: center;\">2,5<\/td>\n<td style=\"width: 9.07513%; height: 37px; text-align: center;\">CCF<\/td>\n<\/tr>\n<tr style=\"height: 37px;\">\n<td style=\"width: 66.6666%; height: 37px;\"><strong>E6 \u00c9preuve d\u2019arts appliqu\u00e9s et cultures artistiques<\/strong><\/td>\n<td style=\"width: 10.8169%; height: 37px; text-align: center;\">1<\/td>\n<td style=\"width: 9.07513%; height: 37px; text-align: center;\">CCF<\/td>\n<\/tr>\n<tr style=\"height: 37px;\">\n<td style=\"width: 66.6666%; height: 37px;\"><strong>E7 \u00c9preuve d\u2019\u00e9ducation physique et sportive<\/strong><\/td>\n<td style=\"width: 10.8169%; height: 37px; text-align: center;\">1<\/td>\n<td style=\"width: 9.07513%; height: 37px; text-align: center;\">CCF<\/td>\n<\/tr>\n<tr style=\"height: 37px;\">\n<td style=\"width: 66.6666%; height: 10px;\"><strong>\u00c9preuves facultatives (3)<\/strong><\/td>\n<td style=\"width: 10.8169%; height: 10px; text-align: center;\">\u00a0<\/td>\n<td style=\"width: 9.07513%; height: 10px; text-align: center;\">\n<p>Ponctuel<br \/>oral<\/p>\n<p>20 min<\/p>\n<\/td>\n<\/tr>\n<\/tbody>\n<\/table>\n<\/figure>\n\n\n<p><span style=\"font-size: 14px;\">(3) <em>La langue vivante choisie au titre de l\u2019\u00e9preuve facultative est obligatoirement diff\u00e9rente de celle choisie au titre de l\u2019\u00e9preuve obligatoire. Seuls les points exc\u00e9dant 10 sont pris en compte pour le calcul de la moyenne g\u00e9n\u00e9rale en vue de l\u2019obtention du dipl\u00f4me et de l\u2019attribution d\u2019une mention<\/em><\/span><\/p>\n\n\n\n<p><em>(***) Modification de la dur\u00e9e \u00e0 partir de la session 2022 &#8211; Dur\u00e9e 2 h<\/em><\/p>\n","protected":false},"excerpt":{"rendered":"<p>Candidat de la formation professionnelle continue dans un \u00e9tablissement public habilit\u00e9 \u00c9preuves Coef. Mode E1 \u00c9preuve scientifique et technique 2 \u00a0 E11 : \u00c9conomie-droit 1 CCF E12 : Math\u00e9matiques 1 CCF E2 Analyse et r\u00e9solution de situations professionnelles \u00a0 \u00a0 Option A Animation et gestion de l\u2019espace commercial 4 CCF Option B Prospection client\u00e8le et [&hellip;]<\/p>\n","protected":false},"author":1,"featured_media":0,"parent":0,"menu_order":0,"comment_status":"closed","ping_status":"closed","template":"","meta":{"footnotes":""},"_links":{"self":[{"href":"https:\/\/www.cerpeg.fr\/bcpmcv\/wp-json\/wp\/v2\/pages\/873"}],"collection":[{"href":"https:\/\/www.cerpeg.fr\/bcpmcv\/wp-json\/wp\/v2\/pages"}],"about":[{"href":"https:\/\/www.cerpeg.fr\/bcpmcv\/wp-json\/wp\/v2\/types\/page"}],"author":[{"embeddable":true,"href":"https:\/\/www.cerpeg.fr\/bcpmcv\/wp-json\/wp\/v2\/users\/1"}],"replies":[{"embeddable":true,"href":"https:\/\/www.cerpeg.fr\/bcpmcv\/wp-json\/wp\/v2\/comments?post=873"}],"version-history":[{"count":1,"href":"https:\/\/www.cerpeg.fr\/bcpmcv\/wp-json\/wp\/v2\/pages\/873\/revisions"}],"predecessor-version":[{"id":874,"href":"https:\/\/www.cerpeg.fr\/bcpmcv\/wp-json\/wp\/v2\/pages\/873\/revisions\/874"}],"wp:attachment":[{"href":"https:\/\/www.cerpeg.fr\/bcpmcv\/wp-json\/wp\/v2\/media?parent=873"}],"curies":[{"name":"wp","href":"https:\/\/api.w.org\/{rel}","templated":true}]}}