{"id":1086,"date":"2021-08-05T17:00:17","date_gmt":"2021-08-05T15:00:17","guid":{"rendered":"http:\/\/www.cerpeg.fr\/mcsno\/?page_id=1086"},"modified":"2022-03-13T08:28:42","modified_gmt":"2022-03-13T07:28:42","slug":"champs-dactivites","status":"publish","type":"page","link":"https:\/\/www.cerpeg.fr\/bpfleuriste\/champs-dactivites\/","title":{"rendered":"Champs d&rsquo;activit\u00e9s"},"content":{"rendered":"\n<h3 class=\"has-vivid-cyan-blue-color has-text-color wp-block-heading\">1.D\u00e9finition<\/h3>\n\n\n\n<p>Le titulaire du Brevet Professionnel Fleuriste est un professionnel hautement qualifi\u00e9 qui exerce une activit\u00e9 \u00e0 caract\u00e8re artisanal, commercial et artistique.<br>Il est capable de r\u00e9aliser ou de d\u00e9l\u00e9guer toutes les activit\u00e9s n\u00e9cessaires \u00e0 l\u2019approvisionnement, la confection, la gestion et la commercialisation des productions et cr\u00e9ations.<br>Il ma\u00eetrise les techniques professionnelles et les comp\u00e9tences de cr\u00e9ativit\u00e9 artistique, commerciales et de gestion, permettant le d\u00e9veloppement et la p\u00e9rennisation des activit\u00e9s de son entreprise. Il exploite les outils num\u00e9riques n\u00e9cessaires \u00e0 l\u2019activit\u00e9 professionnelle et au d\u00e9veloppement commercial.<br>Il respecte la r\u00e9glementation en vigueur notamment les r\u00e8gles d\u2019hygi\u00e8ne et de s\u00e9curit\u00e9 et les principes<br>du d\u00e9veloppement durable r\u00e9pondant aux exigences environnementales.<br>Ayant acquis la ma\u00eetrise du m\u00e9tier, il peut animer et encadrer une \u00e9quipe. Il doit aussi \u00eatre capable de cr\u00e9er, reprendre et g\u00e9rer une entreprise fleuriste.<\/p>\n\n\n\n<h3 class=\"has-vivid-cyan-blue-color has-text-color wp-block-heading\">2. Contexte professionnel<\/h3>\n\n\n\n<h4 class=\"has-black-color has-text-color wp-block-heading\">2.1. Emplois concern\u00e9s<\/h4>\n\n\n\n<p>Le titulaire du BP Fleuriste est un fleuriste qui exerce son activit\u00e9 en tant qu\u2019employ\u00e9 hautement qualifi\u00e9, de responsable ou de chef d\u2019entreprise.<\/p>\n\n\n\n<p>Les appellations courantes sont :<\/p>\n\n\n\n<ul><li>fleuriste qualifi\u00e9 ;<\/li><li>fleuriste d\u00e9corateur floral ;<\/li><li>responsable de petite et moyenne entreprise (fleuriste) ;<\/li><li>responsable de rayon, de p\u00f4le d\u2019activit\u00e9 sp\u00e9cialis\u00e9<\/li><li>Etc.<\/li><\/ul>\n\n\n\n<p><\/p>\n\n\n\n<h4 class=\"has-black-color has-text-color wp-block-heading\">2.2. Types d\u2019organisations<\/h4>\n\n\n\n<p>Le titulaire du Brevet Professionnel Fleuriste peut exercer son activit\u00e9 :<br>\u2013 en magasin traditionnel relevant du secteur de l\u2019artisanat ;<br>\u2013 en magasin en libre-choix ;<br>\u2013 en rayon sp\u00e9cialis\u00e9 d\u2019un commerce polyvalent ;<br>\u2013 en entreprise proposant des prestations florales ;<br>\u2013 en atelier d\u2019art floral.<\/p>\n\n\n\n<h4 class=\"wp-block-heading\">2.3. Environnement \u00e9conomique, social, technologique et num\u00e9rique<\/h4>\n\n\n\n<p>L\u2019environnement se caract\u00e9rise par :<br>\u2013 une \u00e9volution du comportement du consommateur plus inform\u00e9, exigeant et \u00e0 la recherche d\u2019une relation plus personnalis\u00e9e ;<br>\u2013 une \u00e9volution de la concurrence ;<br>\u2013 une \u00e9volution constante des techniques, des produits et des services ;<br>\u2013 un usage syst\u00e9matique du num\u00e9rique ;<br>\u2013 une n\u00e9cessaire prise en compte des enjeux environnementaux ;<br>\u2013 une r\u00e9glementation accrue.<\/p>\n\n\n\n<h4 class=\"wp-block-heading\">2.4. Conditions g\u00e9n\u00e9rales d\u2019exercice<\/h4>\n\n\n\n<p>Le fleuriste exerce un m\u00e9tier physique. Il est fr\u00e9quemment debout en magasin et\/ou en atelier. Il s\u2019adapte aux contraintes saisonni\u00e8res de l\u2019activit\u00e9 et aux particularit\u00e9s du commerce de la fleur. Il respecte la r\u00e9glementation en mati\u00e8re d\u2019hygi\u00e8ne, de s\u00e9curit\u00e9 et d\u2019environnement.<\/p>\n\n\n\n<p>.<\/p>\n\n\n\n<h3 class=\"has-vivid-cyan-blue-color has-text-color wp-block-heading\">3. D\u00e9limitation des p\u00f4les d\u2019activit\u00e9s<\/h3>\n\n\n\n<p>P\u00f4le 1 : R\u00e9alisation d\u2019arrangements dans tous les styles de l\u2019art floral.<br>P\u00f4le 2 : Conception et r\u00e9alisation de projet de cr\u00e9ation florale.<br>P\u00f4le 3 : Gestion et management.<br>P\u00f4le 4 : D\u00e9veloppement commercial<\/p>\n","protected":false},"excerpt":{"rendered":"<p>1.D\u00e9finition Le titulaire du Brevet Professionnel Fleuriste est un professionnel hautement qualifi\u00e9 qui exerce une activit\u00e9 \u00e0 caract\u00e8re artisanal, commercial et artistique.Il est capable de r\u00e9aliser ou de d\u00e9l\u00e9guer toutes les activit\u00e9s n\u00e9cessaires \u00e0 l\u2019approvisionnement, la confection, la gestion et la commercialisation des productions et cr\u00e9ations.Il ma\u00eetrise les techniques professionnelles et les comp\u00e9tences de cr\u00e9ativit\u00e9 [&hellip;]<\/p>\n","protected":false},"author":1,"featured_media":0,"parent":0,"menu_order":0,"comment_status":"closed","ping_status":"closed","template":"","meta":[],"_links":{"self":[{"href":"https:\/\/www.cerpeg.fr\/bpfleuriste\/wp-json\/wp\/v2\/pages\/1086"}],"collection":[{"href":"https:\/\/www.cerpeg.fr\/bpfleuriste\/wp-json\/wp\/v2\/pages"}],"about":[{"href":"https:\/\/www.cerpeg.fr\/bpfleuriste\/wp-json\/wp\/v2\/types\/page"}],"author":[{"embeddable":true,"href":"https:\/\/www.cerpeg.fr\/bpfleuriste\/wp-json\/wp\/v2\/users\/1"}],"replies":[{"embeddable":true,"href":"https:\/\/www.cerpeg.fr\/bpfleuriste\/wp-json\/wp\/v2\/comments?post=1086"}],"version-history":[{"count":16,"href":"https:\/\/www.cerpeg.fr\/bpfleuriste\/wp-json\/wp\/v2\/pages\/1086\/revisions"}],"predecessor-version":[{"id":1302,"href":"https:\/\/www.cerpeg.fr\/bpfleuriste\/wp-json\/wp\/v2\/pages\/1086\/revisions\/1302"}],"wp:attachment":[{"href":"https:\/\/www.cerpeg.fr\/bpfleuriste\/wp-json\/wp\/v2\/media?parent=1086"}],"curies":[{"name":"wp","href":"https:\/\/api.w.org\/{rel}","templated":true}]}}