{"id":1159,"date":"2022-03-12T15:54:12","date_gmt":"2022-03-12T14:54:12","guid":{"rendered":"https:\/\/www.cerpeg.fr\/bpfleuriste\/?page_id=1159"},"modified":"2022-03-21T08:54:32","modified_gmt":"2022-03-21T07:54:32","slug":"bloc-2-concevoir-et-realiser-des-projets-de-creation-florale","status":"publish","type":"page","link":"https:\/\/www.cerpeg.fr\/bpfleuriste\/bloc-2-concevoir-et-realiser-des-projets-de-creation-florale\/","title":{"rendered":"Bloc 2 &#8211;  Concevoir et r\u00e9aliser des projets de cr\u00e9ation florale"},"content":{"rendered":"\n<figure class=\"wp-block-table\"><table class=\"has-fixed-layout\"><thead><tr><th><strong>Comp\u00e9tences<\/strong><\/th><th><strong>Crit\u00e8res d&rsquo;\u00e9valuation<\/strong><\/th><\/tr><\/thead><tbody><tr><td><strong>Analyser la demande<br><\/strong>Identifier les besoins<br>Cadrer le projet en fonction de la demande<br>Rechercher des documents artistiques, historiques et techniques<br>.<\/td><td>La probl\u00e9matique de la demande est identifi\u00e9e<br>La d\u00e9finition et la description du projet sont formalis\u00e9es<br>La recherche documentaire est adapt\u00e9e au contexte<br>.<\/td><\/tr><tr><td><strong>Pr\u00e9parer le projet<br><\/strong>Illustrer les solutions choisies<br>R\u00e9aliser le planning d\u2019organisation<br>Chiffrer les solutions<br>Proposer des solutions argument\u00e9es<br>.<\/td><td>Les croquis et\/ou pr\u00e9sentations visuelles sont explicites<br>Les op\u00e9rations \u00e0 r\u00e9aliser sont identifi\u00e9es, planifi\u00e9es et optimis\u00e9es<br>Les propositions chiffr\u00e9es sont r\u00e9alistes et rentables<br>Les propositions et argumentations correspondent \u00e0 la demande<br>.<\/td><\/tr><tr><td><strong>R\u00e9aliser le projet<br><\/strong>Concr\u00e9tiser la solution retenue<br>Contr\u00f4ler la qualit\u00e9<br>.<\/td><td>La concr\u00e9tisation correspond au projet<br>Le projet est \u00e9valu\u00e9<br>.<\/td><\/tr><\/tbody><\/table><\/figure>\n\n\n\n<figure class=\"wp-block-image size-full\"><img decoding=\"async\" loading=\"lazy\" width=\"48\" height=\"48\" src=\"https:\/\/www.cerpeg.fr\/bpfleuriste\/wp-content\/uploads\/2021\/08\/mobile_phone_14388.png\" alt=\"\" class=\"wp-image-1101\"\/><\/figure>\n\n\n\n<h2 class=\"wp-block-heading\">Comp\u00e9tences et crit\u00e8res d\u00e9valuation<\/h2>\n\n\n\n<h5 class=\"has-vivid-cyan-blue-color has-text-color wp-block-heading\">Analyser la demande<\/h5>\n\n\n\n<ul><li>Identifier les besoins<\/li><li>Cadrer le projet en fonction de la demande<\/li><li>Rechercher des documents artistiques, historiques et techniques<\/li><\/ul>\n\n\n\n<p><\/p>\n\n\n\n<h6 class=\"wp-block-heading\"><strong>Crit\u00e8res d&rsquo;\u00e9valuation<\/strong><\/h6>\n\n\n\n<ul><li>Le choix des v\u00e9g\u00e9taux est adapt\u00e9 au style d\u2019art floral<\/li><li>Le choix La probl\u00e9matique de la demande est identifi\u00e9e<\/li><li>La d\u00e9finition et la description du projet sont formalis\u00e9es<\/li><li>La recherche documentaire est adapt\u00e9e au contexte<\/li><\/ul>\n\n\n\n<p><\/p>\n\n\n\n<h5 class=\"has-vivid-cyan-blue-color has-text-color wp-block-heading\">Pr\u00e9parer le projet<\/h5>\n\n\n\n<ul><li>Illustrer les solutions choisies<\/li><li>R\u00e9aliser le planning d\u2019organisation<\/li><li>Chiffrer les solutions<\/li><li>Proposer des solutions argument\u00e9es<\/li><\/ul>\n\n\n\n<p><\/p>\n\n\n\n<h6 class=\"wp-block-heading\"><strong>Crit\u00e8res d&rsquo;\u00e9valuation<\/strong><\/h6>\n\n\n\n<ul><li>Les croquis et\/ou pr\u00e9sentations visuelles sont explicites<\/li><li>Les op\u00e9rations \u00e0 r\u00e9aliser sont identifi\u00e9es, planifi\u00e9es et optimis\u00e9es<\/li><li>Les propositions chiffr\u00e9es sont r\u00e9alistes et rentables<\/li><li>Les propositions et argumentations correspondent \u00e0 la demande<\/li><\/ul>\n\n\n\n<p><\/p>\n\n\n\n<h5 class=\"has-vivid-cyan-blue-color has-text-color wp-block-heading\">R\u00e9aliser le projet<\/h5>\n\n\n\n<ul><li>Concr\u00e9tiser la solution retenue<\/li><li>Contr\u00f4ler la qualit\u00e9<\/li><\/ul>\n\n\n\n<p><\/p>\n\n\n\n<h6 class=\"wp-block-heading\"><strong>Crit\u00e8res d&rsquo;\u00e9valuation<\/strong><\/h6>\n\n\n\n<ul><li>La concr\u00e9tisation correspond au projet<\/li><li>Le projet est \u00e9valu\u00e9 op\u00e9rationnels<\/li><\/ul>\n\n\n\n<p><\/p>\n\n\n\n<h2 class=\"wp-block-heading\">Savoirs associ\u00e9s<\/h2>\n\n\n\n<h3 class=\"wp-block-heading\">Savoirs<\/h3>\n\n\n\n<ul><li>Les \u00e9tapes d\u2019une d\u00e9marche de projet de cr\u00e9ation florale<\/li><li>Notions de cahier des charges, note de cadrage<\/li><li>L\u2019histoire de l\u2019art<\/li><li>Les outils de recherche<\/li><li>La recherche documentaire<\/li><li>Les techniques de repr\u00e9sentation La planification<\/li><li>Les m\u00e9thodes de chiffrage<\/li><li>Les techniques d\u2019argumentation, de n\u00e9go\u00adciation<\/li><li>Les techniques professionnelles La notion de conformit\u00e9<\/li><\/ul>\n\n\n\n<p><\/p>\n\n\n\n<h3 class=\"wp-block-heading\">Limites de savoirs<\/h3>\n\n\n\n<ul><li>Les diff\u00e9rentes \u00e9tapes n\u00e9cessaires \u00e0 la r\u00e9alisation d\u2019un projet de cr\u00e9ation florale<\/li><li>Les donn\u00e9es techniques, historiques et contemporaines contextualis\u00e9es<\/li><li>Croquis\/esquisse<\/li><li>Dessin<\/li><li>Maquette<\/li><li>Sch\u00e9ma<\/li><li>Infographie<\/li><li>Photos<\/li><li>\u2026<\/li><li>De la conception au d\u00e9montage<\/li><li>Les co\u00fbts, les marges, la TVA<\/li><li>Le devis et\/ou le budget\u2026<\/li><li>Vocabulaire technique, professionnel, artistique Crit\u00e8res de satisfaction du commanditaire<\/li><\/ul>\n","protected":false},"excerpt":{"rendered":"<p>Comp\u00e9tences Crit\u00e8res d&rsquo;\u00e9valuation Analyser la demandeIdentifier les besoinsCadrer le projet en fonction de la demandeRechercher des documents artistiques, historiques et techniques. La probl\u00e9matique de la demande est identifi\u00e9eLa d\u00e9finition et la description du projet sont formalis\u00e9esLa recherche documentaire est adapt\u00e9e au contexte. Pr\u00e9parer le projetIllustrer les solutions choisiesR\u00e9aliser le planning d\u2019organisationChiffrer les solutionsProposer des solutions [&hellip;]<\/p>\n","protected":false},"author":1,"featured_media":0,"parent":0,"menu_order":0,"comment_status":"closed","ping_status":"closed","template":"","meta":[],"_links":{"self":[{"href":"https:\/\/www.cerpeg.fr\/bpfleuriste\/wp-json\/wp\/v2\/pages\/1159"}],"collection":[{"href":"https:\/\/www.cerpeg.fr\/bpfleuriste\/wp-json\/wp\/v2\/pages"}],"about":[{"href":"https:\/\/www.cerpeg.fr\/bpfleuriste\/wp-json\/wp\/v2\/types\/page"}],"author":[{"embeddable":true,"href":"https:\/\/www.cerpeg.fr\/bpfleuriste\/wp-json\/wp\/v2\/users\/1"}],"replies":[{"embeddable":true,"href":"https:\/\/www.cerpeg.fr\/bpfleuriste\/wp-json\/wp\/v2\/comments?post=1159"}],"version-history":[{"count":15,"href":"https:\/\/www.cerpeg.fr\/bpfleuriste\/wp-json\/wp\/v2\/pages\/1159\/revisions"}],"predecessor-version":[{"id":1504,"href":"https:\/\/www.cerpeg.fr\/bpfleuriste\/wp-json\/wp\/v2\/pages\/1159\/revisions\/1504"}],"wp:attachment":[{"href":"https:\/\/www.cerpeg.fr\/bpfleuriste\/wp-json\/wp\/v2\/media?parent=1159"}],"curies":[{"name":"wp","href":"https:\/\/api.w.org\/{rel}","templated":true}]}}