{"id":1330,"date":"2022-03-13T09:07:48","date_gmt":"2022-03-13T08:07:48","guid":{"rendered":"https:\/\/www.cerpeg.fr\/bpfleuriste\/?page_id=1330"},"modified":"2022-03-21T07:40:02","modified_gmt":"2022-03-21T06:40:02","slug":"epreuves-dexamen-statut-scolaire-2","status":"publish","type":"page","link":"https:\/\/www.cerpeg.fr\/bpfleuriste\/epreuves-dexamen-statut-scolaire-2\/","title":{"rendered":"\u00c9preuves d&rsquo;examen (hors contrat)"},"content":{"rendered":"\n<p><strong>Liste des dipl\u00f4mes permettant de s\u2019inscrire \u00e0 la sp\u00e9cialit\u00e9 \u00ab Fleuriste \u00bb de Brevet Professionnel<\/strong><br>Les dipl\u00f4mes de niveau 3 des sp\u00e9cialit\u00e9s suivantes :<br>\u2013 CAP Fleuriste<br>Les titres et dipl\u00f4mes du m\u00eame secteur professionnel de niveau 3 ou de niveau sup\u00e9rieur, inscrits dans le r\u00e9pertoire national des certifications professionnelles.<\/p>\n\n\n\n<p class=\"has-vivid-cyan-blue-color has-text-color has-medium-font-size\"><strong>Statut du candidat<\/strong><\/p>\n\n\n\n<ul class=\"has-medium-font-size\"><li><em>CAF ou section d&rsquo;apprentissage non habilit\u00e9s<\/em> <\/li><\/ul>\n\n\n\n<ul class=\"has-medium-font-size\"><li><em>Formation professionnelle continue dans un \u00e9tablissement priv\u00e9, enseignement \u00e0 distance<\/em><\/li><\/ul>\n\n\n\n<div class=\"wp-block-columns is-layout-flex wp-container-2\">\n<div class=\"wp-block-column is-layout-flow\" style=\"flex-basis:100%\"><\/div>\n<\/div>\n\n\n\n<table id=\"tablepress-2\" class=\"tablepress tablepress-id-2\">\n<thead>\n<tr class=\"row-1\">\n\t<th class=\"column-1\">\u00c9preuves<\/th><th class=\"column-2\">Coef.<\/th><th class=\"column-3\">Mode<\/th><th class=\"column-4\">Dur\u00e9e<\/th>\n<\/tr>\n<\/thead>\n<tbody class=\"row-hover\">\n<tr class=\"row-2\">\n\t<td class=\"column-1\">E1 -R\u00e9alisation d\u2019arrangements dans tous les styles de l\u2019art floral<\/td><td class=\"column-2\">5<\/td><td class=\"column-3\">Ponctuel<br \/>\nPratique<\/td><td class=\"column-4\">5 h<\/td>\n<\/tr>\n<tr class=\"row-3\">\n\t<td class=\"column-1\">E2 - Conception et r\u00e9alisation d'un projet de cr\u00e9ation florale<\/td><td class=\"column-2\">4<\/td><td class=\"column-3\">Ponctuel <br \/>\nOral<\/td><td class=\"column-4\">40 mn<\/td>\n<\/tr>\n<tr class=\"row-4\">\n\t<td class=\"column-1\">E3 - Gestion et management<\/td><td class=\"column-2\">4<\/td><td class=\"column-3\">Ponctuel <br \/>\n\u00c9crit<\/td><td class=\"column-4\">3 h<\/td>\n<\/tr>\n<tr class=\"row-5\">\n\t<td class=\"column-1\">E4 - D\u00e9veloppement commercial<\/td><td class=\"column-2\">4<\/td><td class=\"column-3\">Ponctuel <br \/>\nOral<\/td><td class=\"column-4\">40 mn<\/td>\n<\/tr>\n<tr class=\"row-6\">\n\t<td class=\"column-1\">E5 - Expression et connaissance du monde<\/td><td class=\"column-2\">3<\/td><td class=\"column-3\">Ponctuel <br \/>\n\u00c9crit<\/td><td class=\"column-4\">3 h<\/td>\n<\/tr>\n<tr class=\"row-7\">\n\t<td class=\"column-1\">E6 - Langue vivante (2)<\/td><td class=\"column-2\">1<\/td><td class=\"column-3\">Ponctuel <br \/>\nOral<\/td><td class=\"column-4\">20 mn (3)<\/td>\n<\/tr>\n<\/tbody>\n<\/table>\n<!-- #tablepress-2 from cache -->\n\n\n\n<p>(2) Le candidat choisit l\u2019une des 4 langues vivantes suivantes : Anglais, Allemand, Espagnol, Italien<\/p>\n\n\n\n<p>(3) Dont 5 minutes de pr\u00e9paration pour la 1re partie de l\u2019\u00e9preuve<\/p>\n","protected":false},"excerpt":{"rendered":"<p>Liste des dipl\u00f4mes permettant de s\u2019inscrire \u00e0 la sp\u00e9cialit\u00e9 \u00ab Fleuriste \u00bb de Brevet ProfessionnelLes dipl\u00f4mes de niveau 3 des sp\u00e9cialit\u00e9s suivantes :\u2013 CAP FleuristeLes titres et dipl\u00f4mes du m\u00eame secteur professionnel de niveau 3 ou de niveau sup\u00e9rieur, inscrits dans le r\u00e9pertoire national des certifications professionnelles. Statut du candidat CAF ou section d&rsquo;apprentissage non [&hellip;]<\/p>\n","protected":false},"author":1,"featured_media":0,"parent":0,"menu_order":0,"comment_status":"closed","ping_status":"closed","template":"","meta":[],"_links":{"self":[{"href":"https:\/\/www.cerpeg.fr\/bpfleuriste\/wp-json\/wp\/v2\/pages\/1330"}],"collection":[{"href":"https:\/\/www.cerpeg.fr\/bpfleuriste\/wp-json\/wp\/v2\/pages"}],"about":[{"href":"https:\/\/www.cerpeg.fr\/bpfleuriste\/wp-json\/wp\/v2\/types\/page"}],"author":[{"embeddable":true,"href":"https:\/\/www.cerpeg.fr\/bpfleuriste\/wp-json\/wp\/v2\/users\/1"}],"replies":[{"embeddable":true,"href":"https:\/\/www.cerpeg.fr\/bpfleuriste\/wp-json\/wp\/v2\/comments?post=1330"}],"version-history":[{"count":6,"href":"https:\/\/www.cerpeg.fr\/bpfleuriste\/wp-json\/wp\/v2\/pages\/1330\/revisions"}],"predecessor-version":[{"id":1435,"href":"https:\/\/www.cerpeg.fr\/bpfleuriste\/wp-json\/wp\/v2\/pages\/1330\/revisions\/1435"}],"wp:attachment":[{"href":"https:\/\/www.cerpeg.fr\/bpfleuriste\/wp-json\/wp\/v2\/media?parent=1330"}],"curies":[{"name":"wp","href":"https:\/\/api.w.org\/{rel}","templated":true}]}}