{"id":39,"date":"2022-03-01T16:14:09","date_gmt":"2022-03-01T15:14:09","guid":{"rendered":"http:\/\/www.cerpeg.fr\/bcpagora\/?page_id=39"},"modified":"2022-03-21T07:34:17","modified_gmt":"2022-03-21T06:34:17","slug":"pole-2-conception-et-realisation-de-projet-de-creation-florale","status":"publish","type":"page","link":"https:\/\/www.cerpeg.fr\/bpfleuriste\/pole-2-conception-et-realisation-de-projet-de-creation-florale\/","title":{"rendered":"P\u00f4le 2 &#8211; Conception et r\u00e9alisation de projet de cr\u00e9ation florale"},"content":{"rendered":"\n<div class=\"wp-block-buttons is-horizontal is-content-justification-right is-layout-flex wp-container-1\">\n<div class=\"wp-block-button is-style-fill\"><a class=\"wp-block-button__link has-vivid-cyan-blue-background-color has-background\" href=\"https:\/\/www.cerpeg.fr\/bpfleuriste\/bloc-2-concevoir-et-realiser-des-projets-de-creation-florale\/\" style=\"border-radius:28px\" target=\"_blank\" rel=\"noreferrer noopener\">R\u00e9f. de certification BLOC 2<\/a><\/div>\n<\/div>\n\n\n\n<div style=\"height:57px\" aria-hidden=\"true\" class=\"wp-block-spacer\"><\/div>\n\n\n\n<h3 class=\"has-white-color has-pale-cyan-blue-background-color has-text-color has-background wp-block-heading\">Conditions d&rsquo;exercice<\/h3>\n\n\n\n<p class=\"has-medium-font-size\">Le titulaire du dipl\u00f4me exerce en autonomie son activit\u00e9 de production dans un atelier, un magasin ou dans le cadre d\u2019un \u00e9v\u00e8nement. En tant qu\u2019expert de l\u2019art floral il anticipe, conseille et r\u00e9pond aux besoins. Il reste en veille sur les tendances de l\u2019art floral.<\/p>\n\n\n\n<p>.<\/p>\n\n\n\n<h3 class=\"has-white-color has-pale-cyan-blue-background-color has-text-color has-background wp-block-heading\">T\u00e2ches<\/h3>\n\n\n\n<h4 class=\"wp-block-heading\">Analyse de la demande<\/h4>\n\n\n\n<ul><li>Identification du besoin<\/li><li>Recherche documentaire artistique, historique et technique<\/li><li>Cadrage du projet de la demande (cahier des charges)<\/li><\/ul>\n\n\n\n<p>.<\/p>\n\n\n\n<h4 class=\"wp-block-heading\">Pr\u00e9paration de projet<\/h4>\n\n\n\n<ul><li>Illustrations de solutions<\/li><li>R\u00e9alisation du planning d\u2019organisation<\/li><li>Chiffrage des solutions<\/li><li>Proposition de solutions argument\u00e9es<\/li><\/ul>\n\n\n\n<p>.<\/p>\n\n\n\n<h4 class=\"wp-block-heading\">R\u00e9alisation de projet<\/h4>\n\n\n\n<ul><li>Concr\u00e9tisation de la solution retenue<\/li><li>Contr\u00f4le de la qualit\u00e9 et de la conformit\u00e9 du projet<\/li><\/ul>\n\n\n\n<p><\/p>\n\n\n\n<div style=\"height:36px\" aria-hidden=\"true\" class=\"wp-block-spacer\"><\/div>\n\n\n\n<h3 class=\"has-white-color has-pale-cyan-blue-background-color has-text-color has-background wp-block-heading\">Ressources \/ Moyens<\/h3>\n\n\n\n<ul><li>Mati\u00e8re d\u2019\u0153uvre<\/li><li>Mat\u00e9riel, outillage courant et sp\u00e9cifique du fleuriste<\/li><li>Mat\u00e9riels et applications num\u00e9riques<\/li><li>Documentation stylistique, esth\u00e9tique, r\u00e9glementaire et technique<\/li><li>Croquis<\/li><li>Cahier des charges<\/li><li>Fiches techniques<\/li><li>Donn\u00e9es chiffr\u00e9es sur les co\u00fbts<\/li><\/ul>\n\n\n\n<p>.<\/p>\n\n\n\n<h3 class=\"has-white-color has-pale-cyan-blue-background-color has-text-color has-background wp-block-heading\">Relations<\/h3>\n\n\n\n<figure class=\"wp-block-table\"><table class=\"has-fixed-layout\"><thead><tr><th>Interne<\/th><th>Externe<\/th><\/tr><\/thead><tbody><tr><td>Membres de l\u2019\u00e9quipe<br>Direction<\/td><td>Fournisseurs<br>Clients<br>Prestataires<br>Partenaires<\/td><\/tr><\/tbody><\/table><\/figure>\n\n\n\n<h3 class=\"has-white-color has-pale-cyan-blue-background-color has-text-color has-background wp-block-heading\">R\u00e9sultats attendus<\/h3>\n\n\n\n<ul><li>L\u2019analyse de la demande est pertinente<\/li><li>Les \u00e9tapes du projet sont planifi\u00e9es et r\u00e9alisables<\/li><li>Les solutions propos\u00e9es sont adapt\u00e9es et rentables<\/li><li>La r\u00e9alisation est conforme \u00e0 la solution choisie<\/li><\/ul>\n","protected":false},"excerpt":{"rendered":"<p>Conditions d&rsquo;exercice Le titulaire du dipl\u00f4me exerce en autonomie son activit\u00e9 de production dans un atelier, un magasin ou dans le cadre d\u2019un \u00e9v\u00e8nement. En tant qu\u2019expert de l\u2019art floral il anticipe, conseille et r\u00e9pond aux besoins. Il reste en veille sur les tendances de l\u2019art floral. . T\u00e2ches Analyse de la demande Identification du [&hellip;]<\/p>\n","protected":false},"author":1,"featured_media":0,"parent":0,"menu_order":0,"comment_status":"closed","ping_status":"closed","template":"","meta":[],"_links":{"self":[{"href":"https:\/\/www.cerpeg.fr\/bpfleuriste\/wp-json\/wp\/v2\/pages\/39"}],"collection":[{"href":"https:\/\/www.cerpeg.fr\/bpfleuriste\/wp-json\/wp\/v2\/pages"}],"about":[{"href":"https:\/\/www.cerpeg.fr\/bpfleuriste\/wp-json\/wp\/v2\/types\/page"}],"author":[{"embeddable":true,"href":"https:\/\/www.cerpeg.fr\/bpfleuriste\/wp-json\/wp\/v2\/users\/1"}],"replies":[{"embeddable":true,"href":"https:\/\/www.cerpeg.fr\/bpfleuriste\/wp-json\/wp\/v2\/comments?post=39"}],"version-history":[{"count":15,"href":"https:\/\/www.cerpeg.fr\/bpfleuriste\/wp-json\/wp\/v2\/pages\/39\/revisions"}],"predecessor-version":[{"id":1430,"href":"https:\/\/www.cerpeg.fr\/bpfleuriste\/wp-json\/wp\/v2\/pages\/39\/revisions\/1430"}],"wp:attachment":[{"href":"https:\/\/www.cerpeg.fr\/bpfleuriste\/wp-json\/wp\/v2\/media?parent=39"}],"curies":[{"name":"wp","href":"https:\/\/api.w.org\/{rel}","templated":true}]}}