{"id":139,"date":"2021-02-22T17:32:07","date_gmt":"2021-02-22T16:32:07","guid":{"rendered":"http:\/\/www.cerpeg.fr\/bcpagora\/?page_id=139"},"modified":"2021-03-02T14:21:10","modified_gmt":"2021-03-02T13:21:10","slug":"bloc-1","status":"publish","type":"page","link":"https:\/\/www.cerpeg.fr\/capepc\/bloc-1\/","title":{"rendered":"Bloc 1 &#8211; Recevoir et suivre les commandes"},"content":{"rendered":"\n<div class=\"wp-block-group\"><div class=\"wp-block-group__inner-container is-layout-flow wp-block-group-is-layout-flow\">\n<div class=\"wp-block-columns are-vertically-aligned-center is-layout-flex wp-container-core-columns-is-layout-1 wp-block-columns-is-layout-flex\">\n<div class=\"wp-block-column is-vertically-aligned-center is-layout-flow wp-block-column-is-layout-flow\" style=\"flex-basis:100%\">\n<p>Le titulaire du CAP exerce son activit\u00e9 dans un cadre omnicanal, au sein d\u2019une unit\u00e9 commerciale. Il respecte pour ce faire syst\u00e9matiquement les r\u00e8gles d\u2019hygi\u00e8ne et de s\u00e9curit\u00e9. Le d\u00e9veloppement du <em>drive<\/em>, du <em>click and collect<\/em> et de fa\u00e7on g\u00e9n\u00e9rale, de services de r\u00e9ception et \/ ou de livraison de colis destin\u00e9s aux clients&nbsp;(les points de retrait colis, les livraisons \u00e0 domicile, etc.) induit une polyvalence et une r\u00e9activit\u00e9 accrues<\/p>\n\n\n\n<!--more-->\n\n\n<\/div>\n<\/div>\n<\/div><\/div>\n\n\n\n<div class=\"wp-block-group alignwide\"><div class=\"wp-block-group__inner-container is-layout-flow wp-block-group-is-layout-flow\">\n<div class=\"wp-block-columns alignwide is-layout-flex wp-container-core-columns-is-layout-2 wp-block-columns-is-layout-flex\">\n<div class=\"wp-block-column is-layout-flow wp-block-column-is-layout-flow\">\n<p>1.1 Participer \u00e0 la passation des commandes fournisseurs<\/p>\n\n\n\n<div class=\"wp-block-buttons is-layout-flex wp-block-buttons-is-layout-flex\">\n<div class=\"wp-block-button is-style-outline\"><a class=\"wp-block-button__link has-text-color\" href=\"https:\/\/www.cerpeg.fr\/capepc\/1-1-participer-a-la-passation-des-commandes-fournisseurs\/\" style=\"border-radius:50px;color:#ba0c49\" target=\"_blank\" rel=\"noreferrer noopener\">Voir<\/a><\/div>\n<\/div>\n<\/div>\n\n\n\n<div class=\"wp-block-column is-layout-flow wp-block-column-is-layout-flow\">\n<p>1.2. R\u00e9ceptionner<\/p>\n\n\n\n<div class=\"wp-block-buttons is-layout-flex wp-block-buttons-is-layout-flex\">\n<div class=\"wp-block-button is-style-outline\"><a class=\"wp-block-button__link has-text-color\" href=\"https:\/\/www.cerpeg.fr\/capepc\/1-2\/\" style=\"border-radius:50px;color:#ba0c49\" target=\"_blank\" rel=\"noreferrer noopener\">Voir<\/a><\/div>\n<\/div>\n<\/div>\n\n\n\n<div class=\"wp-block-column is-layout-flow wp-block-column-is-layout-flow\">\n<p>1.3. Stocker<\/p>\n\n\n\n<div class=\"wp-block-buttons is-layout-flex wp-block-buttons-is-layout-flex\">\n<div class=\"wp-block-button is-style-outline\"><a class=\"wp-block-button__link has-text-color\" href=\"https:\/\/www.cerpeg.fr\/capepc\/1-3-stocker\/\" style=\"border-radius:50px;color:#ba0c49\" target=\"_blank\" rel=\"noreferrer noopener\">Voir<\/a><\/div>\n<\/div>\n<\/div>\n<\/div>\n\n\n\n<div class=\"wp-block-columns alignwide is-layout-flex wp-container-core-columns-is-layout-3 wp-block-columns-is-layout-flex\">\n<div class=\"wp-block-column is-layout-flow wp-block-column-is-layout-flow\">\n<p>1.4. Pr\u00e9parer les commandes destin\u00e9es aux clients<\/p>\n\n\n\n<div class=\"wp-block-buttons is-layout-flex wp-block-buttons-is-layout-flex\">\n<div class=\"wp-block-button is-style-outline\"><a class=\"wp-block-button__link has-text-color\" href=\"https:\/\/www.cerpeg.fr\/capepc\/1-4-preparer-les-commandes-destinees-aux-clients-2\/\" style=\"border-radius:50px;color:#ba0c49\" target=\"_blank\" rel=\"noreferrer noopener\">Voir<\/a><\/div>\n<\/div>\n<\/div>\n\n\n\n<div class=\"wp-block-column is-layout-flow wp-block-column-is-layout-flow\">\n<p>Crit\u00e8res d&rsquo;\u00e9valuation<\/p>\n\n\n\n<div class=\"wp-block-buttons is-layout-flex wp-block-buttons-is-layout-flex\">\n<div class=\"wp-block-button is-style-outline\"><a class=\"wp-block-button__link has-text-color\" href=\"https:\/\/www.cerpeg.fr\/capepc\/criteres-devaluation-2\/\" style=\"border-radius:50px;color:#ba0c49\" target=\"_blank\" rel=\"noreferrer noopener\">Voir<\/a><\/div>\n<\/div>\n<\/div>\n\n\n\n<div class=\"wp-block-column is-layout-flow wp-block-column-is-layout-flow\">\n<p>Savoirs &amp; limites des savoirs<\/p>\n\n\n\n<div class=\"wp-block-buttons is-layout-flex wp-block-buttons-is-layout-flex\">\n<div class=\"wp-block-button is-style-outline\"><a class=\"wp-block-button__link has-text-color\" href=\"https:\/\/www.cerpeg.fr\/capepc\/savoirs-et-limites-de-savoirs\/\" style=\"border-radius:50px;color:#ba0c49\" target=\"_blank\" rel=\"noreferrer noopener\">Voir<\/a><\/div>\n<\/div>\n<\/div>\n<\/div>\n<\/div><\/div>\n","protected":false},"excerpt":{"rendered":"<p>Le titulaire du CAP exerce son activit\u00e9 dans un cadre omnicanal, au sein d\u2019une unit\u00e9 commerciale. Il respecte pour ce faire syst\u00e9matiquement les r\u00e8gles d\u2019hygi\u00e8ne et de s\u00e9curit\u00e9. Le d\u00e9veloppement du drive, du click and collect et de fa\u00e7on g\u00e9n\u00e9rale, de services de r\u00e9ception et \/ ou de livraison de colis destin\u00e9s aux clients&nbsp;(les points [&hellip;]<\/p>\n","protected":false},"author":1,"featured_media":194,"parent":0,"menu_order":0,"comment_status":"closed","ping_status":"closed","template":"","meta":{"footnotes":""},"_links":{"self":[{"href":"https:\/\/www.cerpeg.fr\/capepc\/wp-json\/wp\/v2\/pages\/139"}],"collection":[{"href":"https:\/\/www.cerpeg.fr\/capepc\/wp-json\/wp\/v2\/pages"}],"about":[{"href":"https:\/\/www.cerpeg.fr\/capepc\/wp-json\/wp\/v2\/types\/page"}],"author":[{"embeddable":true,"href":"https:\/\/www.cerpeg.fr\/capepc\/wp-json\/wp\/v2\/users\/1"}],"replies":[{"embeddable":true,"href":"https:\/\/www.cerpeg.fr\/capepc\/wp-json\/wp\/v2\/comments?post=139"}],"version-history":[{"count":9,"href":"https:\/\/www.cerpeg.fr\/capepc\/wp-json\/wp\/v2\/pages\/139\/revisions"}],"predecessor-version":[{"id":736,"href":"https:\/\/www.cerpeg.fr\/capepc\/wp-json\/wp\/v2\/pages\/139\/revisions\/736"}],"wp:featuredmedia":[{"embeddable":true,"href":"https:\/\/www.cerpeg.fr\/capepc\/wp-json\/"}],"wp:attachment":[{"href":"https:\/\/www.cerpeg.fr\/capepc\/wp-json\/wp\/v2\/media?parent=139"}],"curies":[{"name":"wp","href":"https:\/\/api.w.org\/{rel}","templated":true}]}}