{"id":513,"date":"2021-02-28T06:57:58","date_gmt":"2021-02-28T05:57:58","guid":{"rendered":"http:\/\/www.cerpeg.fr\/bcpagora\/?page_id=513"},"modified":"2021-06-07T13:29:08","modified_gmt":"2021-06-07T11:29:08","slug":"epreuves-dexamen","status":"publish","type":"page","link":"https:\/\/www.cerpeg.fr\/capepc\/epreuves-dexamen\/","title":{"rendered":"\u00c9preuves d&rsquo;examen &#8211; Statut scolaire"},"content":{"rendered":"\n<p><em>Candidats sous statut scolaire dans un \u00e9tablissement public ou priv\u00e9 sous contrat<\/em><\/p>\n\n\n\n<div style=\"height:28px\" aria-hidden=\"true\" class=\"wp-block-spacer\"><\/div>\n\n\n\n<figure class=\"wp-block-table is-style-regular\">\n<table style=\"width: 100%; height: 584px;\">\n<thead>\n<tr style=\"height: 60px;\">\n<td class=\"has-text-align-left\" style=\"width: 80px; background-color: #62bef0; height: 60px; text-align: center;\" data-align=\"left\"><span style=\"color: #ffffff;\"><strong>\u00c9preuves<\/strong><\/span><\/td>\n<td style=\"width: 10%; background-color: #62bef0; height: 60px; text-align: center;\"><strong><span style=\"color: #ffffff;\">Coef.<\/span><\/strong><\/td>\n<td style=\"width: 10%; background-color: #62bef0; height: 60px; text-align: center;\"><strong><span style=\"color: #ffffff;\">Mode<\/span><\/strong><\/td>\n<td style=\"width: 10%; background-color: #62bef0; height: 60px; text-align: center;\"><strong><span style=\"color: #ffffff;\">Dur\u00e9e<\/span><\/strong><\/td>\n<\/tr>\n<\/thead>\n<tbody>\n<tr style=\"height: 38px;\">\n<td class=\"has-text-align-left\" style=\"width: 90%; height: 38px;\" data-align=\"left\"><strong>UNIT\u00c9S PROFESSIONNELLES<\/strong><\/td>\n<td style=\"width: 1.72414%; height: 38px; text-align: center;\">\u00a0<\/td>\n<td style=\"width: 9.13792%; height: 38px; text-align: center;\">\u00a0<\/td>\n<td style=\"width: 11.5517%; height: 38px; text-align: center;\">\u00a0<\/td>\n<\/tr>\n<tr style=\"height: 58px;\">\n<td class=\"has-text-align-left\" style=\"width: 76.2069%; height: 58px;\" data-align=\"left\">EP1 \u2013R\u00e9ception et suivi des commandes<\/td>\n<td style=\"width: 1.72414%; height: 58px; text-align: center;\">3<\/td>\n<td style=\"width: 9.13792%; height: 58px; text-align: center;\">CCF<sup>1<\/sup><\/td>\n<td style=\"width: 11.5517%; height: 58px; text-align: center;\">\u00a0<\/td>\n<\/tr>\n<tr style=\"height: 37px;\">\n<td class=\"has-text-align-left\" style=\"width: 76.2069%; height: 37px;\" data-align=\"left\">EP2 \u2013Mise en valeur et approvisionnement<\/td>\n<td style=\"width: 1.72414%; height: 37px; text-align: center;\">5<\/td>\n<td style=\"width: 9.13792%; height: 37px; text-align: center;\">CCF<\/td>\n<td style=\"width: 11.5517%; height: 37px; text-align: center;\">\u00a0<\/td>\n<\/tr>\n<tr style=\"height: 79px;\">\n<td class=\"has-text-align-left\" style=\"width: 76.2069%; height: 69px;\" data-align=\"left\">EP3 \u2013Conseil et accompagnement du client dans son parcours d\u2019achat<\/td>\n<td style=\"width: 1.72414%; height: 69px; text-align: center;\">6<\/td>\n<td style=\"width: 9.13792%; height: 69px; text-align: center;\">CCF<\/td>\n<td style=\"width: 11.5517%; height: 69px; text-align: center;\">\u00a0<\/td>\n<\/tr>\n<tr style=\"height: 58px;\">\n<td class=\"has-text-align-left\" style=\"width: 76.2069%; height: 58px;\" data-align=\"left\"><strong>UNIT\u00c9S D\u2019ENSEIGNEMENT G\u00c9N\u00c9RAL<\/strong><\/td>\n<td style=\"width: 1.72414%; height: 58px; text-align: center;\">\u00a0<\/td>\n<td style=\"width: 9.13792%; height: 58px; text-align: center;\">\u00a0<\/td>\n<td style=\"width: 11.5517%; height: 58px; text-align: center;\">\u00a0<\/td>\n<\/tr>\n<tr style=\"height: 58px;\">\n<td class=\"has-text-align-left\" style=\"width: 76.2069%; height: 58px;\" data-align=\"left\">EG1 \u2013Pr\u00e9vention-sant\u00e9-environnement<\/td>\n<td style=\"width: 1.72414%; height: 58px; text-align: center;\">1<\/td>\n<td style=\"width: 9.13792%; height: 58px; text-align: center;\">CCF<\/td>\n<td style=\"width: 11.5517%; height: 58px; text-align: center;\">\u00a0<\/td>\n<\/tr>\n<tr style=\"height: 37px;\">\n<td class=\"has-text-align-left\" style=\"width: 76.2069%; height: 37px;\" data-align=\"left\">EG2\u2013Fran\u00e7ais, histoire-g\u00e9ographie\u2013enseignement moral et civique<\/td>\n<td style=\"width: 1.72414%; height: 37px; text-align: center;\">3<\/td>\n<td style=\"width: 9.13792%; height: 37px; text-align: center;\">CCF<\/td>\n<td style=\"width: 11.5517%; height: 37px; text-align: center;\">\u00a0<\/td>\n<\/tr>\n<tr style=\"height: 58px;\">\n<td class=\"has-text-align-left\" style=\"width: 76.2069%; height: 58px;\" data-align=\"left\">EG3\u2013Math\u00e9matiques et physique-chimie<\/td>\n<td style=\"width: 1.72414%; height: 58px; text-align: center;\">2<\/td>\n<td style=\"width: 9.13792%; height: 58px; text-align: center;\">CCF<\/td>\n<td style=\"width: 11.5517%; height: 58px; text-align: center;\">\u00a0<\/td>\n<\/tr>\n<tr style=\"height: 37px;\">\n<td class=\"has-text-align-left\" style=\"width: 76.2069%; height: 37px;\" data-align=\"left\">EG4\u2013\u00c9ducation physique et sportive<\/td>\n<td style=\"width: 1.72414%; height: 37px; text-align: center;\">1<\/td>\n<td style=\"width: 9.13792%; height: 37px; text-align: center;\">CCF<\/td>\n<td style=\"width: 11.5517%; height: 37px; text-align: center;\">\u00a0<\/td>\n<\/tr>\n<tr style=\"height: 37px;\">\n<td class=\"has-text-align-left\" style=\"width: 76.2069%; height: 37px;\" data-align=\"left\">EG5 \u2013Langue vivante \u00e9trang\u00e8re<\/td>\n<td style=\"width: 1.72414%; height: 37px; text-align: center;\">1<\/td>\n<td style=\"width: 9.13792%; height: 37px; text-align: center;\">CCF<\/td>\n<td style=\"width: 11.5517%; height: 37px; text-align: center;\">\u00a0<\/td>\n<\/tr>\n<tr style=\"height: 37px;\">\n<td class=\"has-text-align-left\" style=\"width: 76.2069%; height: 37px;\" data-align=\"left\"><em>\u00c9preuve Facultative\u2013Langue vivante<sup>2<\/sup><\/em><\/td>\n<td style=\"width: 1.72414%; height: 37px; text-align: center;\">1<\/td>\n<td style=\"width: 9.13792%; height: 37px; text-align: center;\">Ponctuel oral<\/td>\n<td style=\"width: 11.5517%; height: 37px; text-align: center;\">12 min<\/td>\n<\/tr>\n<\/tbody>\n<\/table>\n<\/figure>\n\n\n\n<div class=\"wp-block-columns is-layout-flex wp-container-core-columns-is-layout-1 wp-block-columns-is-layout-flex\">\n<div class=\"wp-block-column is-layout-flow wp-block-column-is-layout-flow\" style=\"flex-basis:100%\"><\/div>\n<\/div>\n\n\n\n<p><span style=\"font-size: 14px;\"><em data-rich-text-format-boundary=\"true\"><sup>1<\/sup> CCF : Contr\u00f4le en cours de formation<br data-rich-text-line-break=\"true\" \/><sup>2<\/sup> Seuls les points au-dessus de 10 sont pris en compte pour la d\u00e9livrance du dipl\u00f4m<\/em>e<\/span><\/p>\n","protected":false},"excerpt":{"rendered":"<p>Candidats sous statut scolaire dans un \u00e9tablissement public ou priv\u00e9 sous contrat \u00c9preuves Coef. Mode Dur\u00e9e UNIT\u00c9S PROFESSIONNELLES \u00a0 \u00a0 \u00a0 EP1 \u2013R\u00e9ception et suivi des commandes 3 CCF1 \u00a0 EP2 \u2013Mise en valeur et approvisionnement 5 CCF \u00a0 EP3 \u2013Conseil et accompagnement du client dans son parcours d\u2019achat 6 CCF \u00a0 UNIT\u00c9S D\u2019ENSEIGNEMENT G\u00c9N\u00c9RAL [&hellip;]<\/p>\n","protected":false},"author":1,"featured_media":0,"parent":0,"menu_order":0,"comment_status":"closed","ping_status":"closed","template":"","meta":{"footnotes":""},"_links":{"self":[{"href":"https:\/\/www.cerpeg.fr\/capepc\/wp-json\/wp\/v2\/pages\/513"}],"collection":[{"href":"https:\/\/www.cerpeg.fr\/capepc\/wp-json\/wp\/v2\/pages"}],"about":[{"href":"https:\/\/www.cerpeg.fr\/capepc\/wp-json\/wp\/v2\/types\/page"}],"author":[{"embeddable":true,"href":"https:\/\/www.cerpeg.fr\/capepc\/wp-json\/wp\/v2\/users\/1"}],"replies":[{"embeddable":true,"href":"https:\/\/www.cerpeg.fr\/capepc\/wp-json\/wp\/v2\/comments?post=513"}],"version-history":[{"count":28,"href":"https:\/\/www.cerpeg.fr\/capepc\/wp-json\/wp\/v2\/pages\/513\/revisions"}],"predecessor-version":[{"id":760,"href":"https:\/\/www.cerpeg.fr\/capepc\/wp-json\/wp\/v2\/pages\/513\/revisions\/760"}],"wp:attachment":[{"href":"https:\/\/www.cerpeg.fr\/capepc\/wp-json\/wp\/v2\/media?parent=513"}],"curies":[{"name":"wp","href":"https:\/\/api.w.org\/{rel}","templated":true}]}}