{"id":859,"date":"2022-12-11T11:09:09","date_gmt":"2022-12-11T10:09:09","guid":{"rendered":"https:\/\/www.cerpeg.fr\/capepc\/?page_id=859"},"modified":"2023-01-07T17:54:35","modified_gmt":"2023-01-07T16:54:35","slug":"cookies","status":"publish","type":"page","link":"https:\/\/www.cerpeg.fr\/capepc\/cookies\/","title":{"rendered":"Cookies"},"content":{"rendered":"\n<p class=\"has-luminous-vivid-orange-color has-text-color has-medium-font-size\"><strong>Informations g\u00e9n\u00e9rales sur les cookies<\/strong><\/p>\n\n\n\n<p>Un \u00ab\u00a0cookie\u00a0\u00bb est une suite d&rsquo;informations, g\u00e9n\u00e9ralement de petite taille et identifi\u00e9 par un nom, qui peut \u00eatre transmis \u00e0 votre navigateur par un site web sur lequel vous vous connectez. Votre navigateur web le conservera pendant une certaine dur\u00e9e, et le renverra au serveur web chaque fois que vous vous y re-connecterez. <\/p>\n\n\n\n<p>Les cookies ont de multiples usages : ils peuvent servir \u00e0 m\u00e9moriser votre identifiant client aupr\u00e8s d&rsquo;un site marchand, le contenu courant de votre panier d&rsquo;achat, un identifiant permettant de tracer votre navigation pour des finalit\u00e9s statistiques ou publicitaires, etc.<\/p>\n\n\n\n<p>Un cookie est d\u00e9pos\u00e9 afin de m\u00e9moriser votre choix d&rsquo;activation ou de refus de cookies tiers.<br>Cookies tiers<\/p>\n\n\n\n<p class=\"has-luminous-vivid-orange-color has-text-color has-medium-font-size\"><strong>Gestion des cookies du site<\/strong><\/p>\n\n\n\n<p>Ce site web utilise l&rsquo;application <strong>Matomo <\/strong>avec une configuration conforme \u00e0 la r\u00e9glementation sur la protection des donn\u00e9es personnelles et aux recommandations de la CNIL (Commission Nationale de l&rsquo;Informatique et des Libert\u00e9s). Cette configuration permet notamment de rendre anonyme les donn\u00e9es des visiteurs et de limiter le d\u00e9lai de conservation de ces donn\u00e9es \u00e0 13 mois maximum.<br>Avec cette configuration, le consentement pr\u00e9alable au d\u00e9p\u00f4t des cookies <em>Matomo <\/em>n&rsquo;est pas obligatoire. Vous pouvez n\u00e9anmoins vous opposer \u00e0 tout moment au d\u00e9p\u00f4t des cookies <em>Matomo <\/em>en d\u00e9cochant la case ci-dessous : <em>\u00ab\u00a0Configurer son navigateur pour bloquer les cookies<\/em>\u00ab\u00a0<\/p>\n\n\n\n<p>Les cookies sont stock\u00e9s dans votre navigateur. Vous avez la possibilit\u00e9 de configurer les param\u00e8tres de votre navigateur pour vous opposer directement \u00e0 l&rsquo;enregistrement des cookies. Toutefois, certaines fonctionnalit\u00e9s du site pourraient en \u00eatre affect\u00e9es.<\/p>\n\n\n\n<ul>\n<li><a rel=\"noreferrer noopener\" href=\"https:\/\/support.google.com\/accounts\/answer\/61416?hl=fr\" target=\"_blank\">Chrome<\/a><\/li>\n\n\n\n<li><a rel=\"noreferrer noopener\" href=\"https:\/\/support.mozilla.org\/fr\/kb\/protection-renforcee-contre-pistage-firefox-ordinateur?redirectslug=activer-desactiver-cookies&amp;redirectlocale=fr\" target=\"_blank\">Firefox<\/a><\/li>\n<\/ul>\n\n\n\n<p><\/p>\n\n\n\n<p class=\"has-luminous-vivid-orange-color has-text-color has-medium-font-size\"><strong>Types de cookies utilis\u00e9s sur le site<\/strong><\/p>\n\n\n\n<p class=\"has-vivid-cyan-blue-color has-text-color\"><strong>Cookies strictement n\u00e9cessaires<\/strong><\/p>\n\n\n\n<p>Ils sont indispensables au fonctionnement d&rsquo;un site Web. Il s&rsquo;agit par exemple des cookies utilis\u00e9s pour d\u00e9terminer si l&rsquo;appareil utilis\u00e9 est un smartphone ou un PC.<br>Ces cookies sont essentiels pour vous permettre de naviguer sur le site Web et d&rsquo;utiliser ses fonctionnalit\u00e9s. Sans ces cookies, le site pourrait ne pas fonctionner correctement.<\/p>\n\n\n\n<p class=\"has-vivid-cyan-blue-color has-text-color\"><strong>Cookies de performance\/de mesure d&rsquo;audience<\/strong><\/p>\n\n\n\n<p>Ces cookies recueillent des informations sur la mani\u00e8re dont les visiteurs utilisent un site Web <br>(page visit\u00e9es, temps pass\u00e9s sur la page, taux de rebond, zone g\u00e9ographique, etc.). <\/p>\n\n\n\n<div style=\"height:46px\" aria-hidden=\"true\" class=\"wp-block-spacer\"><\/div>\n\n\n\n<p><strong>Ces cookies ne recueillent pas d&rsquo;informations identifiant les visiteurs.<\/strong><br><strong>Toutes les informations recueillies par ces cookies sont agr\u00e9g\u00e9es et donc anonymes. Elles sont utilis\u00e9es exclusivement pour am\u00e9liorer le fonctionnement d&rsquo;un site Web.<\/strong><\/p>\n\n\n\n<div id=\"matomo-opt-out\" style=\"font-size: 16px; font-family: calibri; color: #3c9bbf; background-color: #f1f1f1; \"><\/div>\n<script>    \n    var settings = {\"showIntro\":true,\"divId\":\"matomo-opt-out\",\"useSecureCookies\":true,\"cookiePath\":null,\"cookieDomain\":null,\"cookieSameSite\":\"Lax\",\"OptOutComplete\":\"Cookie d'exclusion install\\u00e9. Vos visites sur ce site web ne seront PAS enregistr\\u00e9es par notre outil d'analyse web.\",\"OptOutCompleteBis\":\"Note\\u00a0: si vous nettoyez vos cookies et supprimez le cookie d'exclusion, ou bien si vous changez d'ordinateur et\\\/ou de navigateur, il vous faudra de nouveau effectuer la proc\\u00e9dure d'exclusion.\",\"YouMayOptOut2\":\"Vous pouvez vous opposer au suivi de votre navigation sur ce site web.\",\"YouMayOptOut3\":\"Cela prot\\u00e9gera votre vie priv\\u00e9e, mais emp\\u00eachera \\u00e9galement le propri\\u00e9taire d'apprendre de vos actions et de cr\\u00e9er une meilleure exp\\u00e9rience pour vous et les autres utilisateurs.\",\"OptOutErrorNoCookies\":\"La fonctionnalit\\u00e9 de d\\u00e9sactivation du suivi n\\u00e9cessite que les cookies soient autoris\\u00e9s.\",\"OptOutErrorNotHttps\":\"La fonctionnalit\\u00e9 de d\\u00e9sactivation du suivi pourrait ne pas fonctionner car ce site n'a pas \\u00e9t\\u00e9 charg\\u00e9 en HTTPS. Veuillez recharger la page pour v\\u00e9rifier que le statut de ce suivi a bien \\u00e9t\\u00e9 chang\\u00e9.\",\"YouAreNotOptedOut\":\"Vous n'\\u00eates pas exclu(e).\",\"UncheckToOptOut\":\"D\\u00e9cochez cette case pour vous exclure.\",\"YouAreOptedOut\":\"Vous n'\\u00eates actuellement pas suivi(e).\",\"CheckToOptIn\":\"Cochez cette case pour ne plus \\u00eatre exclu(e).\"};         \n    document.addEventListener('DOMContentLoaded', function() {                             \n        window.MatomoConsent.init(settings.useSecureCookies, settings.cookiePath, settings.cookieDomain, settings.cookieSameSite);                \n        showContent(window.MatomoConsent.hasConsent());        \n    });    \n    \n    \n        function showContent(consent, errorMessage = null, useTracker = false) {\n    \n            var errorBlock = '<p style=\"color: red; font-weight: bold;\">';\n    \n            var div = document.getElementById(settings.divId);\n            if (!div) {\n                const warningDiv = document.createElement(\"div\");\n                var msg = 'Unable to find opt-out content div: \"'+settings.divId+'\"';\n                warningDiv.id = settings.divId+'-warning';\n                warningDiv.innerHTML = errorBlock+msg+'<\/p>';\n                document.body.insertBefore(warningDiv, document.body.firstChild);\n                console.log(msg);\n                return;\n            }\n            \n            if (!navigator || !navigator.cookieEnabled) {\n                div.innerHTML = errorBlock+settings.OptOutErrorNoCookies+'<\/p>';\n                return;\n            }\n            if (location.protocol !== 'https:') {\n                div.innerHTML = errorBlock+settings.OptOutErrorNotHttps+'<\/p>';\n                return;\n            }        \n            if (errorMessage !== null) {\n                div.innerHTML = errorBlock+errorMessage+'<\/p>';\n                return;\n            }\n            var content = '';        \n            if (consent) {\n                if (settings.showIntro) {\n                    content += '<p>'+settings.YouMayOptOut2+' '+settings.YouMayOptOut3+'<\/p>';                       \n                }\n                if (useTracker) {\n                    content += '<input onclick=\"_paq.push([\\'optUserOut\\']);showContent(false, null, true);\" id=\"trackVisits\" type=\"checkbox\" checked=\"checked\" \/>';\n                } else {\n                    content += '<input onclick=\"window.MatomoConsent.consentRevoked();showContent(false);\" id=\"trackVisits\" type=\"checkbox\" checked=\"checked\" \/>';\n                }\n                content += '<label for=\"trackVisits\"><strong><span>'+settings.YouAreNotOptedOut+' '+settings.UncheckToOptOut+'<\/span><\/strong><\/label>';                               \n            } else {\n                if (settings.showIntro) {\n                    content += '<p>'+settings.OptOutComplete+' '+settings.OptOutCompleteBis+'<\/p>';\n                }\n                if (useTracker) {\n                    content += '<input onclick=\"_paq.push([\\'forgetUserOptOut\\']);showContent(true, null, true);\" id=\"trackVisits\" type=\"checkbox\" \/>';\n                } else {\n                    content += '<input onclick=\"window.MatomoConsent.consentGiven();showContent(true);\" id=\"trackVisits\" type=\"checkbox\" \/>';\n                }\n                content += '<label for=\"trackVisits\"><strong><span>'+settings.YouAreOptedOut+' '+settings.CheckToOptIn+'<\/span><\/strong><\/label>';\n            }                   \n            div.innerHTML = content;      \n        };   \n\n        window.MatomoConsent = {                         \n            cookiesDisabled: (!navigator || !navigator.cookieEnabled),        \n            CONSENT_COOKIE_NAME: 'mtm_consent', CONSENT_REMOVED_COOKIE_NAME: 'mtm_consent_removed', \n            cookieIsSecure: false, useSecureCookies: true, cookiePath: '', cookieDomain: '', cookieSameSite: 'Lax',     \n            init: function(useSecureCookies, cookiePath, cookieDomain, cookieSameSite) {\n                this.useSecureCookies = useSecureCookies; this.cookiePath = cookiePath;\n                this.cookieDomain = cookieDomain; this.cookieSameSite = cookieSameSite;\n                if(useSecureCookies && location.protocol !== 'https:') {\n                    console.log('Error with setting useSecureCookies: You cannot use this option on http.');             \n                } else {\n                    this.cookieIsSecure = useSecureCookies;\n                }\n            },               \n            hasConsent: function() {\n                var consentCookie = this.getCookie(this.CONSENT_COOKIE_NAME);\n                var removedCookie = this.getCookie(this.CONSENT_REMOVED_COOKIE_NAME);\n                if (!consentCookie && !removedCookie) {\n                    return true; \/\/ No cookies set, so opted in\n                }\n                if (removedCookie && consentCookie) {                \n                    this.setCookie(this.CONSENT_COOKIE_NAME, '', -129600000);              \n                    return false;\n                }                \n                return (consentCookie || consentCookie !== 0);            \n            },        \n            consentGiven: function() {                                                        \n                this.setCookie(this.CONSENT_REMOVED_COOKIE_NAME, '', -129600000);\n                this.setCookie(this.CONSENT_COOKIE_NAME, new Date().getTime(), 946080000000);\n            },      \n            consentRevoked: function() {    \n                this.setCookie(this.CONSENT_COOKIE_NAME, '', -129600000);\n                this.setCookie(this.CONSENT_REMOVED_COOKIE_NAME, new Date().getTime(), 946080000000);                \n            },                   \n            getCookie: function(cookieName) {            \n                var cookiePattern = new RegExp('(^|;)[ ]*' + cookieName + '=([^;]*)'), cookieMatch = cookiePattern.exec(document.cookie);\n                return cookieMatch ? window.decodeURIComponent(cookieMatch[2]) : 0;\n            },        \n            setCookie: function(cookieName, value, msToExpire) {                       \n                var expiryDate = new Date();\n                expiryDate.setTime((new Date().getTime()) + msToExpire);            \n                document.cookie = cookieName + '=' + window.encodeURIComponent(value) +\n                    (msToExpire ? ';expires=' + expiryDate.toGMTString() : '') +\n                    ';path=' + (this.cookiePath || '\/') +\n                    (this.cookieDomain ? ';domain=' + this.cookieDomain : '') +\n                    (this.cookieIsSecure ? ';secure' : '') +\n                    ';SameSite=' + this.cookieSameSite;               \n                if ((!msToExpire || msToExpire >= 0) && this.getCookie(cookieName) !== String(value)) {\n                    console.log('There was an error setting cookie `' + cookieName + '`. Please check domain and path.');                \n                }\n            }\n        };           \n<\/script>\n    \n","protected":false},"excerpt":{"rendered":"<p>Informations g\u00e9n\u00e9rales sur les cookies Un \u00ab\u00a0cookie\u00a0\u00bb est une suite d&rsquo;informations, g\u00e9n\u00e9ralement de petite taille et identifi\u00e9 par un nom, qui peut \u00eatre transmis \u00e0 votre navigateur par un site web sur lequel vous vous connectez. Votre navigateur web le conservera pendant une certaine dur\u00e9e, et le renverra au serveur web chaque fois que vous [&hellip;]<\/p>\n","protected":false},"author":2,"featured_media":0,"parent":0,"menu_order":0,"comment_status":"closed","ping_status":"closed","template":"","meta":{"footnotes":""},"_links":{"self":[{"href":"https:\/\/www.cerpeg.fr\/capepc\/wp-json\/wp\/v2\/pages\/859"}],"collection":[{"href":"https:\/\/www.cerpeg.fr\/capepc\/wp-json\/wp\/v2\/pages"}],"about":[{"href":"https:\/\/www.cerpeg.fr\/capepc\/wp-json\/wp\/v2\/types\/page"}],"author":[{"embeddable":true,"href":"https:\/\/www.cerpeg.fr\/capepc\/wp-json\/wp\/v2\/users\/2"}],"replies":[{"embeddable":true,"href":"https:\/\/www.cerpeg.fr\/capepc\/wp-json\/wp\/v2\/comments?post=859"}],"version-history":[{"count":4,"href":"https:\/\/www.cerpeg.fr\/capepc\/wp-json\/wp\/v2\/pages\/859\/revisions"}],"predecessor-version":[{"id":865,"href":"https:\/\/www.cerpeg.fr\/capepc\/wp-json\/wp\/v2\/pages\/859\/revisions\/865"}],"wp:attachment":[{"href":"https:\/\/www.cerpeg.fr\/capepc\/wp-json\/wp\/v2\/media?parent=859"}],"curies":[{"name":"wp","href":"https:\/\/api.w.org\/{rel}","templated":true}]}}