{"id":1086,"date":"2021-08-05T17:00:17","date_gmt":"2021-08-05T15:00:17","guid":{"rendered":"http:\/\/www.cerpeg.fr\/mcsno\/?page_id=1086"},"modified":"2021-08-05T17:03:40","modified_gmt":"2021-08-05T15:03:40","slug":"presentation-de-la-mention","status":"publish","type":"page","link":"https:\/\/www.cerpeg.fr\/mcsno\/presentation-de-la-mention\/","title":{"rendered":"Pr\u00e9sentation de la mention"},"content":{"rendered":"\n<h2 class=\"has-vivid-cyan-blue-color has-text-color wp-block-heading\">Contexte professionnel<\/h2>\n\n\n\n<h3 class=\"has-vivid-cyan-blue-color has-text-color wp-block-heading\">Champ d\u2019activit\u00e9<\/h3>\n\n\n\n<p>La personne titulaire du dipl\u00f4me exerce des activit\u00e9s li\u00e9es au fonctionnement du syst\u00e8me d\u2019information d\u2019une organisation et de sa pr\u00e9sence en ligne. Sous l\u2019autorit\u00e9 de son ou sa responsable hi\u00e9rarchique, elle est garante de son action sur les plans technique et organisationnel, dans la limite des cadres r\u00e9glementaires. En utilisant ses comp\u00e9tences techniques, de communication et d\u2019animation, elle participe au bon usage des outils num\u00e9riques et des applications en assistant les utilisateurs, en contribuant \u00e0 la qualit\u00e9 de la pr\u00e9sence en ligne de l\u2019organisation et \u00e0 la s\u00e9curit\u00e9 de son syst\u00e8me d\u2019information.<\/p>\n\n\n\n<p>Les modes d\u2019intervention qu\u2019elle d\u00e9veloppe s\u2019inscrivent dans une logique de travail collectif, collaboratif et partenarial, prenant en compte notamment les d\u00e9marches de d\u00e9veloppement de l\u2019organisation, de formation et de pr\u00e9vention des diff\u00e9rents collaborateurs et en s\u2019inscrivant dans une logique de projet.<\/p>\n\n\n\n<p>Les organisations d\u2019exercice sont des organisations principalement de petite et moyenne tailles, impact\u00e9es par la transformation num\u00e9rique.<\/p>\n\n\n\n<h3 class=\"has-vivid-cyan-blue-color has-text-color wp-block-heading\">Emplois concern\u00e9s<\/h3>\n\n\n\n<p>La cr\u00e9ation de cette mention compl\u00e9mentaire \u00ab Services num\u00e9riques aux organisations \u00bb r\u00e9pond aux besoins identifi\u00e9s notamment pour les fonctions de techniciens(nes) g\u00e9n\u00e9ralistes du num\u00e9rique, de d\u00e9veloppeurs(ses) int\u00e9grateurs(trices) de proximit\u00e9, d\u2019accompagnateurs(trices) \u00e0 la mise en \u0153uvre efficace et s\u00e9curis\u00e9e du syst\u00e8me d\u2019information.<\/p>\n\n\n\n<p>Les appellations emplois possibles sont les suivantes :<\/p>\n\n\n\n<ul><li>d\u00e9veloppeur(se)\u2010int\u00e9grateur(trice) ;<\/li><li><em>webmaster<\/em>\/administrateur(trice) de site ;<\/li><li>assistant(e) chef(fe) de projet technique (<em>Web<\/em>) ;<\/li><li>assistant(e)\/technicien(ne) support et d\u00e9ploiement (sites <em>Web<\/em>, CMS) ;<\/li><li>assistant(e)\/technicien(ne) de maintenance (sites <em>Web<\/em>, CMS) ;<\/li><li>assistant(e)\/technicien(ne) poste de travail (logiciels, s\u00e9curit\u00e9, hygi\u00e8ne informatique) ;<\/li><li>assistant(e)\/technicien(ne) micro\u2010informatique (logiciels, s\u00e9curit\u00e9, hygi\u00e8ne informatique) ;<\/li><li>assistant(e) micro\u2010informatique (logiciels, s\u00e9curit\u00e9, hygi\u00e8ne informatique) ;<\/li><li>assistant(e)\/technicien(ne) sur site ;<\/li><li>assistant(e) aux utilisateurs ;<\/li><li>conseiller(\u00e8re) m\u00e9diateur(trice) en num\u00e9rique<\/li><li>Etc.<\/li><\/ul>\n\n\n\n<p><\/p>\n\n\n\n<h3 class=\"has-vivid-cyan-blue-color has-text-color wp-block-heading\">Organisations concern\u00e9es (entreprises, organismes publics et associations)<\/h3>\n\n\n\n<p>La personne titulaire de la mention compl\u00e9mentaire \u00ab Services num\u00e9riques aux organisations \u00bb exerce ses fonctions au sein d\u2019organisations impact\u00e9es par la transformation num\u00e9rique qui sous l\u2019effet de la d\u00e9mat\u00e9rialisation, l\u2019automatisation et la d\u00e9sinterm\u00e9diation\/r\u00e9interm\u00e9diation, rendues possibles par les technologies num\u00e9riques, modifient en profondeur leur fonctionnement.<\/p>\n\n\n\n<p>Les organisations peuvent \u00eatre publiques ou priv\u00e9es. On peut citer notamment les collectivit\u00e9s territoriales, les administrations publiques, les associations, les Tr\u00e8s petites entreprises (TPE) et les Petites et moyennes entreprises (PME) quel que soit leur secteur d\u2019activit\u00e9.<\/p>\n\n\n\n<h3 class=\"wp-block-heading\"><span style=\"color:#0693e3\" class=\"tadv-color\">Situation fonctionnelle<\/span><\/h3>\n\n\n\n<p>L\u2019activit\u00e9 professionnelle est caract\u00e9ris\u00e9e par la diversit\u00e9 des organisations, des projets et des publics avec une utilisation d\u2019outils num\u00e9riques et informatiques vari\u00e9s.<\/p>\n\n\n\n<p>La personne titulaire de la mention compl\u00e9mentaire, dans les limites de sa responsabilit\u00e9 et de son autonomie \u2010 sous la direction d\u2019une personne responsable ou cheffe d\u2019\u00e9quipe \u2010 est conduite \u00e0 :<\/p>\n\n\n\n<ul><li>comprendre le fonctionnement du syst\u00e8me d\u2019information de l\u2019organisation en question et avoir une vision lui permettant de collaborer avec tous les partenaires concern\u00e9s (collaborateurs de l\u2019organisation, prestataires, fournisseurs, clients ou encore usagers) ;<\/li><li>assurer l\u2019interface, la m\u00e9diation entre les diff\u00e9rents acteurs internes et externes de l\u2019organisation pour favoriser un bon usage des solutions num\u00e9riques et la qualit\u00e9 de la pr\u00e9sence en ligne. Elle doit donc mobiliser une v\u00e9ritable professionnalit\u00e9 relationnelle visant \u00e0 maintenir et \u00e0 d\u00e9velopper les relations tout en \u00e9tant porteuse de l\u2019image, des valeurs et de l\u2019\u00e9thique de l\u2019organisation ;<\/li><li>accompagner l\u2019organisation dans la gestion du syst\u00e8me d\u2019information, de communication, en collaborant en mode projet.<\/li><\/ul>\n\n\n\n<p>Elle a un r\u00f4le d\u2019assistant(e) aupr\u00e8s des responsables, de support pour les autres membres de l\u2019organisation et de r\u00e9f\u00e9rent(e) reconnu(e) par les tiers.<\/p>\n\n\n\n<h3 class=\"has-vivid-cyan-blue-color has-text-color wp-block-heading\">Conditions g\u00e9n\u00e9rales d\u2019exercice<\/h3>\n\n\n\n<p>La personne titulaire du dipl\u00f4me exerce son activit\u00e9 sous l\u2019autorit\u00e9 de la personne responsable de l\u2019organisation ou du service auquel elle est rattach\u00e9e.<\/p>\n\n\n\n<p>Elle est en relation avec les r\u00e9f\u00e9rents :<\/p>\n\n\n\n<ul><li>du syst\u00e8me d\u2019information interne et\/ou externe ;<\/li><li>de la politique de communication en interne et\/ou \u00e0 l\u2019externe.<\/li><\/ul>\n\n\n\n<p>Pour conduire ses missions, la personne titulaire du dipl\u00f4me doit :<\/p>\n\n\n\n<ul><li>conna\u00eetre et comprendre l\u2019organigramme, les m\u00e9tiers et les objectifs de l\u2019organisation;<\/li><li>adapter la communication \u00e0 la diversit\u00e9 des situations et des cibles ainsi que respecter les valeurs de l\u2019organisation;<\/li><li>faire preuve d\u2019autonomie et d\u2019initiative pour mobiliser les m\u00e9thodes et outils pour apprendre ;<\/li><li>s\u2019impliquer, de fa\u00e7on efficiente, dans le d\u00e9veloppement des activit\u00e9s de l\u2019organisation.<\/li><\/ul>\n\n\n\n<p>.<\/p>\n\n\n\n<h2 class=\"has-vivid-cyan-blue-color has-text-color wp-block-heading\">Perspectives<\/h2>\n\n\n\n<p>La mention compl\u00e9mentaire \u00ab Services num\u00e9riques aux organisations \u00bb constitue une premi\u00e8re qualification post\u2010baccalaur\u00e9at pour des bacheliers et leur permet d\u2019entrer dans la vie professionnelle puis de pouvoir \u00e9voluer gr\u00e2ce \u00e0 la formation continue et d\u2019envisager la pr\u00e9paration du brevet de technicien sup\u00e9rieur \u00ab Services informatiques aux organisations \u00bb.<\/p>\n","protected":false},"excerpt":{"rendered":"<p>Contexte professionnel Champ d\u2019activit\u00e9 La personne titulaire du dipl\u00f4me exerce des activit\u00e9s li\u00e9es au fonctionnement du syst\u00e8me d\u2019information d\u2019une organisation et de sa pr\u00e9sence en ligne. Sous l\u2019autorit\u00e9 de son ou sa responsable hi\u00e9rarchique, elle est garante de son action sur les plans technique et organisationnel, dans la limite des cadres r\u00e9glementaires. En utilisant ses [&hellip;]<\/p>\n","protected":false},"author":1,"featured_media":0,"parent":0,"menu_order":0,"comment_status":"closed","ping_status":"closed","template":"","meta":{"footnotes":""},"_links":{"self":[{"href":"https:\/\/www.cerpeg.fr\/mcsno\/wp-json\/wp\/v2\/pages\/1086"}],"collection":[{"href":"https:\/\/www.cerpeg.fr\/mcsno\/wp-json\/wp\/v2\/pages"}],"about":[{"href":"https:\/\/www.cerpeg.fr\/mcsno\/wp-json\/wp\/v2\/types\/page"}],"author":[{"embeddable":true,"href":"https:\/\/www.cerpeg.fr\/mcsno\/wp-json\/wp\/v2\/users\/1"}],"replies":[{"embeddable":true,"href":"https:\/\/www.cerpeg.fr\/mcsno\/wp-json\/wp\/v2\/comments?post=1086"}],"version-history":[{"count":6,"href":"https:\/\/www.cerpeg.fr\/mcsno\/wp-json\/wp\/v2\/pages\/1086\/revisions"}],"predecessor-version":[{"id":1094,"href":"https:\/\/www.cerpeg.fr\/mcsno\/wp-json\/wp\/v2\/pages\/1086\/revisions\/1094"}],"wp:attachment":[{"href":"https:\/\/www.cerpeg.fr\/mcsno\/wp-json\/wp\/v2\/media?parent=1086"}],"curies":[{"name":"wp","href":"https:\/\/api.w.org\/{rel}","templated":true}]}}