{"id":385,"date":"2021-02-23T14:08:24","date_gmt":"2021-02-23T13:08:24","guid":{"rendered":"http:\/\/www.cerpeg.fr\/bcpagora\/?page_id=385"},"modified":"2021-08-05T11:03:16","modified_gmt":"2021-08-05T09:03:16","slug":"bloc-3-administrer-le-personnel","status":"publish","type":"page","link":"https:\/\/www.cerpeg.fr\/mcsno\/bloc-3-administrer-le-personnel\/","title":{"rendered":"Bloc 3 \u2013 Accompagner les utilisateurs aux usages du num\u00e9rique"},"content":{"rendered":"\n<p><\/p>\n\n\n\n<p>Le contexte de mise en \u0153uvre des comp\u00e9tences du bloc 3 implique la mobilisation des comp\u00e9tences transversales suivantes :<br>\u2010 se rep\u00e9rer dans une organisation ;<br>\u2010 adapter sa communication \u00e0 la diversit\u00e9 des situations et des cibles, dans le respect des valeurs de l\u2019organisation ;<br>\u2010 adapter l\u2019organisation de son travail aux exigences de la situation ;<br>\u2010 actualiser ses savoirs et diversifier ses modes d\u2019apprentissage.<\/p>\n\n\n\n<!--more-->\n\n\n\n<div class=\"wp-block-group\"><div class=\"wp-block-group__inner-container is-layout-flow wp-block-group-is-layout-flow\">\n<div class=\"wp-block-columns are-vertically-aligned-center is-layout-flex wp-container-core-columns-is-layout-1 wp-block-columns-is-layout-flex\">\n<div class=\"wp-block-column is-vertically-aligned-center is-layout-flow wp-block-column-is-layout-flow\" style=\"flex-basis:100%\">\n<div class=\"wp-block-group\"><div class=\"wp-block-group__inner-container is-layout-flow wp-block-group-is-layout-flow\"><\/div><\/div>\n<\/div>\n<\/div>\n<\/div><\/div>\n\n\n\n<div class=\"wp-block-group alignwide\"><div class=\"wp-block-group__inner-container is-layout-flow wp-block-group-is-layout-flow\">\n<h4 class=\"has-vivid-cyan-blue-color has-text-color wp-block-heading\">3.1 \u2010 Soutenir les utilisateurs dans les usages d\u2019applications et services num\u00e9riques<\/h4>\n\n\n\n<p>&#8211; Cr\u00e9er, organiser et diffuser des ressources d\u2019accompagnement<br>&#8211; Assurer le support de premier niveau aux utilisateurs<br>&#8211; Mettre en place une veille professionnelle et technologique<\/p>\n\n\n\n<div class=\"wp-block-buttons is-layout-flex wp-block-buttons-is-layout-flex\">\n<div class=\"wp-block-button\"><a class=\"wp-block-button__link has-white-color has-pale-cyan-blue-background-color has-text-color has-background\" href=\"https:\/\/www.cerpeg.fr\/mcsno\/3-1-soutenir-les-utilisateurs-dans-les-usages-dapplications-et-services-numeriques\/\" target=\"_blank\" rel=\"noreferrer noopener\">En savoir plus&#8230;<\/a><\/div>\n<\/div>\n\n\n\n<p>.<\/p>\n\n\n\n<h4 class=\"has-vivid-cyan-blue-color has-text-color wp-block-heading\">3.2 \u2010 Sensibiliser les utilisateurs \u00e0 la s\u00e9curit\u00e9 informatique et \u00e0 la protection des donn\u00e9es \u00e0 caract\u00e8re personnel<\/h4>\n\n\n\n<p>&#8211; Former les utilisateurs aux r\u00e8gles d\u2019hygi\u00e8ne num\u00e9rique afin de concourir \u00e0 la cybers\u00e9curit\u00e9<br>&#8211; Participer au recensement des traitements sur les donn\u00e9es \u00e0 caract\u00e8re personnel au sein de l\u2019organisation en r\u00e9f\u00e9rence notamment au r\u00e8glement g\u00e9n\u00e9ral sur la protection de donn\u00e9es (RGPD) <\/p>\n\n\n\n<div class=\"wp-block-buttons is-layout-flex wp-block-buttons-is-layout-flex\">\n<div class=\"wp-block-button\"><a class=\"wp-block-button__link has-white-color has-pale-cyan-blue-background-color has-text-color has-background\" href=\"https:\/\/www.cerpeg.fr\/mcsno\/3-2-sensibiliser-les-utilisateurs-a-la-securite-informatique-et-a-la-protection-des-donnees-a-caractere-personnel\/\" target=\"_blank\" rel=\"noreferrer noopener\">En savoir plus&#8230;<\/a><\/div>\n<\/div>\n\n\n\n<p>.<\/p>\n\n\n\n<h4 class=\"has-vivid-cyan-blue-color has-text-color wp-block-heading\">3.3 \u2010 Exploiter de la documentation technique en langue anglaise pour la rendre accessible aux utilisateurs<\/h4>\n\n\n\n<p>&#8211; Adapter en langue fran\u00e7aise de la documentation technique r\u00e9dig\u00e9e en langue anglaise<br>&#8211; Adapter en langue fran\u00e7aise des ressources multim\u00e9dias en langue anglaise<\/p>\n<\/div><\/div>\n\n\n\n<div class=\"wp-block-buttons is-layout-flex wp-block-buttons-is-layout-flex\">\n<div class=\"wp-block-button\"><a class=\"wp-block-button__link has-white-color has-pale-cyan-blue-background-color has-text-color has-background\" href=\"https:\/\/www.cerpeg.fr\/mcsno\/3-3-exploiter-documentation-technique-en-anglais\/\" target=\"_blank\" rel=\"noreferrer noopener\">En savoir plus&#8230;<\/a><\/div>\n<\/div>\n\n\n","protected":false},"excerpt":{"rendered":"<p>Le contexte de mise en \u0153uvre des comp\u00e9tences du bloc 3 implique la mobilisation des comp\u00e9tences transversales suivantes :\u2010 se rep\u00e9rer dans une organisation ;\u2010 adapter sa communication \u00e0 la diversit\u00e9 des situations et des cibles, dans le respect des valeurs de l\u2019organisation ;\u2010 adapter l\u2019organisation de son travail aux exigences de la situation ;\u2010 [&hellip;]<\/p>\n","protected":false},"author":1,"featured_media":194,"parent":0,"menu_order":0,"comment_status":"closed","ping_status":"closed","template":"","meta":{"footnotes":""},"_links":{"self":[{"href":"https:\/\/www.cerpeg.fr\/mcsno\/wp-json\/wp\/v2\/pages\/385"}],"collection":[{"href":"https:\/\/www.cerpeg.fr\/mcsno\/wp-json\/wp\/v2\/pages"}],"about":[{"href":"https:\/\/www.cerpeg.fr\/mcsno\/wp-json\/wp\/v2\/types\/page"}],"author":[{"embeddable":true,"href":"https:\/\/www.cerpeg.fr\/mcsno\/wp-json\/wp\/v2\/users\/1"}],"replies":[{"embeddable":true,"href":"https:\/\/www.cerpeg.fr\/mcsno\/wp-json\/wp\/v2\/comments?post=385"}],"version-history":[{"count":15,"href":"https:\/\/www.cerpeg.fr\/mcsno\/wp-json\/wp\/v2\/pages\/385\/revisions"}],"predecessor-version":[{"id":1076,"href":"https:\/\/www.cerpeg.fr\/mcsno\/wp-json\/wp\/v2\/pages\/385\/revisions\/1076"}],"wp:featuredmedia":[{"embeddable":true,"href":"https:\/\/www.cerpeg.fr\/mcsno\/wp-json\/"}],"wp:attachment":[{"href":"https:\/\/www.cerpeg.fr\/mcsno\/wp-json\/wp\/v2\/media?parent=385"}],"curies":[{"name":"wp","href":"https:\/\/api.w.org\/{rel}","templated":true}]}}