{"id":39,"date":"2021-02-22T16:14:09","date_gmt":"2021-02-22T15:14:09","guid":{"rendered":"http:\/\/www.cerpeg.fr\/bcpagora\/?page_id=39"},"modified":"2021-08-05T17:04:52","modified_gmt":"2021-08-05T15:04:52","slug":"pole-1","status":"publish","type":"page","link":"https:\/\/www.cerpeg.fr\/mcsno\/pole-1\/","title":{"rendered":"P\u00f4le 1 &#8211; Contribution \u00e0 la pr\u00e9sence en ligne de l&rsquo;organisation"},"content":{"rendered":"\n<div class=\"wp-block-buttons is-content-justification-right is-layout-flex wp-block-buttons-is-layout-flex\">\n<div class=\"wp-block-button is-style-fill\"><a class=\"wp-block-button__link has-vivid-cyan-blue-background-color has-background\" href=\"https:\/\/www.cerpeg.fr\/mcsno\/category\/bloc\/bloc1\/\" style=\"border-radius:28px\" target=\"_blank\" rel=\"noreferrer noopener\">R\u00e9f. de certification BLOC 1<\/a><\/div>\n<\/div>\n\n\n\n<div style=\"height:57px\" aria-hidden=\"true\" class=\"wp-block-spacer\"><\/div>\n\n\n\n<h4 class=\"has-white-color has-pale-cyan-blue-background-color has-text-color has-background wp-block-heading\">Conditions d&rsquo;exercice<\/h4>\n\n\n\n<p>La personne titulaire du dipl\u00f4me participe au d\u00e9veloppement de la pr\u00e9sence en ligne de l\u2019organisation.<\/p>\n\n\n\n<p><strong><br>Autonomie et responsabilit\u00e9s<\/strong><br>Dans le cadre de ses activit\u00e9s de valorisation de la pr\u00e9sence en ligne de l\u2019organisation, la personne titulaire du dipl\u00f4me est autonome dans la r\u00e9alisation mais ne prend pas d\u2019initiatives. Ces marges de man\u0153uvre sont pr\u00e9alablement d\u00e9finies et d\u00e9termin\u00e9es par son ou sa responsable hi\u00e9rarchique. Elle agit dans le respect des proc\u00e9dures et r\u00e8gles en vigueur.<br>En fonction des objectifs en mati\u00e8re d\u2019\u00e9volution num\u00e9rique de l\u2019organisation, la personne titulaire du dipl\u00f4me inscrit son action dans le p\u00e9rim\u00e8tre d\u00e9fini par le cahier des charges des diff\u00e9rents projets. Sous l\u2019autorit\u00e9 du ou de la responsable hi\u00e9rarchique, elle assure toute l\u2019ex\u00e9cution du projet et sa promotion ou seulement une partie.<br>Elle alerte les acteurs et sa hi\u00e9rarchie de tout dysfonctionnement susceptible d\u2019interf\u00e9rer dans le bon fonctionnement global de l\u2019organisation et pour pr\u00e9server l\u2019e\u2010r\u00e9putation de celle\u2010ci.<\/p>\n\n\n\n<p>.<\/p>\n\n\n\n<h4 class=\"has-white-color has-pale-cyan-blue-background-color has-text-color has-background wp-block-heading\">Activit\u00e9s<\/h4>\n\n\n\n<h4 class=\"wp-block-heading\">1.1. Participation \u00e0 la mise en place et \u00e0 l\u2019actualisation d\u2019un site Web<\/h4>\n\n\n\n<ul><li>Recueil des besoins de l\u2019organisation<\/li><li>Actualisation des informations publi\u00e9es sur le site Web de l\u2019organisation<\/li><li>Participation au d\u00e9veloppement ou \u00e0 la mise \u00e0 jour du site Web en mobilisant des outils de cr\u00e9ation Web simples et de gestion de contenus en tenant compte de la r\u00e9glementation<\/li><\/ul>\n\n\n\n<p>.<\/p>\n\n\n\n<h4 class=\"wp-block-heading\">1.2. \u2010 Participation \u00e0 la valorisation de la pr\u00e9sence de l\u2019organisation sur les m\u00e9dias sociaux<\/h4>\n\n\n\n<ul><li>Mise en ligne de contenus conformes \u00e0 l\u2019image de l\u2019organisation<\/li><li>Suivi et optimisation du r\u00e9f\u00e9rencement<\/li><li>Surveillance de l\u2019e\u2010r\u00e9putation de l\u2019organisation<\/li><\/ul>\n\n\n\n<p>.<\/p>\n\n\n\n<h4 class=\"wp-block-heading\">1.3. Collaboration en mode projet<\/h4>\n\n\n\n<ul><li>Participation \u00e0 la d\u00e9finition du cahier des charges d\u2019un projet<\/li><li>Organisation documentaire du projet<\/li><li>Mobilisation d\u2019outils de gestion pour le suivi de projets<\/li><li>Communication dans le cadre d\u2019un projet<\/li><\/ul>\n\n\n\n<p><\/p>\n\n\n\n<div style=\"height:36px\" aria-hidden=\"true\" class=\"wp-block-spacer\"><\/div>\n\n\n\n<h4 class=\"has-white-color has-pale-cyan-blue-background-color has-text-color has-background wp-block-heading\">Moyens et ressources<\/h4>\n\n\n\n<p><strong>Informations disponibles<\/strong><br><strong><em>Informations d\u2019ordre r\u00e9glementair<\/em><\/strong><em><strong>e<\/strong><\/em><br>Les r\u00e8gles de d\u00e9ontologie et d\u2019\u00e9thique<br>La documentation juridique<br>I<strong><em>nformations sur l&rsquo;organisation<\/em><\/strong><br>Les caract\u00e9ristiques du contexte et de l\u2019environnement professionnel<br>Le projet global, \u00e9conomique et social<br>Les objectifs qualitatifs et quantitatifs de l&rsquo;organisation<br>Les diff\u00e9rents m\u00e9tiers de l&rsquo;organisation<br>Les principes et les r\u00e8gles propres \u00e0 l&rsquo;organisation<br>L\u2019organigramme, les annuaires interne et externe de l&rsquo;organisation<br><strong><em>Informations \u00ab m\u00e9tier \u00bb<\/em><\/strong><br>Les r\u00e8gles d\u2019acc\u00e8s \u00e0 l\u2019information, de confidentialit\u00e9 et de s\u00e9curit\u00e9<br>Les contraintes de d\u00e9lais et de priorit\u00e9s, le budget pr\u00e9visionnel du projet<br>Les tableaux de bord en usage pour la gestion de projets<br>Les bases de donn\u00e9es internes<br>La charte graphique de l&rsquo;organisation<br>Les normes et standards en mati\u00e8re d\u2019ergonomie et d\u2019accessibilit\u00e9<\/p>\n\n\n\n<hr class=\"wp-block-separator\"\/>\n\n\n\n<p><strong>\u00c9quipements et environnements num\u00e9riques<\/strong><br>\u00c9quipement informatique multim\u00e9dia connect\u00e9 aux r\u00e9seaux (internet, intranet, extranet)<br>Imprimante multifonction, scanneur<br>Mat\u00e9riel de t\u00e9l\u00e9phonie et \u00e9quipements associ\u00e9s<br>Suite bureautique<br>\u00c9diteur Web<br>Outils ou services de gestion de contenus<br>Outils ou services de communication num\u00e9rique<br>Outils ou services collaboratifs<br>Outils ou services de gestion de projets<br>R\u00e9seaux sociaux et espaces collaboratifs<\/p>\n\n\n\n<p>.<\/p>\n\n\n\n<h4 class=\"has-white-color has-pale-cyan-blue-background-color has-text-color has-background wp-block-heading\">R\u00e9sultats attendus<\/h4>\n\n\n\n<p><strong>La participation \u00e0 la mise en place et \u00e0 l\u2019actualisation du site Web respecte les pratiques de<br>l\u2019organisation :<\/strong><br>&#8211; les besoins sont recueillis de mani\u00e8re pertinente, en respectant la m\u00e9thode de l\u2019organisation ;<br>&#8211; la proc\u00e9dure pour l\u2019actualisation du site est respect\u00e9e ;<br>&#8211; la mise \u00e0 jour du site est conforme aux besoins et respecte les sp\u00e9cifications techniques et le cadre r\u00e9glementaire li\u00e9s \u00e0 son d\u00e9veloppement.<\/p>\n\n\n\n<p><br><strong>La participation \u00e0 la valorisation de l\u2019image de la structure sur les m\u00e9dias sociaux est conforme \u00e0<br>la politique de communication de l\u2019organisation <\/strong>:<br>&#8211; les contenus num\u00e9riques mis en place sont conformes \u00e0 l\u2019image de l\u2019organisation et adapt\u00e9s \u00e0 la cible ;<br>&#8211; la pr\u00e9sence en ligne est conforme aux objectifs de l\u2019organisation ;<br>&#8211; l\u2019e\u2010r\u00e9putation est au service de la politique de communication ;<br>&#8211; les outils mis en place sont coh\u00e9rents avec le projet global des diff\u00e9rents m\u00e9tiers de l\u2019organisation ;<br> &#8211; la satisfaction de l\u2019exp\u00e9rience clients ou usagers est collect\u00e9e et transmise au service charg\u00e9 de son \u00e9valuation ;<br>&#8211; la communication est conforme aux attentes, \u00e0 la r\u00e9glementation et \u00e0 l\u2019\u00e9thique professionnelle.<\/p>\n\n\n\n<p><br><strong>La collaboration en mode projet est efficiente et agile :<\/strong><br>&#8211; la participation \u00e0 la d\u00e9finition du cahier des charges d\u2019un projet, notamment les objectifs et les modalit\u00e9s organisationnelles, est pertinente ;<br>&#8211; la participation est efficace et contribue \u00e0 la faisabilit\u00e9 du projet ;<br>&#8211; la documentation est organis\u00e9e, s\u00e9curis\u00e9e et disponible (espace commun de gestion \u00e9lectronique des documents, arborescence et mod\u00e8les de document, etc.) ;<br>&#8211; un outil de gestion de projet est utilis\u00e9 de fa\u00e7on pertinente pour la planification, la collaboration et le suivi ;<br>&#8211; la communication respecte les modalit\u00e9s du travail collaboratif ;<br>&#8211; la participation \u00e0 l\u2019\u00e9valuation permet de r\u00e9aliser un bilan pertinent et l\u2019\u00e9mergence de mesures correctives.<\/p>\n","protected":false},"excerpt":{"rendered":"<p>Conditions d&rsquo;exercice La personne titulaire du dipl\u00f4me participe au d\u00e9veloppement de la pr\u00e9sence en ligne de l\u2019organisation. Autonomie et responsabilit\u00e9sDans le cadre de ses activit\u00e9s de valorisation de la pr\u00e9sence en ligne de l\u2019organisation, la personne titulaire du dipl\u00f4me est autonome dans la r\u00e9alisation mais ne prend pas d\u2019initiatives. Ces marges de man\u0153uvre sont pr\u00e9alablement [&hellip;]<\/p>\n","protected":false},"author":1,"featured_media":0,"parent":0,"menu_order":0,"comment_status":"closed","ping_status":"closed","template":"","meta":{"footnotes":""},"_links":{"self":[{"href":"https:\/\/www.cerpeg.fr\/mcsno\/wp-json\/wp\/v2\/pages\/39"}],"collection":[{"href":"https:\/\/www.cerpeg.fr\/mcsno\/wp-json\/wp\/v2\/pages"}],"about":[{"href":"https:\/\/www.cerpeg.fr\/mcsno\/wp-json\/wp\/v2\/types\/page"}],"author":[{"embeddable":true,"href":"https:\/\/www.cerpeg.fr\/mcsno\/wp-json\/wp\/v2\/users\/1"}],"replies":[{"embeddable":true,"href":"https:\/\/www.cerpeg.fr\/mcsno\/wp-json\/wp\/v2\/comments?post=39"}],"version-history":[{"count":14,"href":"https:\/\/www.cerpeg.fr\/mcsno\/wp-json\/wp\/v2\/pages\/39\/revisions"}],"predecessor-version":[{"id":754,"href":"https:\/\/www.cerpeg.fr\/mcsno\/wp-json\/wp\/v2\/pages\/39\/revisions\/754"}],"wp:attachment":[{"href":"https:\/\/www.cerpeg.fr\/mcsno\/wp-json\/wp\/v2\/media?parent=39"}],"curies":[{"name":"wp","href":"https:\/\/api.w.org\/{rel}","templated":true}]}}