{"id":41,"date":"2021-02-22T16:14:23","date_gmt":"2021-02-22T15:14:23","guid":{"rendered":"http:\/\/www.cerpeg.fr\/bcpagora\/?page_id=41"},"modified":"2021-08-04T13:41:59","modified_gmt":"2021-08-04T11:41:59","slug":"pole-2","status":"publish","type":"page","link":"https:\/\/www.cerpeg.fr\/mcsno\/pole-2\/","title":{"rendered":"P\u00f4le 2 \u2013 Participation \u00e0 la gestion des services logiciels"},"content":{"rendered":"\n<div class=\"wp-block-buttons is-content-justification-right is-layout-flex wp-block-buttons-is-layout-flex\">\n<div class=\"wp-block-button\"><a class=\"wp-block-button__link has-white-color has-vivid-cyan-blue-background-color has-text-color has-background\" href=\"https:\/\/www.cerpeg.fr\/mcsno\/category\/bloc\/bloc-2\/\" target=\"_blank\" rel=\"noreferrer noopener\">R\u00e9f. de certification BLOC 2<\/a><\/div>\n<\/div>\n\n\n\n<div style=\"height:49px\" aria-hidden=\"true\" class=\"wp-block-spacer\"><\/div>\n\n\n\n<h4 class=\"has-pale-cyan-blue-background-color has-background wp-block-heading\"><span style=\"color:#ffffff\" class=\"tadv-color\">Conditions d&rsquo;exercice<\/span><\/h4>\n\n\n\n<p>La personne titulaire du dipl\u00f4me participe \u00e0 la gestion des solutions logicielles utilis\u00e9es dans l\u2019organisation et contribue ainsi \u00e0 la qualit\u00e9 du syst\u00e8me d\u2019information.<\/p>\n\n\n\n<p><br><strong>Autonomie et responsabilit\u00e9<\/strong><br>Dans le cadre de ses activit\u00e9s, la personne titulaire du dipl\u00f4me est autonome dans la r\u00e9alisation mais ne prend pas d\u2019initiatives. Ces marges de man\u0153uvre sont pr\u00e9alablement d\u00e9finies et d\u00e9termin\u00e9es par son ou sa responsable hi\u00e9rarchique. Elle agit dans le respect des proc\u00e9dures et r\u00e8gles en vigueur.<\/p>\n\n\n\n<p>.<\/p>\n\n\n\n<h4 class=\"has-pale-cyan-blue-background-color has-background wp-block-heading\"><span style=\"color:#ffffff\" class=\"tadv-color\">Activit\u00e9s<\/span><\/h4>\n\n\n\n<h4 class=\"wp-block-heading\">2.1 &#8211; Participation \u00e0 la gestion des outils et applications num\u00e9riques \u00ab m\u00e9tier \u00bb<\/h4>\n\n\n\n<ul><li>Participation \u00e0 la gestion du parc applicatif<\/li><li>Administration des outils et applications num\u00e9riques \u00ab m\u00e9tier \u00bb<\/li><\/ul>\n\n\n\n<p>.<\/p>\n\n\n\n<h4 class=\"wp-block-heading\">2.2 &#8211; Participation \u00e0 la gestion des outils bureautiques, collaboratifs et nomades<\/h4>\n\n\n\n<ul><li>Stockage, organisation, partage et diffusion des ressources<\/li><li>Participation aux traitements de donn\u00e9es pour les analyser et les interpr\u00e9ter<\/li><li>Soutien au travail collaboratif et \u00e0 distance<\/li><\/ul>\n\n\n\n<p>.<\/p>\n\n\n\n<h4 class=\"wp-block-heading\">2.3 \u2010 Contribution \u00e0 la s\u00e9curit\u00e9 du syst\u00e8me d\u2019information de l\u2019organisation<\/h4>\n\n\n\n<ul><li>Participation \u00e0 la mise en place de proc\u00e9dures de s\u00e9curit\u00e9 num\u00e9rique<\/li><li>Gestion des profils utilisateur et des autorisations d\u2019acc\u00e8s<\/li><\/ul>\n\n\n\n<p>.<\/p>\n\n\n\n<h4 class=\"has-white-color has-pale-cyan-blue-background-color has-text-color has-background wp-block-heading\">Moyens et ressources<\/h4>\n\n\n\n<p><strong>Informations disponibles<\/strong><br><strong><em>Informations d\u2019ordre r\u00e9glementaire<\/em><\/strong><br>Les r\u00e8gles de d\u00e9ontologie et d\u2019\u00e9thique<br>La documentation juridique<br><strong><em>Informations sur l&rsquo;organisation<\/em><\/strong><br>Les caract\u00e9ristiques du contexte et de l\u2019environnement professionnel<br>Le projet global, \u00e9conomique et social<br>Les objectifs qualitatifs et quantitatifs<br>Les diff\u00e9rents m\u00e9tiers<br>Les principes et les r\u00e8gles propres \u00e0 l\u2019organisation<br>L\u2019organigramme, les annuaires interne et externe<br><strong><em>Informations \u00ab m\u00e9tier \u00bb<\/em><\/strong><br>Les r\u00e8gles d\u2019acc\u00e8s \u00e0 l\u2019information, de confidentialit\u00e9 et de s\u00e9curit\u00e9<br>Les bases de donn\u00e9es internes<br>La charte graphique de l\u2019organisation<br>Les normes et standards en mati\u00e8re d\u2019ergonomie et d\u2019accessibilit\u00e9<br>La documentation des outils ou applications num\u00e9riques \u00ab m\u00e9tier \u00bb en usage<\/p>\n\n\n\n<hr class=\"wp-block-separator\"\/>\n\n\n\n<p><strong>\u00c9quipements et environnements num\u00e9riques<\/strong><br>\u00c9quipement informatique multim\u00e9dia connect\u00e9 aux r\u00e9seaux (internet, intranet, extranet)<br>Imprimante multifonction, scanneur<br>Mat\u00e9riel de t\u00e9l\u00e9phonie et \u00e9quipements associ\u00e9s<br>Suite bureautique<br>Logiciels ou applications \u00ab m\u00e9tier \u00bb de l\u2019organisation ou Progiciel de gestion int\u00e9gr\u00e9 (PGI)<br>Outils ou services de communication num\u00e9rique<br>Outils ou services collaboratifs<br>Outils de gestion d\u2019incidents<\/p>\n\n\n\n\n\n<h4 class=\"has-white-color has-pale-cyan-blue-background-color has-text-color has-background wp-block-heading\">R\u00e9sultats attendus<\/h4>\n\n\n\n<p><strong>La participation \u00e0 la gestion des outils et applications num\u00e9riques \u00ab m\u00e9tier \u00bb est efficace et pertinente : <\/strong><\/p>\n\n\n\n<p>&#8211; le parc applicatif est g\u00e9r\u00e9 en coh\u00e9rence avec les besoins des processus ;<br>&#8211; les solutions mises \u00e0 la disposition des collaborateurs sont administr\u00e9es en fonction des usages.<\/p>\n\n\n\n<p><strong>La participation \u00e0 la gestion des outils bureautiques, collaboratifs et nomades r\u00e9pond aux besoins de l\u2019organisation et des collaborateurs :<\/strong><br>&#8211; le stockage, l\u2019organisation, le partage et la diffusion des documents num\u00e9riques permettent le bon d\u00e9roulement des processus \u00ab m\u00e9tier \u00bb et le travail collaboratif ;<br>&#8211; le traitement des donn\u00e9es r\u00e9pond aux besoins formul\u00e9s par les collaborateurs ;<br>&#8211; le soutien au travail collaboratif et \u00e0 distance r\u00e9pond aux besoins des utilisateurs et respecte les r\u00e8gles de l\u2019organisation, notamment en mati\u00e8re de s\u00e9curit\u00e9.<\/p>\n\n\n\n<p><strong>La contribution \u00e0 la s\u00e9curit\u00e9 du syst\u00e8me d\u2019information de la structure est conforme \u00e0 la politique de s\u00e9curit\u00e9 de l\u2019organisation :<\/strong><br>&#8211; les proc\u00e9dures s\u00e9curit\u00e9 du syst\u00e8me d\u2019information sont r\u00e9dig\u00e9es et accessibles aux utilisateurs ;<br>&#8211; la gestion des profils utilisateur et des autorisations d\u2019acc\u00e8s est r\u00e9alis\u00e9e en continu, conform\u00e9ment aux besoins ;<br>&#8211; les interventions permettent de pr\u00e9server l\u2019int\u00e9grit\u00e9 informatique et informationnelle de l\u2019organisation.<\/p>\n","protected":false},"excerpt":{"rendered":"<p>Conditions d&rsquo;exercice La personne titulaire du dipl\u00f4me participe \u00e0 la gestion des solutions logicielles utilis\u00e9es dans l\u2019organisation et contribue ainsi \u00e0 la qualit\u00e9 du syst\u00e8me d\u2019information. Autonomie et responsabilit\u00e9Dans le cadre de ses activit\u00e9s, la personne titulaire du dipl\u00f4me est autonome dans la r\u00e9alisation mais ne prend pas d\u2019initiatives. Ces marges de man\u0153uvre sont pr\u00e9alablement [&hellip;]<\/p>\n","protected":false},"author":1,"featured_media":0,"parent":0,"menu_order":0,"comment_status":"closed","ping_status":"closed","template":"","meta":{"footnotes":""},"_links":{"self":[{"href":"https:\/\/www.cerpeg.fr\/mcsno\/wp-json\/wp\/v2\/pages\/41"}],"collection":[{"href":"https:\/\/www.cerpeg.fr\/mcsno\/wp-json\/wp\/v2\/pages"}],"about":[{"href":"https:\/\/www.cerpeg.fr\/mcsno\/wp-json\/wp\/v2\/types\/page"}],"author":[{"embeddable":true,"href":"https:\/\/www.cerpeg.fr\/mcsno\/wp-json\/wp\/v2\/users\/1"}],"replies":[{"embeddable":true,"href":"https:\/\/www.cerpeg.fr\/mcsno\/wp-json\/wp\/v2\/comments?post=41"}],"version-history":[{"count":11,"href":"https:\/\/www.cerpeg.fr\/mcsno\/wp-json\/wp\/v2\/pages\/41\/revisions"}],"predecessor-version":[{"id":739,"href":"https:\/\/www.cerpeg.fr\/mcsno\/wp-json\/wp\/v2\/pages\/41\/revisions\/739"}],"wp:attachment":[{"href":"https:\/\/www.cerpeg.fr\/mcsno\/wp-json\/wp\/v2\/media?parent=41"}],"curies":[{"name":"wp","href":"https:\/\/api.w.org\/{rel}","templated":true}]}}