{"id":886,"date":"2021-08-04T20:31:21","date_gmt":"2021-08-04T18:31:21","guid":{"rendered":"http:\/\/www.cerpeg.fr\/mcsno\/?page_id=886"},"modified":"2021-08-05T17:51:10","modified_gmt":"2021-08-05T15:51:10","slug":"epreuves-dexamen-hors-contrat","status":"publish","type":"page","link":"https:\/\/www.cerpeg.fr\/mcsno\/epreuves-dexamen-hors-contrat\/","title":{"rendered":"\u00c9preuves d&rsquo;examen (hors contrat)"},"content":{"rendered":"\n<p><em>Candidat dans un \u00e9tablissement priv\u00e9 hors contrat<\/em><\/p>\n\n\n\n<p><em>Apprenti dans un CFA ou section d\u2019apprentissage non habilit\u00e9 \u00e0 pratiquer le CCF<\/em><\/p>\n\n\n\n<p>Candidat de la<em> formation Professionnelle continue dans un \u00e9tablissement priv\u00e9<\/em><\/p>\n\n\n\n<p>C<em>andidat justifiant d&rsquo;1 ann\u00e9e d&rsquo;activit\u00e9 professionnelle<\/em><\/p>\n\n\n\n<p><em>Candidat de l&rsquo;enseignement \u00e0 distance<\/em><\/p>\n\n\n\n\n\n<figure class=\"wp-block-table is-style-regular\">\n<table style=\"width: 97.976%; height: 227px;\">\n<thead>\n<tr style=\"height: 60px;\">\n<td class=\"has-text-align-left\" style=\"width: 67.0447%; background-color: #62bef0; height: 52px; text-align: center;\" data-align=\"left\"><span style=\"color: #ffffff;\"><strong>\u00c9preuves<\/strong><\/span><\/td>\n<td style=\"width: 9.1661%; background-color: #62bef0; height: 52px; text-align: center;\"><strong><span style=\"color: #ffffff;\">Coef.<\/span><\/strong><\/td>\n<td style=\"width: 7.84813%; background-color: #62bef0; height: 52px; text-align: center;\"><strong><span style=\"color: #ffffff;\">Mode<\/span><\/strong><\/td>\n<td style=\"width: 5.35771%; background-color: #62bef0; text-align: center;\"><strong><span style=\"color: #ffffff;\">Dur\u00e9e<\/span><span style=\"color: #ffffff;\"><br \/><\/span><\/strong><\/td>\n<\/tr>\n<\/thead>\n<tbody>\n<tr style=\"height: 38px;\">\n<td class=\"has-text-align-left\" style=\"width: 67.0447%; height: 38px;\" data-align=\"left\"><strong>E1 &#8211; Contribution \u00e0 la pr\u00e9sence en ligne<br \/>de l\u2019organisation<br \/><\/strong><\/td>\n<td style=\"width: 9.1661%; height: 38px; text-align: center;\"><strong>6<\/strong><\/td>\n<td style=\"width: 7.84813%; height: 38px; text-align: center;\">Ponctuel oral<\/td>\n<td style=\"width: 5.35771%; text-align: center;\">\n<p>40 min<\/p>\n<\/td>\n<\/tr>\n<tr style=\"height: 79px;\">\n<td class=\"has-text-align-left\" style=\"width: 67.0447%; height: 79px;\" data-align=\"left\"><strong>E2 &#8211; Participation \u00e0 la gestion des services<br \/>logiciels<br \/><\/strong><\/td>\n<td style=\"width: 9.1661%; height: 79px; text-align: center;\"><strong>6<\/strong><\/td>\n<td style=\"width: 7.84813%; height: 79px; text-align: center;\">Ponctuel oral<\/td>\n<td style=\"width: 5.35771%; text-align: center;\">\n<p>35 min<\/p>\n<\/td>\n<\/tr>\n<tr style=\"height: 58px;\">\n<td class=\"has-text-align-left\" style=\"width: 67.0447%; height: 58px;\" data-align=\"left\"><strong>E3 &#8211; Accompagnement des utilisateurs<br \/>aux usages du num\u00e9rique<br \/><\/strong><\/td>\n<td style=\"width: 9.1661%; height: 58px; text-align: center;\"><strong>6<\/strong><\/td>\n<td style=\"width: 7.84813%; height: 58px; text-align: center;\">Ponctuel pratique oral<\/td>\n<td style=\"width: 5.35771%; text-align: center;\">\n<p>2 h 30<\/p>\n<\/td>\n<\/tr>\n<\/tbody>\n<\/table>\n<\/figure>\n\n\n\n<div class=\"wp-block-columns is-layout-flex wp-container-core-columns-is-layout-1 wp-block-columns-is-layout-flex\">\n<div class=\"wp-block-column is-layout-flow wp-block-column-is-layout-flow\" style=\"flex-basis:100%\"><\/div>\n<\/div>\n","protected":false},"excerpt":{"rendered":"<p>Candidat dans un \u00e9tablissement priv\u00e9 hors contrat Apprenti dans un CFA ou section d\u2019apprentissage non habilit\u00e9 \u00e0 pratiquer le CCF Candidat de la formation Professionnelle continue dans un \u00e9tablissement priv\u00e9 Candidat justifiant d&rsquo;1 ann\u00e9e d&rsquo;activit\u00e9 professionnelle Candidat de l&rsquo;enseignement \u00e0 distance \u00c9preuves Coef. Mode Dur\u00e9e E1 &#8211; Contribution \u00e0 la pr\u00e9sence en lignede l\u2019organisation 6 [&hellip;]<\/p>\n","protected":false},"author":1,"featured_media":0,"parent":0,"menu_order":0,"comment_status":"closed","ping_status":"closed","template":"","meta":{"footnotes":""},"_links":{"self":[{"href":"https:\/\/www.cerpeg.fr\/mcsno\/wp-json\/wp\/v2\/pages\/886"}],"collection":[{"href":"https:\/\/www.cerpeg.fr\/mcsno\/wp-json\/wp\/v2\/pages"}],"about":[{"href":"https:\/\/www.cerpeg.fr\/mcsno\/wp-json\/wp\/v2\/types\/page"}],"author":[{"embeddable":true,"href":"https:\/\/www.cerpeg.fr\/mcsno\/wp-json\/wp\/v2\/users\/1"}],"replies":[{"embeddable":true,"href":"https:\/\/www.cerpeg.fr\/mcsno\/wp-json\/wp\/v2\/comments?post=886"}],"version-history":[{"count":5,"href":"https:\/\/www.cerpeg.fr\/mcsno\/wp-json\/wp\/v2\/pages\/886\/revisions"}],"predecessor-version":[{"id":1095,"href":"https:\/\/www.cerpeg.fr\/mcsno\/wp-json\/wp\/v2\/pages\/886\/revisions\/1095"}],"wp:attachment":[{"href":"https:\/\/www.cerpeg.fr\/mcsno\/wp-json\/wp\/v2\/media?parent=886"}],"curies":[{"name":"wp","href":"https:\/\/api.w.org\/{rel}","templated":true}]}}