{"id":934,"date":"2021-08-04T21:00:09","date_gmt":"2021-08-04T19:00:09","guid":{"rendered":"http:\/\/www.cerpeg.fr\/mcsno\/?page_id=934"},"modified":"2021-08-05T11:05:26","modified_gmt":"2021-08-05T09:05:26","slug":"epreuve-e3-unite-u3-accompagnement-des-utilisateurs-aux-usages-du-numerique","status":"publish","type":"page","link":"https:\/\/www.cerpeg.fr\/mcsno\/epreuve-e3-unite-u3-accompagnement-des-utilisateurs-aux-usages-du-numerique\/","title":{"rendered":"\u00c9preuve E3 (Unit\u00e9 U3) &#8211; Accompagnement des utilisateurs aux usages du num\u00e9rique"},"content":{"rendered":"\n<h2 class=\"has-vivid-cyan-blue-color has-text-color wp-block-heading\"><strong>Coefficient 6<\/strong><\/h2>\n\n\n\n<p>.<\/p>\n\n\n\n\n\n<h2 class=\"wp-block-heading\"><span dir=\"ltr\">Finalit\u00e9s et objectifs <\/span><\/h2>\n\n\n\n<p><span dir=\"ltr\"> <\/span><\/p>\n\n\n\n<p>L&rsquo;\u00e9preuve vise \u00e0 \u00e9valuer l\u2019acquisition des comp\u00e9tences du bloc 3 \u00ab Accompagner les utilisateurs aux usages du num\u00e9rique \u00bb, \u00e0 savoir :<\/p>\n\n\n\n<ul><li>soutenir les utilisateurs dans les usages des applications et services num\u00e9riques ;<\/li><li>sensibiliser les utilisateurs \u00e0 la s\u00e9curit\u00e9 informatique et \u00e0 la protection des donn\u00e9es \u00e0 caract\u00e8re personnel ;<\/li><li>exploiter une documentation technique en langue anglaise pour la rendre accessible aux utilisateurs.<\/li><\/ul>\n\n\n\n<p>.<\/p>\n\n\n\n<h2 class=\"wp-block-heading\">Modalit\u00e9s d&rsquo;\u00e9valuation<\/h2>\n\n\n\n<p><span dir=\"ltr\">Les crit\u00e8res d\u2019\u00e9valuation sont ceux exprim\u00e9s pour chaque comp\u00e9tence du bloc 3 \u00ab Accompagner les utilisateurs aux usages du num\u00e9rique \u00bb figurant dans le r\u00e9f\u00e9rentiel de comp\u00e9tences (annexe III).<\/span><\/p>\n\n\n\n<p>.<\/p>\n\n\n\n<h3 class=\"wp-block-heading\">A \u2013 Contr\u00f4le en cours de formation CCF<\/h3>\n\n\n\n<p><strong>\u00c9PREUVE PRATIQUE \u2013 L&rsquo;\u00e9preuve comporte deux situations d&rsquo;\u00e9valuation.<\/strong><\/p>\n\n\n\n<p><strong>Situation A <\/strong>: elle prend appui sur les traces du dossier num\u00e9rique de la personne candidate portant sur :<\/p>\n\n\n\n<ul><li>l\u2019accompagnement sur un service applicatif ;<\/li><li>la sensibilisation \u00e0 la s\u00e9curit\u00e9 informatique et\/ou \u00e0 la protection des donn\u00e9es \u00e0 caract\u00e8re personnel.<\/li><\/ul>\n\n\n\n<p><strong>Situation B : <\/strong>elle prend appui sur une documentation en langue anglaise fournie par l\u2019\u00e9quipe p\u00e9dagogique.<\/p>\n\n\n\n<p>.<\/p>\n\n\n\n<h4 class=\"wp-block-heading\"><em><span style=\"color:#0693e3\" class=\"tadv-color\">D\u00e9roulement<\/span><\/em><\/h4>\n\n\n\n<h5 class=\"has-black-color has-text-color wp-block-heading\">Situation A : \u00e9valuation des productions num\u00e9riques de la personne candidate<\/h5>\n\n\n\n<p>La commission d\u2019\u00e9valuation se r\u00e9unit pour examiner le dossier num\u00e9rique de la personne candidate et \u00e9valuer les productions num\u00e9riques en dehors de sa pr\u00e9sence.<\/p>\n\n\n\n<h5 class=\"has-black-color has-text-color wp-block-heading\">Situation B : production d\u2019une ressource par la personne candidate (pr\u00e9paration de 2h + entretien de 20 min maximum)<\/h5>\n\n\n\n<p>La situation se d\u00e9roule dans l&rsquo;\u00e9tablissement de formation de la personne candidate.<\/p>\n\n\n\n<p>La personne candidate dispose de deux heures pour produire une ressource num\u00e9rique en fran\u00e7ais \u00e0 partir d\u2019une documentation en langue anglaise. S\u2019ensuit un entretien de 20 minutes avec le jury sur la base de la ressource produite.<\/p>\n\n\n\n<p>.<\/p>\n\n\n\n<h4 class=\"has-vivid-cyan-blue-color has-text-color wp-block-heading\"><em>Composition de la commission d\u2019\u00e9valuation<\/em><\/h4>\n\n\n\n<p>La commission d\u2019\u00e9valuation est compos\u00e9e de deux membres de l\u2019\u00e9quipe p\u00e9dagogique ayant eu la personne candidate en formation.<\/p>\n\n\n\n<p>.<\/p>\n\n\n\n<h4 class=\"has-vivid-cyan-blue-color has-text-color wp-block-heading\"><em>Communication des \u00e9l\u00e9ments d&rsquo;\u00e9valuation au jury<\/em><\/h4>\n\n\n\n<p>\u00c0 l\u2019issue de la situation d\u2019\u00e9valuation, la commission d\u2019\u00e9valuation compl\u00e8te la grille d\u2019aide \u00e0 l\u2019\u00e9valuation, dont le mod\u00e8le est fourni par la circulaire nationale d\u2019organisation, et propose au jury final une note sur 20. La proposition de note ne doit pas \u00eatre communiqu\u00e9e \u00e0 la personne candidate.<\/p>\n\n\n\n<p>.<\/p>\n\n\n\n<h3 class=\"wp-block-heading\">B \u2013 Forme ponctuelle<\/h3>\n\n\n\n<p>\u00c9PREUVE PRATIQUE ORALE \u2013 Dur\u00e9e : 2h et 30 min<\/p>\n\n\n\n<p>L\u2019\u00e9preuve prend appui :<\/p>\n\n\n\n<ul><li>sur le dossier num\u00e9rique de la personne candidate qui recense les travaux r\u00e9alis\u00e9s pour les activit\u00e9s suivantes :<ul><li>l\u2019accompagnement des utilisateurs dans les usages d\u2019un service applicatif ;<\/li><li>la sensibilisation \u00e0 la s\u00e9curit\u00e9 informatique et\/ou \u00e0 la protection des donn\u00e9es \u00e0 caract\u00e8re personnel ;<\/li><\/ul><\/li><li>sur une documentation en langue anglaise fournie par la commission d\u2019interrogation.<\/li><\/ul>\n\n\n\n<p>.<\/p>\n\n\n\n<h4 class=\"has-vivid-cyan-blue-color has-text-color wp-block-heading\"><em>D\u00e9roulement<\/em><\/h4>\n\n\n\n<p>L&rsquo;\u00e9preuve se d\u00e9roule en deux phases.<\/p>\n\n\n\n<h5 class=\"has-black-color has-text-color wp-block-heading\">Phase A : production d\u2019une ressource par la personne candidate (2h)<\/h5>\n\n\n\n<p>La personne candidate dispose de deux heures pour produire une ressource num\u00e9rique en fran\u00e7ais \u00e0 partir d\u2019une documentation en langue anglaise. L\u2019\u00e9quipement mis \u00e0 disposition de la personne candidate sera pr\u00e9cis\u00e9 dans la circulation acad\u00e9mique d\u2019organisation de l\u2019examen.<\/p>\n\n\n\n<h5 class=\"has-black-color has-text-color wp-block-heading\">Phase B : entretien avec le jury (30 min maximum)<\/h5>\n\n\n\n<p>L\u2019entretien porte \u00e0 la fois sur la ressource produite et le dossier num\u00e9rique de la personne candidate qui t\u00e9moigne de son analyse r\u00e9flexive quant aux connaissances et aux comp\u00e9tences acquises.<\/p>\n\n\n\n<p>.<\/p>\n\n\n\n<h4 class=\"has-vivid-cyan-blue-color has-text-color wp-block-heading\"><em>Composition de la commission d\u2019\u00e9valuation<\/em><\/h4>\n\n\n\n<p>La commission d\u2019\u00e9valuation est compos\u00e9e de deux personnes enseignantes ou formatrices ayant en charge la formation au bloc 3 \u00ab Accompagner les utilisateurs aux usages du num\u00e9rique \u00bb.<\/p>\n\n\n\n<p>.<\/p>\n\n\n\n<h4 class=\"has-vivid-cyan-blue-color has-text-color wp-block-heading\"><em>Communication des \u00e9l\u00e9ments d&rsquo;\u00e9valuation au jury<\/em><\/h4>\n\n\n\n<p>\u00c0 l\u2019issue de l\u2019\u00e9preuve, la commission d\u2019\u00e9valuation compl\u00e8te la grille d\u2019aide \u00e0 l\u2019\u00e9valuation, dont le mod\u00e8le est fourni par la circulaire nationale d\u2019organisation, et propose au jury final une note sur 20. La proposition de note ne doit pas \u00eatre communiqu\u00e9e \u00e0 la personne candidate.<\/p>\n\n\n\n<p><\/p>\n","protected":false},"excerpt":{"rendered":"<p>Coefficient 6 . Finalit\u00e9s et objectifs L&rsquo;\u00e9preuve vise \u00e0 \u00e9valuer l\u2019acquisition des comp\u00e9tences du bloc 3 \u00ab Accompagner les utilisateurs aux usages du num\u00e9rique \u00bb, \u00e0 savoir : soutenir les utilisateurs dans les usages des applications et services num\u00e9riques ; sensibiliser les utilisateurs \u00e0 la s\u00e9curit\u00e9 informatique et \u00e0 la protection des donn\u00e9es \u00e0 caract\u00e8re [&hellip;]<\/p>\n","protected":false},"author":1,"featured_media":0,"parent":0,"menu_order":0,"comment_status":"closed","ping_status":"closed","template":"","meta":{"footnotes":""},"_links":{"self":[{"href":"https:\/\/www.cerpeg.fr\/mcsno\/wp-json\/wp\/v2\/pages\/934"}],"collection":[{"href":"https:\/\/www.cerpeg.fr\/mcsno\/wp-json\/wp\/v2\/pages"}],"about":[{"href":"https:\/\/www.cerpeg.fr\/mcsno\/wp-json\/wp\/v2\/types\/page"}],"author":[{"embeddable":true,"href":"https:\/\/www.cerpeg.fr\/mcsno\/wp-json\/wp\/v2\/users\/1"}],"replies":[{"embeddable":true,"href":"https:\/\/www.cerpeg.fr\/mcsno\/wp-json\/wp\/v2\/comments?post=934"}],"version-history":[{"count":10,"href":"https:\/\/www.cerpeg.fr\/mcsno\/wp-json\/wp\/v2\/pages\/934\/revisions"}],"predecessor-version":[{"id":1079,"href":"https:\/\/www.cerpeg.fr\/mcsno\/wp-json\/wp\/v2\/pages\/934\/revisions\/1079"}],"wp:attachment":[{"href":"https:\/\/www.cerpeg.fr\/mcsno\/wp-json\/wp\/v2\/media?parent=934"}],"curies":[{"name":"wp","href":"https:\/\/api.w.org\/{rel}","templated":true}]}}