{"id":513,"date":"2021-02-28T06:57:58","date_gmt":"2021-02-28T05:57:58","guid":{"rendered":"http:\/\/www.cerpeg.fr\/bcpagora\/?page_id=513"},"modified":"2022-12-22T11:47:24","modified_gmt":"2022-12-22T10:47:24","slug":"epreuves-dexamen","status":"publish","type":"page","link":"https:\/\/www.cerpeg.fr\/mcvca\/epreuves-dexamen\/","title":{"rendered":"\u00c9preuves d&rsquo;examen (statut scolaire)"},"content":{"rendered":"\n<p><em>Candidat sous statut scolaire dans un \u00e9tablissement public ou priv\u00e9 sous contrat<\/em>. <\/p>\n\n\n\n<p><em>Apprenti dans un CFA ou section d\u2019apprentissage habilit\u00e9 \u00e0 pratiquer le CCF<\/em><\/p>\n\n\n\n<p><em>Candidat de la formation professionnelle continue dans un \u00e9tablissement public<\/em><\/p>\n\n\n\n\n\n<figure class=\"wp-block-table is-style-regular\">\n<table style=\"width: 100%; height: 227px;\">\n<thead>\n<tr style=\"height: 60px;\">\n<td class=\"has-text-align-left\" style=\"width: 71.4286%; background-color: #62bef0; height: 52px; text-align: center;\" data-align=\"left\"><span style=\"color: #ffffff;\"><strong>\u00c9preuves<\/strong><\/span><\/td>\n<td style=\"width: 10%; background-color: #62bef0; height: 52px; text-align: center;\"><strong><span style=\"color: #ffffff;\">Coef.<\/span><\/strong><\/td>\n<td style=\"width: 10%; background-color: #62bef0; height: 52px; text-align: center;\"><strong><span style=\"color: #ffffff;\">Mode<\/span><\/strong><\/td>\n<\/tr>\n<\/thead>\n<tbody>\n<tr style=\"height: 38px;\">\n<td class=\"has-text-align-left\" style=\"width: 71.4286%; height: 38px;\" data-align=\"left\"><strong>E1 \u2013 Valorisation de l\u2019offre de produits alimentaires dans le cadre d\u2019une d\u00e9marche qualit\u00e9<br \/><\/strong><\/td>\n<td style=\"width: 10%; height: 38px; text-align: center;\"><strong>6<\/strong><\/td>\n<td style=\"width: 10%; height: 38px; text-align: center;\">\n<p>CCF<\/p>\n<\/td>\n<\/tr>\n<tr style=\"height: 79px;\">\n<td class=\"has-text-align-left\" style=\"width: 71.4286%; height: 79px;\" data-align=\"left\"><strong>E2 \u2013 Mise en oeuvre, personnalisation et d\u00e9veloppement de la relation client<\/strong><\/td>\n<td style=\"width: 10%; height: 79px; text-align: center;\"><strong>6<\/strong><\/td>\n<td style=\"width: 10%; height: 79px; text-align: center;\">\n<p>CCF<\/p>\n<\/td>\n<\/tr>\n<\/tbody>\n<\/table>\n<\/figure>\n\n\n\n<div class=\"wp-block-columns is-layout-flex wp-container-core-columns-is-layout-1 wp-block-columns-is-layout-flex\">\n<div class=\"wp-block-column is-layout-flow wp-block-column-is-layout-flow\" style=\"flex-basis:100%\"><\/div>\n<\/div>\n","protected":false},"excerpt":{"rendered":"<p>Candidat sous statut scolaire dans un \u00e9tablissement public ou priv\u00e9 sous contrat. Apprenti dans un CFA ou section d\u2019apprentissage habilit\u00e9 \u00e0 pratiquer le CCF Candidat de la formation professionnelle continue dans un \u00e9tablissement public \u00c9preuves Coef. Mode E1 \u2013 Valorisation de l\u2019offre de produits alimentaires dans le cadre d\u2019une d\u00e9marche qualit\u00e9 6 CCF E2 \u2013 [&hellip;]<\/p>\n","protected":false},"author":1,"featured_media":0,"parent":0,"menu_order":0,"comment_status":"closed","ping_status":"closed","template":"","meta":{"footnotes":""},"_links":{"self":[{"href":"https:\/\/www.cerpeg.fr\/mcvca\/wp-json\/wp\/v2\/pages\/513"}],"collection":[{"href":"https:\/\/www.cerpeg.fr\/mcvca\/wp-json\/wp\/v2\/pages"}],"about":[{"href":"https:\/\/www.cerpeg.fr\/mcvca\/wp-json\/wp\/v2\/types\/page"}],"author":[{"embeddable":true,"href":"https:\/\/www.cerpeg.fr\/mcvca\/wp-json\/wp\/v2\/users\/1"}],"replies":[{"embeddable":true,"href":"https:\/\/www.cerpeg.fr\/mcvca\/wp-json\/wp\/v2\/comments?post=513"}],"version-history":[{"count":42,"href":"https:\/\/www.cerpeg.fr\/mcvca\/wp-json\/wp\/v2\/pages\/513\/revisions"}],"predecessor-version":[{"id":1504,"href":"https:\/\/www.cerpeg.fr\/mcvca\/wp-json\/wp\/v2\/pages\/513\/revisions\/1504"}],"wp:attachment":[{"href":"https:\/\/www.cerpeg.fr\/mcvca\/wp-json\/wp\/v2\/media?parent=513"}],"curies":[{"name":"wp","href":"https:\/\/api.w.org\/{rel}","templated":true}]}}